{"id":1386,"date":"2024-12-24T12:08:20","date_gmt":"2024-12-24T11:08:20","guid":{"rendered":"https:\/\/etxebetea.com\/ainhoa-rodriguez\/"},"modified":"2024-12-27T15:20:50","modified_gmt":"2024-12-27T14:20:50","slug":"ainhoa-rodriguez","status":"publish","type":"page","link":"https:\/\/etxebetea.com\/en\/ainhoa-rodriguez\/","title":{"rendered":"Ainhoa Rodr\u00edguez"},"content":{"rendered":"\n<div class=\"wp-block-columns are-vertically-aligned-center cabecera--small is-layout-flex wp-container-core-columns-is-layout-9d6595d7 wp-block-columns-is-layout-flex\" id=\"cabecera\">\n<div class=\"wp-block-column is-vertically-aligned-center is-layout-flow wp-block-column-is-layout-flow\" style=\"flex-basis:45%\">\n<figure class=\"wp-block-image alignfull size-full\"><img loading=\"lazy\" decoding=\"async\" width=\"697\" height=\"655\" src=\"https:\/\/etxebetea.com\/wp-content\/uploads\/2024\/12\/ainhoa-rodriguez.jpg\" alt=\"Ainhoa Rodr\u00edguez\" class=\"wp-image-924\" srcset=\"https:\/\/etxebetea.com\/wp-content\/uploads\/2024\/12\/ainhoa-rodriguez.jpg 697w, https:\/\/etxebetea.com\/wp-content\/uploads\/2024\/12\/ainhoa-rodriguez-300x282.jpg 300w\" sizes=\"auto, (max-width: 697px) 100vw, 697px\" \/><\/figure>\n<\/div>\n\n\n\n<div class=\"wp-block-column is-vertically-aligned-center is-layout-flow wp-block-column-is-layout-flow\" style=\"flex-basis:55%\">\n<h1 class=\"wp-block-heading\">Ainhoa Rodr\u00edguez<\/h1>\n\n\n\n<p class=\"link-arrow\"><a href=\"https:\/\/etxebetea.com\/en\/una-habitacion-propia\/\" data-type=\"page\" data-id=\"1258\">A room of one&#8217;s own<\/a><\/p>\n<\/div>\n<\/div>\n\n\n\n<div style=\"height:5vh\" aria-hidden=\"true\" class=\"wp-block-spacer\"><\/div>\n\n\n\n<div class=\"wp-block-columns is-layout-flex wp-container-core-columns-is-layout-9d6595d7 wp-block-columns-is-layout-flex\">\n<div class=\"wp-block-column is-layout-flow wp-block-column-is-layout-flow\" style=\"flex-basis:10%\"><\/div>\n\n\n\n<div class=\"wp-block-column is-layout-flow wp-block-column-is-layout-flow\" style=\"flex-basis:90%\">\n<p><strong>Ainhoa Rodr\u00edguez<\/strong> is a film director and producer. She holds a PhD in Film Analysis. Her first feature film, Destello Brav\u00edo (2021), premiered in the Official Tiger Competition at the International Film Festival Rotterdam, and was part of the New Directors \/ New Films in NY selection, organised by MoMA and Film at Lincoln Center on its 50th Anniversary. As a director, she won the awards for Best Director at the 26th Vilnius IFF, Best Director at the 23rd SIWFF and won the Violette D\u2019Or at the Cinespa\u00f1a Toulose Festival, among others. The film has been selected for festivals such as Moscow, Shanghai, FICUNAM (Mexico City), Thessaloniki and the Mostra de Sa\u00f4 Paulo. <\/p>\n\n\n\n<p><em>\u201cA beautiful space in the centre of Bilbao, where there are many creative and charming women who support us and where you are living together. It has been a very warm and beautiful experience\u201d.<\/em><\/p>\n<\/div>\n<\/div>\n\n\n\n<div style=\"height:10vh\" aria-hidden=\"true\" class=\"wp-block-spacer\"><\/div>\n\n\n\n<div id=\"block-marquee-block_8772d14e1efc674ac0890283aae56fc9\" class=\"cc-block-marquee alignfull\" >\n\n    <div class=\"cc-block-marquee-wrapper\">\n\n        <a href=\"https:\/\/etxebetea.com\/en\/\" >Return to the home of ETXE BETEA<\/a>\n\n    <\/div><!-- .cc-block-marquee-wrapper -->\n<\/div>","protected":false},"excerpt":{"rendered":"<p>Ainhoa Rodr\u00edguez A room of one&#8217;s own Ainhoa Rodr\u00edguez is a film director and producer. She holds a PhD in Film Analysis. Her first feature film, Destello Brav\u00edo (2021), premiered in the Official Tiger Competition at the International Film Festival Rotterdam, and was part of the New Directors \/ New Films in NY selection, organised [&hellip;]<\/p>\n","protected":false},"author":3,"featured_media":0,"parent":0,"menu_order":0,"comment_status":"closed","ping_status":"closed","template":"","meta":{"_acf_changed":false,"inline_featured_image":false,"_genesis_hide_title":true,"_genesis_hide_breadcrumbs":false,"_genesis_hide_singular_image":false,"_genesis_hide_footer_widgets":false,"_genesis_custom_body_class":"","_genesis_custom_post_class":"","_genesis_layout":"","footnotes":""},"class_list":{"0":"post-1386","1":"page","2":"type-page","3":"status-publish","5":"entry"},"acf":[],"_links":{"self":[{"href":"https:\/\/etxebetea.com\/en\/wp-json\/wp\/v2\/pages\/1386","targetHints":{"allow":["GET"]}}],"collection":[{"href":"https:\/\/etxebetea.com\/en\/wp-json\/wp\/v2\/pages"}],"about":[{"href":"https:\/\/etxebetea.com\/en\/wp-json\/wp\/v2\/types\/page"}],"author":[{"embeddable":true,"href":"https:\/\/etxebetea.com\/en\/wp-json\/wp\/v2\/users\/3"}],"replies":[{"embeddable":true,"href":"https:\/\/etxebetea.com\/en\/wp-json\/wp\/v2\/comments?post=1386"}],"version-history":[{"count":2,"href":"https:\/\/etxebetea.com\/en\/wp-json\/wp\/v2\/pages\/1386\/revisions"}],"predecessor-version":[{"id":1606,"href":"https:\/\/etxebetea.com\/en\/wp-json\/wp\/v2\/pages\/1386\/revisions\/1606"}],"wp:attachment":[{"href":"https:\/\/etxebetea.com\/en\/wp-json\/wp\/v2\/media?parent=1386"}],"curies":[{"name":"wp","href":"https:\/\/api.w.org\/{rel}","templated":true}]}}