{"id":1417,"date":"2024-12-24T10:39:13","date_gmt":"2024-12-24T09:39:13","guid":{"rendered":"https:\/\/etxebetea.com\/monica-cambra-dominguez\/"},"modified":"2024-12-30T07:55:22","modified_gmt":"2024-12-30T06:55:22","slug":"monica-cambra-dominguez","status":"publish","type":"page","link":"https:\/\/etxebetea.com\/en\/monica-cambra-dominguez\/","title":{"rendered":"M\u00f2nica Cambra Dom\u00ednguez"},"content":{"rendered":"\n<div class=\"wp-block-columns are-vertically-aligned-center cabecera--small is-layout-flex wp-container-core-columns-is-layout-9d6595d7 wp-block-columns-is-layout-flex\" id=\"cabecera\">\n<div class=\"wp-block-column is-vertically-aligned-center is-layout-flow wp-block-column-is-layout-flow\" style=\"flex-basis:45%\">\n<figure class=\"wp-block-image alignfull size-full\"><img loading=\"lazy\" decoding=\"async\" width=\"697\" height=\"655\" src=\"https:\/\/etxebetea.com\/wp-content\/uploads\/2024\/12\/monica-cambra-dominguez-.jpg\" alt=\"M\u00f2nica Cambra Dom\u00ednguez\" class=\"wp-image-963\" srcset=\"https:\/\/etxebetea.com\/wp-content\/uploads\/2024\/12\/monica-cambra-dominguez-.jpg 697w, https:\/\/etxebetea.com\/wp-content\/uploads\/2024\/12\/monica-cambra-dominguez--300x282.jpg 300w\" sizes=\"auto, (max-width: 697px) 100vw, 697px\" \/><\/figure>\n<\/div>\n\n\n\n<div class=\"wp-block-column is-vertically-aligned-center is-layout-flow wp-block-column-is-layout-flow\" style=\"flex-basis:55%\">\n<h1 class=\"wp-block-heading\">M\u00f2nica Cambra Dom\u00ednguez<\/h1>\n\n\n\n<p class=\"link-arrow\"><a href=\"https:\/\/etxebetea.com\/en\/elkarrekin-sortzen\/\" data-type=\"page\" data-id=\"1476\">Elkarrekin Sortzen<\/a><\/p>\n<\/div>\n<\/div>\n\n\n\n<div style=\"height:5vh\" aria-hidden=\"true\" class=\"wp-block-spacer\"><\/div>\n\n\n\n<div class=\"wp-block-columns is-layout-flex wp-container-core-columns-is-layout-9d6595d7 wp-block-columns-is-layout-flex\">\n<div class=\"wp-block-column is-layout-flow wp-block-column-is-layout-flow\" style=\"flex-basis:10%\"><\/div>\n\n\n\n<div class=\"wp-block-column is-layout-flow wp-block-column-is-layout-flow\" style=\"flex-basis:90%\">\n<p>M\u00f2nica Cambra Dom\u00ednguez (Cambrils, Tarragona) graduated in Audiovisual Communication at the Pompeu Fabra University in Barcelona and specialised in film editing at the BSM-UPF. She currently lives in San Sebastian and combines her work as an editor with creative studies at the El\u00edas Querejeta Zine Eskola.<\/p>\n\n\n\n<p>She is co-director and co-editor of the feature film Un sol radiant (2023), winner of the Talents Award at the D&#8217;A Film Festival 2023 and winner of the Best Screenplay for a Spanish Film Award at the FICX 2023. He has also directed the documentary short film Mareas Ocultas (2019), winner of the DocsBarcelona 2020 festival. <\/p>\n\n\n\n<p>In recent years she has worked as an editor on several feature films, short films, music videos and experimental pieces, as a scriptwriter on the film Estrany riu by Jaume Claret Muxart, postproduction coordinator at Oberon Media and teacher in film and image analysis courses<\/p>\n<\/div>\n<\/div>\n\n\n\n<div style=\"height:10vh\" aria-hidden=\"true\" class=\"wp-block-spacer\"><\/div>\n\n\n\n<div id=\"block-marquee-block_44815de6c6ac98a8d9c15e8f718cb2a6\" class=\"cc-block-marquee alignfull\" >\n\n    <div class=\"cc-block-marquee-wrapper\">\n\n        <a href=\"https:\/\/etxebetea.com\/en\/\" >Return to the home of ETXE BETEA<\/a>\n\n    <\/div><!-- .cc-block-marquee-wrapper -->\n<\/div>","protected":false},"excerpt":{"rendered":"<p>M\u00f2nica Cambra Dom\u00ednguez Elkarrekin Sortzen M\u00f2nica Cambra Dom\u00ednguez (Cambrils, Tarragona) graduated in Audiovisual Communication at the Pompeu Fabra University in Barcelona and specialised in film editing at the BSM-UPF. She currently lives in San Sebastian and combines her work as an editor with creative studies at the El\u00edas Querejeta Zine Eskola. She is co-director and [&hellip;]<\/p>\n","protected":false},"author":3,"featured_media":0,"parent":0,"menu_order":0,"comment_status":"closed","ping_status":"closed","template":"","meta":{"_acf_changed":false,"inline_featured_image":false,"_genesis_hide_title":true,"_genesis_hide_breadcrumbs":false,"_genesis_hide_singular_image":false,"_genesis_hide_footer_widgets":false,"_genesis_custom_body_class":"","_genesis_custom_post_class":"","_genesis_layout":"","footnotes":""},"class_list":{"0":"post-1417","1":"page","2":"type-page","3":"status-publish","5":"entry"},"acf":[],"_links":{"self":[{"href":"https:\/\/etxebetea.com\/en\/wp-json\/wp\/v2\/pages\/1417","targetHints":{"allow":["GET"]}}],"collection":[{"href":"https:\/\/etxebetea.com\/en\/wp-json\/wp\/v2\/pages"}],"about":[{"href":"https:\/\/etxebetea.com\/en\/wp-json\/wp\/v2\/types\/page"}],"author":[{"embeddable":true,"href":"https:\/\/etxebetea.com\/en\/wp-json\/wp\/v2\/users\/3"}],"replies":[{"embeddable":true,"href":"https:\/\/etxebetea.com\/en\/wp-json\/wp\/v2\/comments?post=1417"}],"version-history":[{"count":3,"href":"https:\/\/etxebetea.com\/en\/wp-json\/wp\/v2\/pages\/1417\/revisions"}],"predecessor-version":[{"id":1655,"href":"https:\/\/etxebetea.com\/en\/wp-json\/wp\/v2\/pages\/1417\/revisions\/1655"}],"wp:attachment":[{"href":"https:\/\/etxebetea.com\/en\/wp-json\/wp\/v2\/media?parent=1417"}],"curies":[{"name":"wp","href":"https:\/\/api.w.org\/{rel}","templated":true}]}}