{"id":2294,"date":"2025-12-03T11:03:32","date_gmt":"2025-12-03T10:03:32","guid":{"rendered":"https:\/\/etxebetea.com\/ana-serna\/"},"modified":"2026-02-06T14:32:52","modified_gmt":"2026-02-06T13:32:52","slug":"ana-serna","status":"publish","type":"page","link":"https:\/\/etxebetea.com\/en\/ana-serna\/","title":{"rendered":"Ana Serna"},"content":{"rendered":"\n<div class=\"wp-block-columns are-vertically-aligned-center cabecera--small is-layout-flex wp-container-core-columns-is-layout-9d6595d7 wp-block-columns-is-layout-flex\" id=\"cabecera\">\n<div class=\"wp-block-column is-vertically-aligned-center is-layout-flow wp-block-column-is-layout-flow\" style=\"flex-basis:45%\">\n<figure class=\"wp-block-image alignfull size-full\"><img loading=\"lazy\" decoding=\"async\" width=\"697\" height=\"655\" src=\"https:\/\/etxebetea.com\/wp-content\/uploads\/2025\/12\/ana-serna.jpg\" alt=\"\" class=\"wp-image-2230\" srcset=\"https:\/\/etxebetea.com\/wp-content\/uploads\/2025\/12\/ana-serna.jpg 697w, https:\/\/etxebetea.com\/wp-content\/uploads\/2025\/12\/ana-serna-300x282.jpg 300w\" sizes=\"auto, (max-width: 697px) 100vw, 697px\" \/><\/figure>\n<\/div>\n\n\n\n<div class=\"wp-block-column is-vertically-aligned-center is-layout-flow wp-block-column-is-layout-flow\" style=\"flex-basis:55%\">\n<h1 class=\"wp-block-heading\">Ana Serna<\/h1>\n\n\n\n<p class=\"link-arrow\"><a href=\"https:\/\/etxebetea.com\/en\/elkarrekin-sortzen\/\" data-type=\"page\" data-id=\"625\">Elkarrekin Sortzen<\/a><\/p>\n<\/div>\n<\/div>\n\n\n\n<div style=\"height:5vh\" aria-hidden=\"true\" class=\"wp-block-spacer\"><\/div>\n\n\n\n<div class=\"wp-block-columns is-layout-flex wp-container-core-columns-is-layout-9d6595d7 wp-block-columns-is-layout-flex\">\n<div class=\"wp-block-column is-layout-flow wp-block-column-is-layout-flow\" style=\"flex-basis:10%\"><\/div>\n\n\n\n<div class=\"wp-block-column is-layout-flow wp-block-column-is-layout-flow\" style=\"flex-basis:90%\">\n<p>Ana Serna Reinares (Bilbao, 1988) is a producer, screenwriter and director. She entered the world of advertising and film, specialising in production and direction with production companies such as Morituri, Basque Films, MOD, Kowalski, Pokeepsie and Irusoin, among others. In recent years, she has worked on location design with directors such as Alauda Ru\u00edz de Az\u00faa (Querer, Los Domingos) and Ic\u00edar Bolla\u00edn (Soy Nevenka). In parallel with film and advertising production, she decided to launch herself into entrepreneurship, co-creating the cultural production company Histeria Kolektiboa in 2012 and Al Borde films in 2015. Within the production company, she has participated in the writing and directing of documentaries such as Norte Salvaje, Lanbroa, Fabricando mujeres, El aleteo de la mariposa and Solo son peces, which was nominated for a Goya Award and won the Grand Prize for Spanish Cinema at Zinebi in 2020.<\/p>\n<\/div>\n<\/div>\n\n\n\n<div style=\"height:10vh\" aria-hidden=\"true\" class=\"wp-block-spacer\"><\/div>\n\n\n\n<div id=\"block-marquee-block_27250a5130831b3331f85282d2e49ccd\" class=\"cc-block-marquee alignfull\" >\n\n    <div class=\"cc-block-marquee-wrapper\">\n\n        <a href=\"https:\/\/etxebetea.com\/es\/\" >Vuelve al inicio de ETXE BETEA<\/a>\n\n    <\/div><!-- .cc-block-marquee-wrapper -->\n<\/div>","protected":false},"excerpt":{"rendered":"<p>Ana Serna Elkarrekin Sortzen Ana Serna Reinares (Bilbao, 1988) is a producer, screenwriter and director. She entered the world of advertising and film, specialising in production and direction with production companies such as Morituri, Basque Films, MOD, Kowalski, Pokeepsie and Irusoin, among others. In recent years, she has worked on location design with directors such [&hellip;]<\/p>\n","protected":false},"author":2,"featured_media":0,"parent":0,"menu_order":0,"comment_status":"closed","ping_status":"closed","template":"","meta":{"_acf_changed":false,"inline_featured_image":false,"_genesis_hide_title":true,"_genesis_hide_breadcrumbs":false,"_genesis_hide_singular_image":false,"_genesis_hide_footer_widgets":false,"_genesis_custom_body_class":"","_genesis_custom_post_class":"","_genesis_layout":"","footnotes":""},"class_list":{"0":"post-2294","1":"page","2":"type-page","3":"status-publish","5":"entry"},"acf":[],"_links":{"self":[{"href":"https:\/\/etxebetea.com\/en\/wp-json\/wp\/v2\/pages\/2294","targetHints":{"allow":["GET"]}}],"collection":[{"href":"https:\/\/etxebetea.com\/en\/wp-json\/wp\/v2\/pages"}],"about":[{"href":"https:\/\/etxebetea.com\/en\/wp-json\/wp\/v2\/types\/page"}],"author":[{"embeddable":true,"href":"https:\/\/etxebetea.com\/en\/wp-json\/wp\/v2\/users\/2"}],"replies":[{"embeddable":true,"href":"https:\/\/etxebetea.com\/en\/wp-json\/wp\/v2\/comments?post=2294"}],"version-history":[{"count":1,"href":"https:\/\/etxebetea.com\/en\/wp-json\/wp\/v2\/pages\/2294\/revisions"}],"predecessor-version":[{"id":2499,"href":"https:\/\/etxebetea.com\/en\/wp-json\/wp\/v2\/pages\/2294\/revisions\/2499"}],"wp:attachment":[{"href":"https:\/\/etxebetea.com\/en\/wp-json\/wp\/v2\/media?parent=2294"}],"curies":[{"name":"wp","href":"https:\/\/api.w.org\/{rel}","templated":true}]}}