{"id":2447,"date":"2025-12-03T10:35:03","date_gmt":"2025-12-03T09:35:03","guid":{"rendered":"https:\/\/etxebetea.com\/saioa-miguel\/"},"modified":"2026-02-06T14:28:19","modified_gmt":"2026-02-06T13:28:19","slug":"saioa-miguel","status":"publish","type":"page","link":"https:\/\/etxebetea.com\/en\/saioa-miguel\/","title":{"rendered":"Saioa Miguel"},"content":{"rendered":"\n<div class=\"wp-block-columns are-vertically-aligned-center cabecera--small is-layout-flex wp-container-core-columns-is-layout-9d6595d7 wp-block-columns-is-layout-flex\" id=\"cabecera\">\n<div class=\"wp-block-column is-vertically-aligned-center is-layout-flow wp-block-column-is-layout-flow\" style=\"flex-basis:45%\">\n<figure class=\"wp-block-image alignfull size-full\"><img loading=\"lazy\" decoding=\"async\" width=\"697\" height=\"655\" src=\"https:\/\/etxebetea.com\/wp-content\/uploads\/2025\/12\/saioa-migel.jpg\" alt=\"\" class=\"wp-image-2221\" srcset=\"https:\/\/etxebetea.com\/wp-content\/uploads\/2025\/12\/saioa-migel.jpg 697w, https:\/\/etxebetea.com\/wp-content\/uploads\/2025\/12\/saioa-migel-300x282.jpg 300w\" sizes=\"auto, (max-width: 697px) 100vw, 697px\" \/><\/figure>\n<\/div>\n\n\n\n<div class=\"wp-block-column is-vertically-aligned-center is-layout-flow wp-block-column-is-layout-flow\" style=\"flex-basis:55%\">\n<h1 class=\"wp-block-heading\">Saioa Miguel<\/h1>\n\n\n\n<p class=\"link-arrow\"><a href=\"https:\/\/etxebetea.com\/en\/elkarrekin-sortzen\/\" data-type=\"page\" data-id=\"625\">Elkarrekin Sortzen<\/a><\/p>\n<\/div>\n<\/div>\n\n\n\n<div style=\"height:5vh\" aria-hidden=\"true\" class=\"wp-block-spacer\"><\/div>\n\n\n\n<div class=\"wp-block-columns is-layout-flex wp-container-core-columns-is-layout-9d6595d7 wp-block-columns-is-layout-flex\">\n<div class=\"wp-block-column is-layout-flow wp-block-column-is-layout-flow\" style=\"flex-basis:10%\"><\/div>\n\n\n\n<div class=\"wp-block-column is-layout-flow wp-block-column-is-layout-flow\" style=\"flex-basis:90%\">\n<p>Saioa Miguel (Bilbao, 1994) is a Basque filmmaker and producer. With a diploma in Film Direction from the School of Arts (TAI) and specialising in Documentary and Experimental Film at the school (LAV), she furthered her training with a scholarship from the Fundaci\u00f3n Contempor\u00e1nea (La F\u00e1brica) to study a Master&#8217;s Degree in Cultural Project Management and a postgraduate degree in Film Curating at the El\u00edas Querejeta Zine Eskola (EQZE).<\/p>\n\n\n\n<p>She is currently developing her feature film project Leize, presented at Elkarrekin Sortzen, selected by Noka Creaci\u00f3n and awarded the D&#8217;A prize at Talentuen Gunea. She is the director of the short films Erik(a), a collage of film formats about the life of its protagonist, a trans man, which was part of the Zinegoak and M\u00e1rgenes festivals. Her latest short documentary, Gatz Harana, which focuses on the salt workers of the A\u00f1ana valleys, premiered at the San Sebastian Film Festival (Zinemaldi). In 2024, she received the Creation Award at the Zinebi International Documentary Festival for her work Piztiak.<\/p>\n\n\n\n<p>At the same time, she combines her audiovisual work with analogue photography and collage. That same year, she was selected to represent Bizkaia at the first Euskal Herria Photography Meeting, where she opened her first photographic exhibition dedicated to the Maskaradak and the context of her story Leize.<\/p>\n<\/div>\n<\/div>\n\n\n\n<div style=\"height:10vh\" aria-hidden=\"true\" class=\"wp-block-spacer\"><\/div>\n\n\n\n<div id=\"block-marquee-block_00296b6ad7239b187ea40bd76e907925\" class=\"cc-block-marquee alignfull\" >\n\n    <div class=\"cc-block-marquee-wrapper\">\n\n        <a href=\"https:\/\/etxebetea.com\/es\/\" >Vuelve al inicio de ETXE BETEA<\/a>\n\n    <\/div><!-- .cc-block-marquee-wrapper -->\n<\/div>","protected":false},"excerpt":{"rendered":"<p>Saioa Miguel Elkarrekin Sortzen Saioa Miguel (Bilbao, 1994) is a Basque filmmaker and producer. With a diploma in Film Direction from the School of Arts (TAI) and specialising in Documentary and Experimental Film at the school (LAV), she furthered her training with a scholarship from the Fundaci\u00f3n Contempor\u00e1nea (La F\u00e1brica) to study a Master&#8217;s Degree [&hellip;]<\/p>\n","protected":false},"author":2,"featured_media":0,"parent":0,"menu_order":0,"comment_status":"closed","ping_status":"closed","template":"","meta":{"_acf_changed":false,"inline_featured_image":false,"_genesis_hide_title":true,"_genesis_hide_breadcrumbs":false,"_genesis_hide_singular_image":false,"_genesis_hide_footer_widgets":false,"_genesis_custom_body_class":"","_genesis_custom_post_class":"","_genesis_layout":"","footnotes":""},"class_list":{"0":"post-2447","1":"page","2":"type-page","3":"status-publish","5":"entry"},"acf":[],"_links":{"self":[{"href":"https:\/\/etxebetea.com\/en\/wp-json\/wp\/v2\/pages\/2447","targetHints":{"allow":["GET"]}}],"collection":[{"href":"https:\/\/etxebetea.com\/en\/wp-json\/wp\/v2\/pages"}],"about":[{"href":"https:\/\/etxebetea.com\/en\/wp-json\/wp\/v2\/types\/page"}],"author":[{"embeddable":true,"href":"https:\/\/etxebetea.com\/en\/wp-json\/wp\/v2\/users\/2"}],"replies":[{"embeddable":true,"href":"https:\/\/etxebetea.com\/en\/wp-json\/wp\/v2\/comments?post=2447"}],"version-history":[{"count":1,"href":"https:\/\/etxebetea.com\/en\/wp-json\/wp\/v2\/pages\/2447\/revisions"}],"predecessor-version":[{"id":2493,"href":"https:\/\/etxebetea.com\/en\/wp-json\/wp\/v2\/pages\/2447\/revisions\/2493"}],"wp:attachment":[{"href":"https:\/\/etxebetea.com\/en\/wp-json\/wp\/v2\/media?parent=2447"}],"curies":[{"name":"wp","href":"https:\/\/api.w.org\/{rel}","templated":true}]}}