{"id":1004,"date":"2024-12-24T10:36:22","date_gmt":"2024-12-24T09:36:22","guid":{"rendered":"https:\/\/etxebetea.com\/?page_id=1004"},"modified":"2025-07-18T12:07:27","modified_gmt":"2025-07-18T11:07:27","slug":"tamara-lucarini","status":"publish","type":"page","link":"https:\/\/etxebetea.com\/es\/tamara-lucarini\/","title":{"rendered":"Tamara Lucarini"},"content":{"rendered":"\n<div class=\"wp-block-columns are-vertically-aligned-center cabecera--small is-layout-flex wp-container-core-columns-is-layout-9d6595d7 wp-block-columns-is-layout-flex\" id=\"cabecera\">\n<div class=\"wp-block-column is-vertically-aligned-center is-layout-flow wp-block-column-is-layout-flow\" style=\"flex-basis:45%\">\n<figure class=\"wp-block-image size-large\"><img loading=\"lazy\" decoding=\"async\" width=\"683\" height=\"1024\" src=\"https:\/\/etxebetea.com\/wp-content\/uploads\/2025\/06\/Foto-Tamara-1-683x1024.jpg\" alt=\"\" class=\"wp-image-1778\" srcset=\"https:\/\/etxebetea.com\/wp-content\/uploads\/2025\/06\/Foto-Tamara-1-683x1024.jpg 683w, https:\/\/etxebetea.com\/wp-content\/uploads\/2025\/06\/Foto-Tamara-1-200x300.jpg 200w, https:\/\/etxebetea.com\/wp-content\/uploads\/2025\/06\/Foto-Tamara-1-768x1152.jpg 768w, https:\/\/etxebetea.com\/wp-content\/uploads\/2025\/06\/Foto-Tamara-1-1024x1536.jpg 1024w, https:\/\/etxebetea.com\/wp-content\/uploads\/2025\/06\/Foto-Tamara-1-1365x2048.jpg 1365w, https:\/\/etxebetea.com\/wp-content\/uploads\/2025\/06\/Foto-Tamara-1-scaled.jpg 1707w\" sizes=\"auto, (max-width: 683px) 100vw, 683px\" \/><\/figure>\n<\/div>\n\n\n\n<div class=\"wp-block-column is-vertically-aligned-center is-layout-flow wp-block-column-is-layout-flow\" style=\"flex-basis:55%\">\n<h1 class=\"wp-block-heading\">Tamara Lucarini<\/h1>\n\n\n\n<p class=\"link-arrow\"><a href=\"https:\/\/etxebetea.com\/es\/una-habitacion-propia\/\" data-type=\"page\" data-id=\"623\">Una habitaci\u00f3n propia<\/a><\/p>\n\n\n\n<p class=\"link-arrow\"><a href=\"https:\/\/etxebetea.com\/es\/elkarrekin-sortzen\/\" data-type=\"page\" data-id=\"625\">Elkarrekin Sortzen<\/a><\/p>\n\n\n\n<p class=\"link-arrow\"><a href=\"https:\/\/etxebetea.com\/es\/two-week-international-residency\/\" data-type=\"page\" data-id=\"1920\">Two week international residency<\/a><\/p>\n<\/div>\n<\/div>\n\n\n\n<div style=\"height:5vh\" aria-hidden=\"true\" class=\"wp-block-spacer\"><\/div>\n\n\n\n<div class=\"wp-block-columns is-layout-flex wp-container-core-columns-is-layout-9d6595d7 wp-block-columns-is-layout-flex\">\n<div class=\"wp-block-column is-layout-flow wp-block-column-is-layout-flow\" style=\"flex-basis:10%\"><\/div>\n\n\n\n<div class=\"wp-block-column is-layout-flow wp-block-column-is-layout-flow\" style=\"flex-basis:90%\">\n<p>Licenciada en Ciencias Pol\u00edticas y de la Administraci\u00f3n en la UPV\/EHU, Universidad en la que termin\u00f3 por realizar a\u00f1os despu\u00e9s, tras una temporada por Europa, el M\u00e1ster en estudios feministas y de g\u00e9nero.<\/p>\n\n\n\n<p>Tamara Lucarini comienza su trayectoria audiovisual trabajando durante cuatro a\u00f1os en Banatu Filmak como distribuidora a cargo del cat\u00e1logo de cortometrajes. M\u00e1s tarde, en 2018 pudo realizar su primer cortometraje No es coma producido.<\/p>\n\n\n\n<p>Fue una de las participantes en la primera edici\u00f3n del programa de mentor\u00edas y acompa\u00f1amiento personalizado Noka (2019), con el proyecto documental El Peso. En 2021, fue la ganadora de la Beca del Mendi Film Festival con la cual ha realizado su segundo cortometraje Txango. Tambi\u00e9n en ese mismo a\u00f1o, fue seleccionada en Aukera, programa de mentor\u00edas para j\u00f3venes cineastas con el proyecto Prioridades, el cual gan\u00f3 el premio de 3.000 euros a mejor cortometraje y que ha rodado este a\u00f1o con las productoras Katz Estudio y Sakaya Producciones.<\/p>\n<\/div>\n<\/div>\n\n\n\n<div style=\"height:10vh\" aria-hidden=\"true\" class=\"wp-block-spacer\"><\/div>\n\n\n\n<div id=\"block-marquee-block_3f8a1a8314d6e41d9bc19bea59d23eac\" class=\"cc-block-marquee alignfull\" >\n\n    <div class=\"cc-block-marquee-wrapper\">\n\n        <a href=\"https:\/\/etxebetea.com\/es\/\" >Vuelve al inicio de ETXE BETEA<\/a>\n\n    <\/div><!-- .cc-block-marquee-wrapper -->\n<\/div>","protected":false},"excerpt":{"rendered":"<p>Tamara Lucarini Una habitaci\u00f3n propia Elkarrekin Sortzen Two week international residency Licenciada en Ciencias Pol\u00edticas y de la Administraci\u00f3n en la UPV\/EHU, Universidad en la que termin\u00f3 por realizar a\u00f1os despu\u00e9s, tras una temporada por Europa, el M\u00e1ster en estudios feministas y de g\u00e9nero. Tamara Lucarini comienza su trayectoria audiovisual trabajando durante cuatro a\u00f1os en [&hellip;]<\/p>\n","protected":false},"author":3,"featured_media":0,"parent":0,"menu_order":0,"comment_status":"closed","ping_status":"closed","template":"","meta":{"_acf_changed":false,"inline_featured_image":false,"_genesis_hide_title":true,"_genesis_hide_breadcrumbs":false,"_genesis_hide_singular_image":false,"_genesis_hide_footer_widgets":false,"_genesis_custom_body_class":"","_genesis_custom_post_class":"","_genesis_layout":"","footnotes":""},"class_list":{"0":"post-1004","1":"page","2":"type-page","3":"status-publish","5":"entry","6":"has-post-thumbnail"},"acf":[],"_links":{"self":[{"href":"https:\/\/etxebetea.com\/es\/wp-json\/wp\/v2\/pages\/1004","targetHints":{"allow":["GET"]}}],"collection":[{"href":"https:\/\/etxebetea.com\/es\/wp-json\/wp\/v2\/pages"}],"about":[{"href":"https:\/\/etxebetea.com\/es\/wp-json\/wp\/v2\/types\/page"}],"author":[{"embeddable":true,"href":"https:\/\/etxebetea.com\/es\/wp-json\/wp\/v2\/users\/3"}],"replies":[{"embeddable":true,"href":"https:\/\/etxebetea.com\/es\/wp-json\/wp\/v2\/comments?post=1004"}],"version-history":[{"count":7,"href":"https:\/\/etxebetea.com\/es\/wp-json\/wp\/v2\/pages\/1004\/revisions"}],"predecessor-version":[{"id":2007,"href":"https:\/\/etxebetea.com\/es\/wp-json\/wp\/v2\/pages\/1004\/revisions\/2007"}],"wp:attachment":[{"href":"https:\/\/etxebetea.com\/es\/wp-json\/wp\/v2\/media?parent=1004"}],"curies":[{"name":"wp","href":"https:\/\/api.w.org\/{rel}","templated":true}]}}