{"id":1008,"date":"2024-12-24T10:37:02","date_gmt":"2024-12-24T09:37:02","guid":{"rendered":"https:\/\/etxebetea.com\/?page_id=1008"},"modified":"2024-12-24T13:08:56","modified_gmt":"2024-12-24T12:08:56","slug":"lara-izagirre-2","status":"publish","type":"page","link":"https:\/\/etxebetea.com\/es\/lara-izagirre-2\/","title":{"rendered":"Lara Izagirre"},"content":{"rendered":"\n<div class=\"wp-block-columns are-vertically-aligned-center cabecera--small is-layout-flex wp-container-core-columns-is-layout-9d6595d7 wp-block-columns-is-layout-flex\" id=\"cabecera\">\n<div class=\"wp-block-column is-vertically-aligned-center is-layout-flow wp-block-column-is-layout-flow\" style=\"flex-basis:45%\">\n<figure class=\"wp-block-image alignfull size-full\"><img loading=\"lazy\" decoding=\"async\" width=\"697\" height=\"655\" src=\"https:\/\/etxebetea.com\/wp-content\/uploads\/2024\/12\/lara-izagirre.jpg\" alt=\"Lara Izagirre\" class=\"wp-image-945\" srcset=\"https:\/\/etxebetea.com\/wp-content\/uploads\/2024\/12\/lara-izagirre.jpg 697w, https:\/\/etxebetea.com\/wp-content\/uploads\/2024\/12\/lara-izagirre-300x282.jpg 300w\" sizes=\"auto, (max-width: 697px) 100vw, 697px\" \/><\/figure>\n<\/div>\n\n\n\n<div class=\"wp-block-column is-vertically-aligned-center is-layout-flow wp-block-column-is-layout-flow\" style=\"flex-basis:55%\">\n<h1 class=\"wp-block-heading\">Lara Izagirre<\/h1>\n\n\n\n<p class=\"link-arrow\"><a href=\"https:\/\/etxebetea.com\/es\/elkarrekin-sortzen\/\" data-type=\"page\" data-id=\"625\">Elkarrekin Sortzen<\/a><\/p>\n<\/div>\n<\/div>\n\n\n\n<div style=\"height:5vh\" aria-hidden=\"true\" class=\"wp-block-spacer\"><\/div>\n\n\n\n<div class=\"wp-block-columns is-layout-flex wp-container-core-columns-is-layout-9d6595d7 wp-block-columns-is-layout-flex\">\n<div class=\"wp-block-column is-layout-flow wp-block-column-is-layout-flow\" style=\"flex-basis:10%\"><\/div>\n\n\n\n<div class=\"wp-block-column is-layout-flow wp-block-column-is-layout-flow\" style=\"flex-basis:90%\">\n<p>Licenciada en Comunicaci\u00f3n Audiovisual en la UPV\/EHU en 2007. Tras finalizar la carrera se especializ\u00f3 en direcci\u00f3n de cine realizando el curso 1-Year Filmmaking Program, en la NYFA. A su vuelta al Pa\u00eds Vasco crea la productora&nbsp;Gariza Films&nbsp;en 2010. Entre el 2010 y el 2014 escribe y dirige cinco cortometrajes:<em>&nbsp;Bicycle<\/em><em> Poem<\/em>&nbsp;(2010),<em>&nbsp;Kea<\/em>&nbsp;(2012),&nbsp;<em>Next Stop:<\/em><em> Greenland<\/em>&nbsp;(2012),&nbsp;<em>Sormenaren Bide<\/em><em> Ezkutuak<\/em>&nbsp;(2013) y&nbsp;<em>Larroxa<\/em>&nbsp;(2013).<\/p>\n\n\n\n<p>En 2015 su \u00f3pera prima<em>\u00a0Un oto\u00f1o sin Berl\u00edn<\/em>\u00a0se estrena en el Festival de San Sebasti\u00e1n. Al a\u00f1o siguiente, la actriz protagonista Irene Escolar recibi\u00f3 el\u00a0Premio Goya, convirti\u00e9ndose en la mejor actriz revelaci\u00f3n del a\u00f1o. Su segundo largometraje,\u00a0<em>Nora<\/em>, se estren\u00f3 en 2020 en el Festival de San Sebasti\u00e1n. En los \u00faltimos a\u00f1os, Lara Izagirre ha producido diferentes proyectos liderados pormujeres, como\u00a0<em>Ya no duermo<\/em>\u00a0(2020) de Marina Palacio,<em>\u00a0Polvo Somos<\/em>\u00a0(2020)\u00a0de Estibaliz Urresola o\u00a0<em>Cuerdas<\/em>\u00a0(2022)\u00a0de Estibaliz Urresola estrenado en la Semaine de la Critique. El \u00faltimo largometraje que ha producido es la opera\u00a0prima de Estibaliz Urresola,\u00a0<em>20.000 especies de abejas<\/em>, que ha tenido su estreno en la Berlinale y ha sido galardonado con el Oso de Plata a Mejor Interpretaci\u00f3n para Sof\u00eda Otero.<\/p>\n<\/div>\n<\/div>\n\n\n\n<div style=\"height:10vh\" aria-hidden=\"true\" class=\"wp-block-spacer\"><\/div>\n\n\n\n<div id=\"block-marquee-block_47a10cd38d2b4d9b42170914615c0c7f\" class=\"cc-block-marquee alignfull\" >\n\n    <div class=\"cc-block-marquee-wrapper\">\n\n        <a href=\"https:\/\/etxebetea.com\/es\/\" >Vuelve al inicio de ETXE BETEA<\/a>\n\n    <\/div><!-- .cc-block-marquee-wrapper -->\n<\/div>","protected":false},"excerpt":{"rendered":"<p>Lara Izagirre Elkarrekin Sortzen Licenciada en Comunicaci\u00f3n Audiovisual en la UPV\/EHU en 2007. Tras finalizar la carrera se especializ\u00f3 en direcci\u00f3n de cine realizando el curso 1-Year Filmmaking Program, en la NYFA. A su vuelta al Pa\u00eds Vasco crea la productora&nbsp;Gariza Films&nbsp;en 2010. Entre el 2010 y el 2014 escribe y dirige cinco cortometrajes:&nbsp;Bicycle Poem&nbsp;(2010),&nbsp;Kea&nbsp;(2012),&nbsp;Next [&hellip;]<\/p>\n","protected":false},"author":3,"featured_media":0,"parent":0,"menu_order":0,"comment_status":"closed","ping_status":"closed","template":"","meta":{"_acf_changed":false,"inline_featured_image":false,"_genesis_hide_title":true,"_genesis_hide_breadcrumbs":false,"_genesis_hide_singular_image":false,"_genesis_hide_footer_widgets":false,"_genesis_custom_body_class":"","_genesis_custom_post_class":"","_genesis_layout":"","footnotes":""},"class_list":{"0":"post-1008","1":"page","2":"type-page","3":"status-publish","5":"entry"},"acf":[],"_links":{"self":[{"href":"https:\/\/etxebetea.com\/es\/wp-json\/wp\/v2\/pages\/1008","targetHints":{"allow":["GET"]}}],"collection":[{"href":"https:\/\/etxebetea.com\/es\/wp-json\/wp\/v2\/pages"}],"about":[{"href":"https:\/\/etxebetea.com\/es\/wp-json\/wp\/v2\/types\/page"}],"author":[{"embeddable":true,"href":"https:\/\/etxebetea.com\/es\/wp-json\/wp\/v2\/users\/3"}],"replies":[{"embeddable":true,"href":"https:\/\/etxebetea.com\/es\/wp-json\/wp\/v2\/comments?post=1008"}],"version-history":[{"count":4,"href":"https:\/\/etxebetea.com\/es\/wp-json\/wp\/v2\/pages\/1008\/revisions"}],"predecessor-version":[{"id":1208,"href":"https:\/\/etxebetea.com\/es\/wp-json\/wp\/v2\/pages\/1008\/revisions\/1208"}],"wp:attachment":[{"href":"https:\/\/etxebetea.com\/es\/wp-json\/wp\/v2\/media?parent=1008"}],"curies":[{"name":"wp","href":"https:\/\/api.w.org\/{rel}","templated":true}]}}