{"id":1010,"date":"2024-12-24T10:37:11","date_gmt":"2024-12-24T09:37:11","guid":{"rendered":"https:\/\/etxebetea.com\/?page_id=1010"},"modified":"2025-06-30T07:05:27","modified_gmt":"2025-06-30T06:05:27","slug":"naiara-carmona","status":"publish","type":"page","link":"https:\/\/etxebetea.com\/es\/naiara-carmona\/","title":{"rendered":"Naiara Carmona"},"content":{"rendered":"\n<div class=\"wp-block-columns are-vertically-aligned-center cabecera--small is-layout-flex wp-container-core-columns-is-layout-9d6595d7 wp-block-columns-is-layout-flex\" id=\"cabecera\">\n<div class=\"wp-block-column is-vertically-aligned-center is-layout-flow wp-block-column-is-layout-flow\" style=\"flex-basis:45%\">\n<figure class=\"wp-block-image alignfull size-full\"><img loading=\"lazy\" decoding=\"async\" width=\"697\" height=\"655\" src=\"https:\/\/etxebetea.com\/wp-content\/uploads\/2024\/12\/naiara-carmona.jpg\" alt=\"Naiara Carmona\" class=\"wp-image-969\" srcset=\"https:\/\/etxebetea.com\/wp-content\/uploads\/2024\/12\/naiara-carmona.jpg 697w, https:\/\/etxebetea.com\/wp-content\/uploads\/2024\/12\/naiara-carmona-300x282.jpg 300w\" sizes=\"auto, (max-width: 697px) 100vw, 697px\" \/><\/figure>\n<\/div>\n\n\n\n<div class=\"wp-block-column is-vertically-aligned-center is-layout-flow wp-block-column-is-layout-flow\" style=\"flex-basis:55%\">\n<h1 class=\"wp-block-heading\">Naiara Carmona<\/h1>\n\n\n\n<p class=\"link-arrow\"><a href=\"https:\/\/etxebetea.com\/es\/una-habitacion-propia\/\" data-type=\"page\" data-id=\"623\">Una habitaci\u00f3n propia<\/a><\/p>\n\n\n\n<p class=\"link-arrow\"><a href=\"https:\/\/etxebetea.com\/es\/elkarrekin-sortzen\/\" data-type=\"page\" data-id=\"625\">Elkarrekin Sortzen<\/a><\/p>\n<\/div>\n<\/div>\n\n\n\n<div style=\"height:5vh\" aria-hidden=\"true\" class=\"wp-block-spacer\"><\/div>\n\n\n\n<div class=\"wp-block-columns is-layout-flex wp-container-core-columns-is-layout-9d6595d7 wp-block-columns-is-layout-flex\">\n<div class=\"wp-block-column is-layout-flow wp-block-column-is-layout-flow\" style=\"flex-basis:10%\"><\/div>\n\n\n\n<div class=\"wp-block-column is-layout-flow wp-block-column-is-layout-flow\" style=\"flex-basis:90%\">\n<p>Naiara Carmona (Renter\u00eda 1985), actriz graduada en la Resad en la especialidad de Interpretaci\u00f3n Textual, ampl\u00eda su formaci\u00f3n de forma continuada como actriz y creadora, en talleres y cursos impartidos por profesionales de las artes esc\u00e9nicas durante m\u00e1s de 10 a\u00f1os. En cine trabaja como actriz en \u201c<em>Un&nbsp;oto\u00f1o sin Berl\u00edn<\/em>\u201d y&nbsp;<em>\u201cNora\u201d<\/em>, ambas pel\u00edculas dirigidas por Lara Izagirre. Tambi\u00e9n participa en&nbsp;<em>\u201cLa virgen de Agosto\u201d<\/em>&nbsp;y \u00abVolver\u00e9is\u00bb de Jon\u00e1s Trueba; en<em>&nbsp;\u201cSaben aquell\u2026\u201d y \u00abSiempre es invierno\u00bb<\/em>&nbsp;de David Trueba.<\/p>\n\n\n\n<p>En&nbsp;series, para distintas plataformas, participa en \u00abQuerer\u00bb de Alauda Ru\u00edz de Az\u00faa para Movistar+,&nbsp;<em>\u201cBalenciaga\u201d<\/em>&nbsp;de Jose Mari Goenaga, Aitor Arregi y Jon Gara\u00f1o para Disney+&nbsp;<em>\u201cLa l\u00ednea invisible\u201d<\/em>&nbsp;de Mariano Barroso para Movistar+, y&nbsp;<em>\u00abPatria\u00bb<\/em>&nbsp;para HBO, entre otras. Desde 2014 compagina su faceta como actriz, con la de coach actoral especializada en menores e int\u00e9rpretes noveles, en t\u00edtulos como \u00abCuerpo Escombro\u00bb de Curro Vel\u00e1zquez, \u00abEl Regalo\u00bb de Lara Izagirre, \u00ab20.000 especies de abejas\u00bb de Estibaliz Urresola o \u00abEl ni\u00f1o\u00bb de Mariano Barroso.&nbsp;&nbsp;<\/p>\n<\/div>\n<\/div>\n\n\n\n<div style=\"height:10vh\" aria-hidden=\"true\" class=\"wp-block-spacer\"><\/div>\n\n\n\n<div id=\"block-marquee-block_241e467a302fc1eb4eac72d7b1a7f2a5\" class=\"cc-block-marquee alignfull\" >\n\n    <div class=\"cc-block-marquee-wrapper\">\n\n        <a href=\"https:\/\/etxebetea.com\/es\/\" >Vuelve al inicio de ETXE BETEA<\/a>\n\n    <\/div><!-- .cc-block-marquee-wrapper -->\n<\/div>","protected":false},"excerpt":{"rendered":"<p>Naiara Carmona Una habitaci\u00f3n propia Elkarrekin Sortzen Naiara Carmona (Renter\u00eda 1985), actriz graduada en la Resad en la especialidad de Interpretaci\u00f3n Textual, ampl\u00eda su formaci\u00f3n de forma continuada como actriz y creadora, en talleres y cursos impartidos por profesionales de las artes esc\u00e9nicas durante m\u00e1s de 10 a\u00f1os. En cine trabaja como actriz en \u201cUn&nbsp;oto\u00f1o [&hellip;]<\/p>\n","protected":false},"author":3,"featured_media":0,"parent":0,"menu_order":0,"comment_status":"closed","ping_status":"closed","template":"","meta":{"_acf_changed":false,"inline_featured_image":false,"_genesis_hide_title":true,"_genesis_hide_breadcrumbs":false,"_genesis_hide_singular_image":false,"_genesis_hide_footer_widgets":false,"_genesis_custom_body_class":"","_genesis_custom_post_class":"","_genesis_layout":"","footnotes":""},"class_list":{"0":"post-1010","1":"page","2":"type-page","3":"status-publish","5":"entry"},"acf":[],"_links":{"self":[{"href":"https:\/\/etxebetea.com\/es\/wp-json\/wp\/v2\/pages\/1010","targetHints":{"allow":["GET"]}}],"collection":[{"href":"https:\/\/etxebetea.com\/es\/wp-json\/wp\/v2\/pages"}],"about":[{"href":"https:\/\/etxebetea.com\/es\/wp-json\/wp\/v2\/types\/page"}],"author":[{"embeddable":true,"href":"https:\/\/etxebetea.com\/es\/wp-json\/wp\/v2\/users\/3"}],"replies":[{"embeddable":true,"href":"https:\/\/etxebetea.com\/es\/wp-json\/wp\/v2\/comments?post=1010"}],"version-history":[{"count":5,"href":"https:\/\/etxebetea.com\/es\/wp-json\/wp\/v2\/pages\/1010\/revisions"}],"predecessor-version":[{"id":1806,"href":"https:\/\/etxebetea.com\/es\/wp-json\/wp\/v2\/pages\/1010\/revisions\/1806"}],"wp:attachment":[{"href":"https:\/\/etxebetea.com\/es\/wp-json\/wp\/v2\/media?parent=1010"}],"curies":[{"name":"wp","href":"https:\/\/api.w.org\/{rel}","templated":true}]}}