{"id":1012,"date":"2024-12-24T10:37:20","date_gmt":"2024-12-24T09:37:20","guid":{"rendered":"https:\/\/etxebetea.com\/?page_id=1012"},"modified":"2024-12-24T13:07:19","modified_gmt":"2024-12-24T12:07:19","slug":"lucia-montero","status":"publish","type":"page","link":"https:\/\/etxebetea.com\/es\/lucia-montero\/","title":{"rendered":"Luc\u00eda Montero S\u00e1nchez"},"content":{"rendered":"\n<div class=\"wp-block-columns are-vertically-aligned-center cabecera--small is-layout-flex wp-container-core-columns-is-layout-9d6595d7 wp-block-columns-is-layout-flex\" id=\"cabecera\">\n<div class=\"wp-block-column is-vertically-aligned-center is-layout-flow wp-block-column-is-layout-flow\" style=\"flex-basis:45%\">\n<figure class=\"wp-block-image alignfull size-full\"><img loading=\"lazy\" decoding=\"async\" width=\"697\" height=\"655\" src=\"https:\/\/etxebetea.com\/wp-content\/uploads\/2024\/12\/lucia-montero.jpg\" alt=\"Luc\u00eda Montero\" class=\"wp-image-948\" srcset=\"https:\/\/etxebetea.com\/wp-content\/uploads\/2024\/12\/lucia-montero.jpg 697w, https:\/\/etxebetea.com\/wp-content\/uploads\/2024\/12\/lucia-montero-300x282.jpg 300w\" sizes=\"auto, (max-width: 697px) 100vw, 697px\" \/><\/figure>\n<\/div>\n\n\n\n<div class=\"wp-block-column is-vertically-aligned-center is-layout-flow wp-block-column-is-layout-flow\" style=\"flex-basis:55%\">\n<h1 class=\"wp-block-heading\">Luc\u00eda Montero S\u00e1nchez<\/h1>\n\n\n\n<p class=\"link-arrow\"><a href=\"https:\/\/etxebetea.com\/es\/elkarrekin-sortzen\/\" data-type=\"page\" data-id=\"625\">Elkarrekin Sortzen<\/a><\/p>\n<\/div>\n<\/div>\n\n\n\n<div style=\"height:5vh\" aria-hidden=\"true\" class=\"wp-block-spacer\"><\/div>\n\n\n\n<div class=\"wp-block-columns is-layout-flex wp-container-core-columns-is-layout-9d6595d7 wp-block-columns-is-layout-flex\">\n<div class=\"wp-block-column is-layout-flow wp-block-column-is-layout-flow\" style=\"flex-basis:10%\"><\/div>\n\n\n\n<div class=\"wp-block-column is-layout-flow wp-block-column-is-layout-flow\" style=\"flex-basis:90%\">\n<p>Luc\u00eda Montero S\u00e1nchez de las Matas (Salamanca, 1988) es una artista y cineasta residente en Donostia. Tras realizar sus estudios en artes visuales, se muda a Londres a trabajar con\u00a0Nomad Projects\u00a0colaborando con artistas como Marcus Coates. Paralelamente, ha ido desarrollando su pr\u00e1ctica art\u00edstica a nivel individual hasta que en el 2020 entra a formar parte del posgrado en creaci\u00f3n cinematogr\u00e1fica de la El\u00edas Querejeta Zine Eskola, donde comenz\u00f3 a desarrollar el proyecto de<em>\u00a0Peter\u00a0<\/em>en el que trabaja en la actualidad. En el 2022, participa en el programa de mentor\u00edas como Aukera y en los laboratorios de desarrollo HEMENDIK#2 (Baiona). Ha formado parte en el grupo\u00a0Archiveras del Humo, colectivo de mujeres que trabajan juntas en la activaci\u00f3n de una memoria cr\u00edtica.<\/p>\n<\/div>\n<\/div>\n\n\n\n<div style=\"height:10vh\" aria-hidden=\"true\" class=\"wp-block-spacer\"><\/div>\n\n\n\n<div id=\"block-marquee-block_6d31dcd8f1801ea1cc21883b61c54c60\" class=\"cc-block-marquee alignfull\" >\n\n    <div class=\"cc-block-marquee-wrapper\">\n\n        <a href=\"https:\/\/etxebetea.com\/es\/\" >Vuelve al inicio de ETXE BETEA<\/a>\n\n    <\/div><!-- .cc-block-marquee-wrapper -->\n<\/div>","protected":false},"excerpt":{"rendered":"<p>Luc\u00eda Montero S\u00e1nchez Elkarrekin Sortzen Luc\u00eda Montero S\u00e1nchez de las Matas (Salamanca, 1988) es una artista y cineasta residente en Donostia. Tras realizar sus estudios en artes visuales, se muda a Londres a trabajar con\u00a0Nomad Projects\u00a0colaborando con artistas como Marcus Coates. Paralelamente, ha ido desarrollando su pr\u00e1ctica art\u00edstica a nivel individual hasta que en el [&hellip;]<\/p>\n","protected":false},"author":3,"featured_media":0,"parent":0,"menu_order":0,"comment_status":"closed","ping_status":"closed","template":"","meta":{"_acf_changed":false,"inline_featured_image":false,"_genesis_hide_title":true,"_genesis_hide_breadcrumbs":false,"_genesis_hide_singular_image":false,"_genesis_hide_footer_widgets":false,"_genesis_custom_body_class":"","_genesis_custom_post_class":"","_genesis_layout":"","footnotes":""},"class_list":{"0":"post-1012","1":"page","2":"type-page","3":"status-publish","5":"entry"},"acf":[],"_links":{"self":[{"href":"https:\/\/etxebetea.com\/es\/wp-json\/wp\/v2\/pages\/1012","targetHints":{"allow":["GET"]}}],"collection":[{"href":"https:\/\/etxebetea.com\/es\/wp-json\/wp\/v2\/pages"}],"about":[{"href":"https:\/\/etxebetea.com\/es\/wp-json\/wp\/v2\/types\/page"}],"author":[{"embeddable":true,"href":"https:\/\/etxebetea.com\/es\/wp-json\/wp\/v2\/users\/3"}],"replies":[{"embeddable":true,"href":"https:\/\/etxebetea.com\/es\/wp-json\/wp\/v2\/comments?post=1012"}],"version-history":[{"count":3,"href":"https:\/\/etxebetea.com\/es\/wp-json\/wp\/v2\/pages\/1012\/revisions"}],"predecessor-version":[{"id":1204,"href":"https:\/\/etxebetea.com\/es\/wp-json\/wp\/v2\/pages\/1012\/revisions\/1204"}],"wp:attachment":[{"href":"https:\/\/etxebetea.com\/es\/wp-json\/wp\/v2\/media?parent=1012"}],"curies":[{"name":"wp","href":"https:\/\/api.w.org\/{rel}","templated":true}]}}