{"id":1014,"date":"2024-12-24T10:37:30","date_gmt":"2024-12-24T09:37:30","guid":{"rendered":"https:\/\/etxebetea.com\/?page_id=1014"},"modified":"2024-12-27T12:12:34","modified_gmt":"2024-12-27T11:12:34","slug":"sara-martorena","status":"publish","type":"page","link":"https:\/\/etxebetea.com\/es\/sara-martorena\/","title":{"rendered":"Sara Martorana"},"content":{"rendered":"\n<div class=\"wp-block-columns are-vertically-aligned-center cabecera--small is-layout-flex wp-container-core-columns-is-layout-9d6595d7 wp-block-columns-is-layout-flex\" id=\"cabecera\">\n<div class=\"wp-block-column is-vertically-aligned-center is-layout-flow wp-block-column-is-layout-flow\" style=\"flex-basis:45%\">\n<figure class=\"wp-block-image alignfull size-full\"><img loading=\"lazy\" decoding=\"async\" width=\"697\" height=\"655\" src=\"https:\/\/etxebetea.com\/wp-content\/uploads\/2024\/12\/sara-martorena.jpg\" alt=\"Sara Martorana\" class=\"wp-image-975\" srcset=\"https:\/\/etxebetea.com\/wp-content\/uploads\/2024\/12\/sara-martorena.jpg 697w, https:\/\/etxebetea.com\/wp-content\/uploads\/2024\/12\/sara-martorena-300x282.jpg 300w\" sizes=\"auto, (max-width: 697px) 100vw, 697px\" \/><\/figure>\n<\/div>\n\n\n\n<div class=\"wp-block-column is-vertically-aligned-center is-layout-flow wp-block-column-is-layout-flow\" style=\"flex-basis:55%\">\n<h1 class=\"wp-block-heading\">Sara Martorana<\/h1>\n\n\n\n<p class=\"link-arrow\"><a href=\"https:\/\/etxebetea.com\/es\/elkarrekin-sortzen\/\" data-type=\"page\" data-id=\"625\">Elkarrekin Sortzen<\/a><\/p>\n<\/div>\n<\/div>\n\n\n\n<div style=\"height:5vh\" aria-hidden=\"true\" class=\"wp-block-spacer\"><\/div>\n\n\n\n<div class=\"wp-block-columns is-layout-flex wp-container-core-columns-is-layout-9d6595d7 wp-block-columns-is-layout-flex\">\n<div class=\"wp-block-column is-layout-flow wp-block-column-is-layout-flow\" style=\"flex-basis:10%\"><\/div>\n\n\n\n<div class=\"wp-block-column is-layout-flow wp-block-column-is-layout-flow\" style=\"flex-basis:90%\">\n<p>Sara es de Barcelona y desde peque\u00f1a ha sabido que quer\u00eda contar historias. Por eso, estudia un grado en Comunicaci\u00f3n Audiovisual en la Universidad de Pompeu Fabra. Cuando termina el grado, se especializa en narrativa y decide hacer un Master en Literatura por la Universidad Complutense de Madrid (UCM). En la actualidad, est\u00e1 centrada en el trabajo para la conservaci\u00f3n de la cultura; contando historias y recuperando la memoria hist\u00f3rica de nuestra tierra.<\/p>\n<\/div>\n<\/div>\n\n\n\n<div style=\"height:10vh\" aria-hidden=\"true\" class=\"wp-block-spacer\"><\/div>\n\n\n\n<div id=\"block-marquee-block_b551702c3436a5cd703aa7624e8c01cc\" class=\"cc-block-marquee alignfull\" >\n\n    <div class=\"cc-block-marquee-wrapper\">\n\n        <a href=\"https:\/\/etxebetea.com\/es\/\" >Vuelve al inicio de ETXE BETEA<\/a>\n\n    <\/div><!-- .cc-block-marquee-wrapper -->\n<\/div>","protected":false},"excerpt":{"rendered":"<p>Sara Martorana Elkarrekin Sortzen Sara es de Barcelona y desde peque\u00f1a ha sabido que quer\u00eda contar historias. Por eso, estudia un grado en Comunicaci\u00f3n Audiovisual en la Universidad de Pompeu Fabra. Cuando termina el grado, se especializa en narrativa y decide hacer un Master en Literatura por la Universidad Complutense de Madrid (UCM). En la [&hellip;]<\/p>\n","protected":false},"author":3,"featured_media":0,"parent":0,"menu_order":0,"comment_status":"closed","ping_status":"closed","template":"","meta":{"_acf_changed":false,"inline_featured_image":false,"_genesis_hide_title":true,"_genesis_hide_breadcrumbs":false,"_genesis_hide_singular_image":false,"_genesis_hide_footer_widgets":false,"_genesis_custom_body_class":"","_genesis_custom_post_class":"","_genesis_layout":"","footnotes":""},"class_list":{"0":"post-1014","1":"page","2":"type-page","3":"status-publish","5":"entry"},"acf":[],"_links":{"self":[{"href":"https:\/\/etxebetea.com\/es\/wp-json\/wp\/v2\/pages\/1014","targetHints":{"allow":["GET"]}}],"collection":[{"href":"https:\/\/etxebetea.com\/es\/wp-json\/wp\/v2\/pages"}],"about":[{"href":"https:\/\/etxebetea.com\/es\/wp-json\/wp\/v2\/types\/page"}],"author":[{"embeddable":true,"href":"https:\/\/etxebetea.com\/es\/wp-json\/wp\/v2\/users\/3"}],"replies":[{"embeddable":true,"href":"https:\/\/etxebetea.com\/es\/wp-json\/wp\/v2\/comments?post=1014"}],"version-history":[{"count":5,"href":"https:\/\/etxebetea.com\/es\/wp-json\/wp\/v2\/pages\/1014\/revisions"}],"predecessor-version":[{"id":1443,"href":"https:\/\/etxebetea.com\/es\/wp-json\/wp\/v2\/pages\/1014\/revisions\/1443"}],"wp:attachment":[{"href":"https:\/\/etxebetea.com\/es\/wp-json\/wp\/v2\/media?parent=1014"}],"curies":[{"name":"wp","href":"https:\/\/api.w.org\/{rel}","templated":true}]}}