{"id":1016,"date":"2024-12-24T10:37:38","date_gmt":"2024-12-24T09:37:38","guid":{"rendered":"https:\/\/etxebetea.com\/?page_id=1016"},"modified":"2024-12-24T13:05:41","modified_gmt":"2024-12-24T12:05:41","slug":"itziar-lamarka","status":"publish","type":"page","link":"https:\/\/etxebetea.com\/es\/itziar-lamarka\/","title":{"rendered":"Itziar Lamarka"},"content":{"rendered":"\n<div class=\"wp-block-columns are-vertically-aligned-center cabecera--small is-layout-flex wp-container-core-columns-is-layout-9d6595d7 wp-block-columns-is-layout-flex\" id=\"cabecera\">\n<div class=\"wp-block-column is-vertically-aligned-center is-layout-flow wp-block-column-is-layout-flow\" style=\"flex-basis:45%\">\n<figure class=\"wp-block-image alignfull size-full\"><img loading=\"lazy\" decoding=\"async\" width=\"697\" height=\"655\" src=\"https:\/\/etxebetea.com\/wp-content\/uploads\/2024\/12\/itziar-lamarka.jpg\" alt=\"Itziar Lamarka\" class=\"wp-image-942\" srcset=\"https:\/\/etxebetea.com\/wp-content\/uploads\/2024\/12\/itziar-lamarka.jpg 697w, https:\/\/etxebetea.com\/wp-content\/uploads\/2024\/12\/itziar-lamarka-300x282.jpg 300w\" sizes=\"auto, (max-width: 697px) 100vw, 697px\" \/><\/figure>\n<\/div>\n\n\n\n<div class=\"wp-block-column is-vertically-aligned-center is-layout-flow wp-block-column-is-layout-flow\" style=\"flex-basis:55%\">\n<h1 class=\"wp-block-heading\">Itziar Lamarka<\/h1>\n\n\n\n<p class=\"link-arrow\"><a href=\"https:\/\/etxebetea.com\/es\/elkarrekin-sortzen\/\" data-type=\"page\" data-id=\"625\">Elkarrekin Sortzen<\/a><\/p>\n<\/div>\n<\/div>\n\n\n\n<div style=\"height:5vh\" aria-hidden=\"true\" class=\"wp-block-spacer\"><\/div>\n\n\n\n<div class=\"wp-block-columns is-layout-flex wp-container-core-columns-is-layout-9d6595d7 wp-block-columns-is-layout-flex\">\n<div class=\"wp-block-column is-layout-flow wp-block-column-is-layout-flow\" style=\"flex-basis:10%\"><\/div>\n\n\n\n<div class=\"wp-block-column is-layout-flow wp-block-column-is-layout-flow\" style=\"flex-basis:90%\">\n<p>Itziar Lamarka es de Donosti y tiene 24 a\u00f1os, le ha gustado escribir desde peque\u00f1a. El cine le empieza a interesar un poco m\u00e1s tarde. Aunque con mucho esfuerzo, decide mudarse a Barcelona para estudiar el grado de Comunicaci\u00f3n Audiovisual. Una \u00e9poca muy enriquecedora, pero ahora de vuelta a casa, le gustar\u00eda centrarse en su proyecto<em>\u00a0Ez da Lurrik<\/em>\u00a0el cual est\u00e1 muy conectado a su casa.<\/p>\n<\/div>\n<\/div>\n\n\n\n<div style=\"height:10vh\" aria-hidden=\"true\" class=\"wp-block-spacer\"><\/div>\n\n\n\n<div id=\"block-marquee-block_df8768d60b4deb032e28f622e85d7f05\" class=\"cc-block-marquee alignfull\" >\n\n    <div class=\"cc-block-marquee-wrapper\">\n\n        <a href=\"https:\/\/etxebetea.com\/es\/\" >Vuelve al inicio de ETXE BETEA<\/a>\n\n    <\/div><!-- .cc-block-marquee-wrapper -->\n<\/div>","protected":false},"excerpt":{"rendered":"<p>Itziar Lamarka Elkarrekin Sortzen Itziar Lamarka es de Donosti y tiene 24 a\u00f1os, le ha gustado escribir desde peque\u00f1a. El cine le empieza a interesar un poco m\u00e1s tarde. Aunque con mucho esfuerzo, decide mudarse a Barcelona para estudiar el grado de Comunicaci\u00f3n Audiovisual. Una \u00e9poca muy enriquecedora, pero ahora de vuelta a casa, le [&hellip;]<\/p>\n","protected":false},"author":3,"featured_media":0,"parent":0,"menu_order":0,"comment_status":"closed","ping_status":"closed","template":"","meta":{"_acf_changed":false,"inline_featured_image":false,"_genesis_hide_title":true,"_genesis_hide_breadcrumbs":false,"_genesis_hide_singular_image":false,"_genesis_hide_footer_widgets":false,"_genesis_custom_body_class":"","_genesis_custom_post_class":"","_genesis_layout":"","footnotes":""},"class_list":{"0":"post-1016","1":"page","2":"type-page","3":"status-publish","5":"entry"},"acf":[],"_links":{"self":[{"href":"https:\/\/etxebetea.com\/es\/wp-json\/wp\/v2\/pages\/1016","targetHints":{"allow":["GET"]}}],"collection":[{"href":"https:\/\/etxebetea.com\/es\/wp-json\/wp\/v2\/pages"}],"about":[{"href":"https:\/\/etxebetea.com\/es\/wp-json\/wp\/v2\/types\/page"}],"author":[{"embeddable":true,"href":"https:\/\/etxebetea.com\/es\/wp-json\/wp\/v2\/users\/3"}],"replies":[{"embeddable":true,"href":"https:\/\/etxebetea.com\/es\/wp-json\/wp\/v2\/comments?post=1016"}],"version-history":[{"count":5,"href":"https:\/\/etxebetea.com\/es\/wp-json\/wp\/v2\/pages\/1016\/revisions"}],"predecessor-version":[{"id":1198,"href":"https:\/\/etxebetea.com\/es\/wp-json\/wp\/v2\/pages\/1016\/revisions\/1198"}],"wp:attachment":[{"href":"https:\/\/etxebetea.com\/es\/wp-json\/wp\/v2\/media?parent=1016"}],"curies":[{"name":"wp","href":"https:\/\/api.w.org\/{rel}","templated":true}]}}