{"id":1018,"date":"2024-12-24T10:37:47","date_gmt":"2024-12-24T09:37:47","guid":{"rendered":"https:\/\/etxebetea.com\/?page_id=1018"},"modified":"2024-12-24T13:04:19","modified_gmt":"2024-12-24T12:04:19","slug":"itxaso-diaz","status":"publish","type":"page","link":"https:\/\/etxebetea.com\/es\/itxaso-diaz\/","title":{"rendered":"Itxaso Diaz"},"content":{"rendered":"\n<div class=\"wp-block-columns are-vertically-aligned-center cabecera--small is-layout-flex wp-container-core-columns-is-layout-9d6595d7 wp-block-columns-is-layout-flex\" id=\"cabecera\">\n<div class=\"wp-block-column is-vertically-aligned-center is-layout-flow wp-block-column-is-layout-flow\" style=\"flex-basis:45%\">\n<figure class=\"wp-block-image alignfull size-full\"><img loading=\"lazy\" decoding=\"async\" width=\"697\" height=\"655\" src=\"https:\/\/etxebetea.com\/wp-content\/uploads\/2024\/12\/itxaso-diaz.jpg\" alt=\"Itxaso Diaz\" class=\"wp-image-939\" srcset=\"https:\/\/etxebetea.com\/wp-content\/uploads\/2024\/12\/itxaso-diaz.jpg 697w, https:\/\/etxebetea.com\/wp-content\/uploads\/2024\/12\/itxaso-diaz-300x282.jpg 300w\" sizes=\"auto, (max-width: 697px) 100vw, 697px\" \/><\/figure>\n<\/div>\n\n\n\n<div class=\"wp-block-column is-vertically-aligned-center is-layout-flow wp-block-column-is-layout-flow\" style=\"flex-basis:55%\">\n<h1 class=\"wp-block-heading\">Itxaso Diaz<\/h1>\n\n\n\n<p class=\"link-arrow\"><a href=\"https:\/\/etxebetea.com\/es\/elkarrekin-sortzen\/\" data-type=\"page\" data-id=\"625\">Elkarrekin Sortzen<\/a><\/p>\n<\/div>\n<\/div>\n\n\n\n<div style=\"height:5vh\" aria-hidden=\"true\" class=\"wp-block-spacer\"><\/div>\n\n\n\n<div class=\"wp-block-columns is-layout-flex wp-container-core-columns-is-layout-9d6595d7 wp-block-columns-is-layout-flex\">\n<div class=\"wp-block-column is-layout-flow wp-block-column-is-layout-flow\" style=\"flex-basis:10%\"><\/div>\n\n\n\n<div class=\"wp-block-column is-layout-flow wp-block-column-is-layout-flow\" style=\"flex-basis:90%\">\n<p>Itxaso Diaz (Gallarta,1974). Licenciada en Bellas Artes y doctorada en Arte y Tecnolog\u00eda por la Facultad de Bellas Artes de la Universidad del Pa\u00eds Vasco (UPV). Itxaso Diaz es una cineasta, documentalista y comisaria audiovisual, especializada en el dise\u00f1o de historias, narrativa y alfabetizaci\u00f3n audiovisual. Sus \u00faltimos documentales, han abordado tem\u00e1ticas sociales vinculadas al g\u00e9nero, el envejecimiento y la diversidad funcional. Desde el a\u00f1o 2004, se dedica tambi\u00e9n a la gesti\u00f3n cultural, a trav\u00e9s del dise\u00f1o, la coordinaci\u00f3n y el comisariado de proyectos vinculados a la exhibici\u00f3n audiovisual. Actualmente, dirige y coordina&nbsp;El Festival Audiovisual Obrero (LAN). &nbsp;<\/p>\n<\/div>\n<\/div>\n\n\n\n<div style=\"height:10vh\" aria-hidden=\"true\" class=\"wp-block-spacer\"><\/div>\n\n\n\n<div id=\"block-marquee-block_7ccd5b6a7754035542bbb7413fe99c52\" class=\"cc-block-marquee alignfull\" >\n\n    <div class=\"cc-block-marquee-wrapper\">\n\n        <a href=\"https:\/\/etxebetea.com\/es\/\" >Vuelve al inicio de ETXE BETEA<\/a>\n\n    <\/div><!-- .cc-block-marquee-wrapper -->\n<\/div>","protected":false},"excerpt":{"rendered":"<p>Itxaso Diaz Elkarrekin Sortzen Itxaso Diaz (Gallarta,1974). Licenciada en Bellas Artes y doctorada en Arte y Tecnolog\u00eda por la Facultad de Bellas Artes de la Universidad del Pa\u00eds Vasco (UPV). Itxaso Diaz es una cineasta, documentalista y comisaria audiovisual, especializada en el dise\u00f1o de historias, narrativa y alfabetizaci\u00f3n audiovisual. Sus \u00faltimos documentales, han abordado tem\u00e1ticas [&hellip;]<\/p>\n","protected":false},"author":3,"featured_media":0,"parent":0,"menu_order":0,"comment_status":"closed","ping_status":"closed","template":"","meta":{"_acf_changed":false,"inline_featured_image":false,"_genesis_hide_title":true,"_genesis_hide_breadcrumbs":false,"_genesis_hide_singular_image":false,"_genesis_hide_footer_widgets":false,"_genesis_custom_body_class":"","_genesis_custom_post_class":"","_genesis_layout":"","footnotes":""},"class_list":{"0":"post-1018","1":"page","2":"type-page","3":"status-publish","5":"entry"},"acf":[],"_links":{"self":[{"href":"https:\/\/etxebetea.com\/es\/wp-json\/wp\/v2\/pages\/1018","targetHints":{"allow":["GET"]}}],"collection":[{"href":"https:\/\/etxebetea.com\/es\/wp-json\/wp\/v2\/pages"}],"about":[{"href":"https:\/\/etxebetea.com\/es\/wp-json\/wp\/v2\/types\/page"}],"author":[{"embeddable":true,"href":"https:\/\/etxebetea.com\/es\/wp-json\/wp\/v2\/users\/3"}],"replies":[{"embeddable":true,"href":"https:\/\/etxebetea.com\/es\/wp-json\/wp\/v2\/comments?post=1018"}],"version-history":[{"count":5,"href":"https:\/\/etxebetea.com\/es\/wp-json\/wp\/v2\/pages\/1018\/revisions"}],"predecessor-version":[{"id":1194,"href":"https:\/\/etxebetea.com\/es\/wp-json\/wp\/v2\/pages\/1018\/revisions\/1194"}],"wp:attachment":[{"href":"https:\/\/etxebetea.com\/es\/wp-json\/wp\/v2\/media?parent=1018"}],"curies":[{"name":"wp","href":"https:\/\/api.w.org\/{rel}","templated":true}]}}