{"id":1020,"date":"2024-12-24T10:37:56","date_gmt":"2024-12-24T09:37:56","guid":{"rendered":"https:\/\/etxebetea.com\/?page_id=1020"},"modified":"2024-12-24T13:03:37","modified_gmt":"2024-12-24T12:03:37","slug":"maitane-carballo","status":"publish","type":"page","link":"https:\/\/etxebetea.com\/es\/maitane-carballo\/","title":{"rendered":"Maitane Carballo"},"content":{"rendered":"\n<div class=\"wp-block-columns are-vertically-aligned-center cabecera--small is-layout-flex wp-container-core-columns-is-layout-9d6595d7 wp-block-columns-is-layout-flex\" id=\"cabecera\">\n<div class=\"wp-block-column is-vertically-aligned-center is-layout-flow wp-block-column-is-layout-flow\" style=\"flex-basis:45%\">\n<figure class=\"wp-block-image alignfull size-full\"><img loading=\"lazy\" decoding=\"async\" width=\"697\" height=\"655\" src=\"https:\/\/etxebetea.com\/wp-content\/uploads\/2024\/12\/maitane-carballo.jpg\" alt=\"Maitane Carballo\" class=\"wp-image-951\" srcset=\"https:\/\/etxebetea.com\/wp-content\/uploads\/2024\/12\/maitane-carballo.jpg 697w, https:\/\/etxebetea.com\/wp-content\/uploads\/2024\/12\/maitane-carballo-300x282.jpg 300w\" sizes=\"auto, (max-width: 697px) 100vw, 697px\" \/><\/figure>\n<\/div>\n\n\n\n<div class=\"wp-block-column is-vertically-aligned-center is-layout-flow wp-block-column-is-layout-flow\" style=\"flex-basis:55%\">\n<h1 class=\"wp-block-heading\">Maitane Carballo<\/h1>\n\n\n\n<p class=\"link-arrow\"><a href=\"https:\/\/etxebetea.com\/es\/elkarrekin-sortzen\/\" data-type=\"page\" data-id=\"625\">Elkarrekin Sortzen<\/a><\/p>\n<\/div>\n<\/div>\n\n\n\n<div style=\"height:5vh\" aria-hidden=\"true\" class=\"wp-block-spacer\"><\/div>\n\n\n\n<div class=\"wp-block-columns is-layout-flex wp-container-core-columns-is-layout-9d6595d7 wp-block-columns-is-layout-flex\">\n<div class=\"wp-block-column is-layout-flow wp-block-column-is-layout-flow\" style=\"flex-basis:10%\"><\/div>\n\n\n\n<div class=\"wp-block-column is-layout-flow wp-block-column-is-layout-flow\" style=\"flex-basis:90%\">\n<p>Maitane Carballo Alonso (1994,Vitoria) trabaja en el \u00e1mbito audiovisual desde los 18 a\u00f1os. Diplomada en Cine y especializada en sonido, edici\u00f3n y postproducci\u00f3n. Ha trabajado en diversos proyectos documentales, de ficci\u00f3n y publicitarios.<\/p>\n\n\n\n<p>En su trayectoria, su mayor m\u00e9rito es haberse centrado en contar historias aut\u00e9nticas y significativas. Ha trabajado como jefa de sonido en proyectos como<em>\u00a0Voices of Earth<\/em>\u00a0y<em>\u00a0Hate Songs<\/em>. Tambi\u00e9n, junto a Eva Vali\u00f1o en<em>\u00a020.000 especies de abejas<\/em>. Y en otros puestos de sonidista en muchos otros proyectos a lo largo de estos a\u00f1os. En la actualidad, se encuentra inmersa en el desarrollo de su productora\u00a0Karapir\u00fa\u00a0especializada en el documental social.<\/p>\n<\/div>\n<\/div>\n\n\n\n<div style=\"height:10vh\" aria-hidden=\"true\" class=\"wp-block-spacer\"><\/div>\n\n\n\n<div id=\"block-marquee-block_ec781ef95dbbe132dfff88043b14d9d3\" class=\"cc-block-marquee alignfull\" >\n\n    <div class=\"cc-block-marquee-wrapper\">\n\n        <a href=\"https:\/\/etxebetea.com\/es\/\" >Vuelve al inicio de ETXE BETEA<\/a>\n\n    <\/div><!-- .cc-block-marquee-wrapper -->\n<\/div>","protected":false},"excerpt":{"rendered":"<p>Maitane Carballo Elkarrekin Sortzen Maitane Carballo Alonso (1994,Vitoria) trabaja en el \u00e1mbito audiovisual desde los 18 a\u00f1os. Diplomada en Cine y especializada en sonido, edici\u00f3n y postproducci\u00f3n. Ha trabajado en diversos proyectos documentales, de ficci\u00f3n y publicitarios. En su trayectoria, su mayor m\u00e9rito es haberse centrado en contar historias aut\u00e9nticas y significativas. Ha trabajado como [&hellip;]<\/p>\n","protected":false},"author":3,"featured_media":0,"parent":0,"menu_order":0,"comment_status":"closed","ping_status":"closed","template":"","meta":{"_acf_changed":false,"inline_featured_image":false,"_genesis_hide_title":true,"_genesis_hide_breadcrumbs":false,"_genesis_hide_singular_image":false,"_genesis_hide_footer_widgets":false,"_genesis_custom_body_class":"","_genesis_custom_post_class":"","_genesis_layout":"","footnotes":""},"class_list":{"0":"post-1020","1":"page","2":"type-page","3":"status-publish","5":"entry"},"acf":[],"_links":{"self":[{"href":"https:\/\/etxebetea.com\/es\/wp-json\/wp\/v2\/pages\/1020","targetHints":{"allow":["GET"]}}],"collection":[{"href":"https:\/\/etxebetea.com\/es\/wp-json\/wp\/v2\/pages"}],"about":[{"href":"https:\/\/etxebetea.com\/es\/wp-json\/wp\/v2\/types\/page"}],"author":[{"embeddable":true,"href":"https:\/\/etxebetea.com\/es\/wp-json\/wp\/v2\/users\/3"}],"replies":[{"embeddable":true,"href":"https:\/\/etxebetea.com\/es\/wp-json\/wp\/v2\/comments?post=1020"}],"version-history":[{"count":4,"href":"https:\/\/etxebetea.com\/es\/wp-json\/wp\/v2\/pages\/1020\/revisions"}],"predecessor-version":[{"id":1191,"href":"https:\/\/etxebetea.com\/es\/wp-json\/wp\/v2\/pages\/1020\/revisions\/1191"}],"wp:attachment":[{"href":"https:\/\/etxebetea.com\/es\/wp-json\/wp\/v2\/media?parent=1020"}],"curies":[{"name":"wp","href":"https:\/\/api.w.org\/{rel}","templated":true}]}}