{"id":1024,"date":"2024-12-24T10:38:24","date_gmt":"2024-12-24T09:38:24","guid":{"rendered":"https:\/\/etxebetea.com\/?page_id=1024"},"modified":"2025-06-12T21:30:13","modified_gmt":"2025-06-12T20:30:13","slug":"naia-arantzmendi","status":"publish","type":"page","link":"https:\/\/etxebetea.com\/es\/naia-arantzmendi\/","title":{"rendered":"Naia Arantzamendi\u00a0"},"content":{"rendered":"\n<div class=\"wp-block-columns are-vertically-aligned-center cabecera--small is-layout-flex wp-container-core-columns-is-layout-9d6595d7 wp-block-columns-is-layout-flex\" id=\"cabecera\">\n<div class=\"wp-block-column is-vertically-aligned-center is-layout-flow wp-block-column-is-layout-flow\" style=\"flex-basis:45%\">\n<figure class=\"wp-block-image alignfull size-full\"><img loading=\"lazy\" decoding=\"async\" width=\"697\" height=\"655\" src=\"https:\/\/etxebetea.com\/wp-content\/uploads\/2024\/12\/naia-arantzmendi.jpg\" alt=\"Naia Arantzmendi\" class=\"wp-image-966\" srcset=\"https:\/\/etxebetea.com\/wp-content\/uploads\/2024\/12\/naia-arantzmendi.jpg 697w, https:\/\/etxebetea.com\/wp-content\/uploads\/2024\/12\/naia-arantzmendi-300x282.jpg 300w\" sizes=\"auto, (max-width: 697px) 100vw, 697px\" \/><\/figure>\n<\/div>\n\n\n\n<div class=\"wp-block-column is-vertically-aligned-center is-layout-flow wp-block-column-is-layout-flow\" style=\"flex-basis:55%\">\n<h1 class=\"wp-block-heading\">Naia Arantzamendi\u00a0<\/h1>\n\n\n\n<p class=\"link-arrow\"><a href=\"https:\/\/etxebetea.com\/es\/una-habitacion-propia\/\" data-type=\"page\" data-id=\"623\">Una habitaci\u00f3n propia<\/a><\/p>\n\n\n\n<p class=\"link-arrow\"><a href=\"https:\/\/etxebetea.com\/es\/elkarrekin-sortzen\/\" data-type=\"page\" data-id=\"625\">Elkarrekin Sortzen<\/a><\/p>\n<\/div>\n<\/div>\n\n\n\n<div style=\"height:5vh\" aria-hidden=\"true\" class=\"wp-block-spacer\"><\/div>\n\n\n\n<div class=\"wp-block-columns is-layout-flex wp-container-core-columns-is-layout-9d6595d7 wp-block-columns-is-layout-flex\">\n<div class=\"wp-block-column is-layout-flow wp-block-column-is-layout-flow\" style=\"flex-basis:10%\"><\/div>\n\n\n\n<div class=\"wp-block-column is-layout-flow wp-block-column-is-layout-flow\" style=\"flex-basis:90%\">\n<p>Naia Arantzamendi Larra\u00f1aga (Ondarroa, 1994) es licenciada en Comunicaci\u00f3n Audiovisual por la Universidad del Pa\u00eds Vasco (UPV) y la Universidad Sacro Cuore de Mil\u00e1n. Despu\u00e9s, realiza un m\u00e1ster en Cine, Guion de Series de TV y Teatro en la Universidad Aut\u00f3noma de Madrid, especializ\u00e1ndome en Producci\u00f3n Audiovisual en la Universidad San Jorge.&nbsp;En la actualidad, trabajo como periodista en el peri\u00f3dico&nbsp;HITZA&nbsp;y esta involucrada en diversos proyectos de creaci\u00f3n, en especial en los puestos de escritura, altern\u00e1ndolos con iniciativas en&nbsp;Loraldi. Asimismo, tambi\u00e9n ha escrito la novela&nbsp;Egurra&nbsp;con el apoyo del Gobierno Vasco para la creaci\u00f3n de novelas cortas. En la actualidad, esta trabajando en la escritura de su primer largometraje&nbsp;Koaxi, el cual desarrolla en&nbsp;Elkarrekin Sortzen.<\/p>\n<\/div>\n<\/div>\n\n\n\n<div style=\"height:10vh\" aria-hidden=\"true\" class=\"wp-block-spacer\"><\/div>\n\n\n\n<div id=\"block-marquee-block_5e2e3502e97cda3b8c2d6c9839d944a3\" class=\"cc-block-marquee alignfull\" >\n\n    <div class=\"cc-block-marquee-wrapper\">\n\n        <a href=\"https:\/\/etxebetea.com\/es\/\" >Vuelve al inicio de ETXE BETEA<\/a>\n\n    <\/div><!-- .cc-block-marquee-wrapper -->\n<\/div>","protected":false},"excerpt":{"rendered":"<p>Naia Arantzamendi\u00a0 Una habitaci\u00f3n propia Elkarrekin Sortzen Naia Arantzamendi Larra\u00f1aga (Ondarroa, 1994) es licenciada en Comunicaci\u00f3n Audiovisual por la Universidad del Pa\u00eds Vasco (UPV) y la Universidad Sacro Cuore de Mil\u00e1n. Despu\u00e9s, realiza un m\u00e1ster en Cine, Guion de Series de TV y Teatro en la Universidad Aut\u00f3noma de Madrid, especializ\u00e1ndome en Producci\u00f3n Audiovisual en [&hellip;]<\/p>\n","protected":false},"author":3,"featured_media":0,"parent":0,"menu_order":0,"comment_status":"closed","ping_status":"closed","template":"","meta":{"_acf_changed":false,"inline_featured_image":false,"_genesis_hide_title":true,"_genesis_hide_breadcrumbs":false,"_genesis_hide_singular_image":false,"_genesis_hide_footer_widgets":false,"_genesis_custom_body_class":"","_genesis_custom_post_class":"","_genesis_layout":"","footnotes":""},"class_list":{"0":"post-1024","1":"page","2":"type-page","3":"status-publish","5":"entry"},"acf":[],"_links":{"self":[{"href":"https:\/\/etxebetea.com\/es\/wp-json\/wp\/v2\/pages\/1024","targetHints":{"allow":["GET"]}}],"collection":[{"href":"https:\/\/etxebetea.com\/es\/wp-json\/wp\/v2\/pages"}],"about":[{"href":"https:\/\/etxebetea.com\/es\/wp-json\/wp\/v2\/types\/page"}],"author":[{"embeddable":true,"href":"https:\/\/etxebetea.com\/es\/wp-json\/wp\/v2\/users\/3"}],"replies":[{"embeddable":true,"href":"https:\/\/etxebetea.com\/es\/wp-json\/wp\/v2\/comments?post=1024"}],"version-history":[{"count":5,"href":"https:\/\/etxebetea.com\/es\/wp-json\/wp\/v2\/pages\/1024\/revisions"}],"predecessor-version":[{"id":1776,"href":"https:\/\/etxebetea.com\/es\/wp-json\/wp\/v2\/pages\/1024\/revisions\/1776"}],"wp:attachment":[{"href":"https:\/\/etxebetea.com\/es\/wp-json\/wp\/v2\/media?parent=1024"}],"curies":[{"name":"wp","href":"https:\/\/api.w.org\/{rel}","templated":true}]}}