{"id":1028,"date":"2024-12-24T10:38:45","date_gmt":"2024-12-24T09:38:45","guid":{"rendered":"https:\/\/etxebetea.com\/?page_id=1028"},"modified":"2024-12-24T12:30:47","modified_gmt":"2024-12-24T11:30:47","slug":"ainhoa-aierbe","status":"publish","type":"page","link":"https:\/\/etxebetea.com\/es\/ainhoa-aierbe\/","title":{"rendered":"Ainhoa Aierbe"},"content":{"rendered":"\n<div class=\"wp-block-columns are-vertically-aligned-center cabecera--small is-layout-flex wp-container-core-columns-is-layout-9d6595d7 wp-block-columns-is-layout-flex\" id=\"cabecera\">\n<div class=\"wp-block-column is-vertically-aligned-center is-layout-flow wp-block-column-is-layout-flow\" style=\"flex-basis:45%\">\n<figure class=\"wp-block-image alignfull size-full\"><img loading=\"lazy\" decoding=\"async\" width=\"697\" height=\"655\" src=\"https:\/\/etxebetea.com\/wp-content\/uploads\/2024\/12\/ainhoa-aierbe.jpg\" alt=\"Ainhoa Aierbe\" class=\"wp-image-921\" srcset=\"https:\/\/etxebetea.com\/wp-content\/uploads\/2024\/12\/ainhoa-aierbe.jpg 697w, https:\/\/etxebetea.com\/wp-content\/uploads\/2024\/12\/ainhoa-aierbe-300x282.jpg 300w\" sizes=\"auto, (max-width: 697px) 100vw, 697px\" \/><\/figure>\n<\/div>\n\n\n\n<div class=\"wp-block-column is-vertically-aligned-center is-layout-flow wp-block-column-is-layout-flow\" style=\"flex-basis:55%\">\n<h1 class=\"wp-block-heading\">Ainhoa Aierbe<\/h1>\n\n\n\n<p class=\"link-arrow\"><a href=\"https:\/\/etxebetea.com\/es\/elkarrekin-sortzen\/\" data-type=\"page\" data-id=\"625\">Elkarrekin Sortzen<\/a><\/p>\n<\/div>\n<\/div>\n\n\n\n<div style=\"height:5vh\" aria-hidden=\"true\" class=\"wp-block-spacer\"><\/div>\n\n\n\n<div class=\"wp-block-columns is-layout-flex wp-container-core-columns-is-layout-9d6595d7 wp-block-columns-is-layout-flex\">\n<div class=\"wp-block-column is-layout-flow wp-block-column-is-layout-flow\" style=\"flex-basis:10%\"><\/div>\n\n\n\n<div class=\"wp-block-column is-layout-flow wp-block-column-is-layout-flow\" style=\"flex-basis:90%\">\n<p>Nacida en 1974. Ha tenido claro desde ni\u00f1a que lo suyo era la actuaci\u00f3n. Inicia sus primeros pasos, en La Escuela de Canto de El Orfe\u00f3n Donostiarra. Posteriormente se traslada a Madrid para recibir formaci\u00f3n en la escuela RESAD, pero pronto le llega la oportunidad de participar en la serie&nbsp;Goenkale&nbsp;de ETB. Desde entonces ha trabajado en el teatro, la televisi\u00f3n y el cine. Posteriormente, empieza a dar clases de interpretaci\u00f3n, hasta que la llaman para ser directora de actores en la serie&nbsp;Goazen,&nbsp;donde trabaja durante a\u00f1os en diferentes proyectos. Trabajando en proyectos de otras personas, decide contar las suyas propias historias, y escribe dos guiones de largometraje. Uno de ellos consigue junto a Tessa Adonegi la ayuda al desarrollo del gui\u00f3n que concede el Gobierno Vasco.<\/p>\n<\/div>\n<\/div>\n\n\n\n<div style=\"height:10vh\" aria-hidden=\"true\" class=\"wp-block-spacer\"><\/div>\n\n\n\n<div id=\"block-marquee-block_37b497ff2a7548d8da8f4ddd65bb132c\" class=\"cc-block-marquee alignfull\" >\n\n    <div class=\"cc-block-marquee-wrapper\">\n\n        <a href=\"https:\/\/etxebetea.com\/es\/\" >Vuelve al inicio de ETXE BETEA<\/a>\n\n    <\/div><!-- .cc-block-marquee-wrapper -->\n<\/div>","protected":false},"excerpt":{"rendered":"<p>Ainhoa Aierbe Elkarrekin Sortzen Nacida en 1974. Ha tenido claro desde ni\u00f1a que lo suyo era la actuaci\u00f3n. Inicia sus primeros pasos, en La Escuela de Canto de El Orfe\u00f3n Donostiarra. Posteriormente se traslada a Madrid para recibir formaci\u00f3n en la escuela RESAD, pero pronto le llega la oportunidad de participar en la serie&nbsp;Goenkale&nbsp;de ETB. [&hellip;]<\/p>\n","protected":false},"author":3,"featured_media":0,"parent":0,"menu_order":0,"comment_status":"closed","ping_status":"closed","template":"","meta":{"_acf_changed":false,"inline_featured_image":false,"_genesis_hide_title":true,"_genesis_hide_breadcrumbs":false,"_genesis_hide_singular_image":false,"_genesis_hide_footer_widgets":false,"_genesis_custom_body_class":"","_genesis_custom_post_class":"","_genesis_layout":"","footnotes":""},"class_list":{"0":"post-1028","1":"page","2":"type-page","3":"status-publish","5":"entry"},"acf":[],"_links":{"self":[{"href":"https:\/\/etxebetea.com\/es\/wp-json\/wp\/v2\/pages\/1028","targetHints":{"allow":["GET"]}}],"collection":[{"href":"https:\/\/etxebetea.com\/es\/wp-json\/wp\/v2\/pages"}],"about":[{"href":"https:\/\/etxebetea.com\/es\/wp-json\/wp\/v2\/types\/page"}],"author":[{"embeddable":true,"href":"https:\/\/etxebetea.com\/es\/wp-json\/wp\/v2\/users\/3"}],"replies":[{"embeddable":true,"href":"https:\/\/etxebetea.com\/es\/wp-json\/wp\/v2\/comments?post=1028"}],"version-history":[{"count":4,"href":"https:\/\/etxebetea.com\/es\/wp-json\/wp\/v2\/pages\/1028\/revisions"}],"predecessor-version":[{"id":1129,"href":"https:\/\/etxebetea.com\/es\/wp-json\/wp\/v2\/pages\/1028\/revisions\/1129"}],"wp:attachment":[{"href":"https:\/\/etxebetea.com\/es\/wp-json\/wp\/v2\/media?parent=1028"}],"curies":[{"name":"wp","href":"https:\/\/api.w.org\/{rel}","templated":true}]}}