{"id":1030,"date":"2024-12-24T10:38:54","date_gmt":"2024-12-24T09:38:54","guid":{"rendered":"https:\/\/etxebetea.com\/?page_id=1030"},"modified":"2024-12-27T12:02:22","modified_gmt":"2024-12-27T11:02:22","slug":"yolanda-garcia-calleja","status":"publish","type":"page","link":"https:\/\/etxebetea.com\/es\/yolanda-garcia-calleja\/","title":{"rendered":"Yolanda Garc\u00eda Calleja"},"content":{"rendered":"\n<div class=\"wp-block-columns are-vertically-aligned-center cabecera--small is-layout-flex wp-container-core-columns-is-layout-9d6595d7 wp-block-columns-is-layout-flex\" id=\"cabecera\">\n<div class=\"wp-block-column is-vertically-aligned-center is-layout-flow wp-block-column-is-layout-flow\" style=\"flex-basis:45%\">\n<figure class=\"wp-block-image alignfull size-full\"><img loading=\"lazy\" decoding=\"async\" width=\"697\" height=\"655\" src=\"https:\/\/etxebetea.com\/wp-content\/uploads\/2024\/12\/yolanda-garcia-calleja-.jpg\" alt=\"Yolanda Garc\u00eda Calleja\" class=\"wp-image-990\" srcset=\"https:\/\/etxebetea.com\/wp-content\/uploads\/2024\/12\/yolanda-garcia-calleja-.jpg 697w, https:\/\/etxebetea.com\/wp-content\/uploads\/2024\/12\/yolanda-garcia-calleja--300x282.jpg 300w\" sizes=\"auto, (max-width: 697px) 100vw, 697px\" \/><\/figure>\n<\/div>\n\n\n\n<div class=\"wp-block-column is-vertically-aligned-center is-layout-flow wp-block-column-is-layout-flow\" style=\"flex-basis:55%\">\n<h1 class=\"wp-block-heading\">Yolanda Garc\u00eda Calleja<\/h1>\n\n\n\n<p class=\"link-arrow\"><a href=\"https:\/\/etxebetea.com\/es\/elkarrekin-sortzen\/\" data-type=\"page\" data-id=\"625\">Elkarrekin Sortzen<\/a><\/p>\n<\/div>\n<\/div>\n\n\n\n<div style=\"height:5vh\" aria-hidden=\"true\" class=\"wp-block-spacer\"><\/div>\n\n\n\n<div class=\"wp-block-columns is-layout-flex wp-container-core-columns-is-layout-9d6595d7 wp-block-columns-is-layout-flex\">\n<div class=\"wp-block-column is-layout-flow wp-block-column-is-layout-flow\" style=\"flex-basis:10%\"><\/div>\n\n\n\n<div class=\"wp-block-column is-layout-flow wp-block-column-is-layout-flow\" style=\"flex-basis:90%\">\n<p>Licenciada en CC de la Informaci\u00f3n por la universidad complutense de Madrid, Master en Escritura de Gui\u00f3n para largometraje ESCAC, tambi\u00e9n se ha formado en la Escuela de escritores de Madrid, durante dos a\u00f1os estuvo estudiando escritura de novela y adem\u00e1s ha cursado un curso de filmmaker en la ESCAC.<\/p>\n\n\n\n<p>Su experiencia profesional ha sido en agencias de publicidad, departamentos de comunicaci\u00f3n en una empresa y una ONG y corta experiencia en el sector audiovisual. Tambi\u00e9n ha trabajado en el departamento de producci\u00f3n de los largometrajes en Divine Remedy y El secreto del Orfebre. Actualmente desarrolla su primer largometraje \u201cEl presente que pas\u00f3\u201d en la tercera edici\u00f3n de Elkarrekin Sortzen.<\/p>\n<\/div>\n<\/div>\n\n\n\n<div style=\"height:10vh\" aria-hidden=\"true\" class=\"wp-block-spacer\"><\/div>\n\n\n\n<div id=\"block-marquee-block_7380cfa47b3639de5c48c06022f86993\" class=\"cc-block-marquee alignfull\" >\n\n    <div class=\"cc-block-marquee-wrapper\">\n\n        <a href=\"https:\/\/etxebetea.com\/es\/\" >Vuelve al inicio de ETXE BETEA<\/a>\n\n    <\/div><!-- .cc-block-marquee-wrapper -->\n<\/div>","protected":false},"excerpt":{"rendered":"<p>Yolanda Garc\u00eda Calleja Elkarrekin Sortzen Licenciada en CC de la Informaci\u00f3n por la universidad complutense de Madrid, Master en Escritura de Gui\u00f3n para largometraje ESCAC, tambi\u00e9n se ha formado en la Escuela de escritores de Madrid, durante dos a\u00f1os estuvo estudiando escritura de novela y adem\u00e1s ha cursado un curso de filmmaker en la ESCAC. [&hellip;]<\/p>\n","protected":false},"author":3,"featured_media":0,"parent":0,"menu_order":0,"comment_status":"closed","ping_status":"closed","template":"","meta":{"_acf_changed":false,"inline_featured_image":false,"_genesis_hide_title":true,"_genesis_hide_breadcrumbs":false,"_genesis_hide_singular_image":false,"_genesis_hide_footer_widgets":false,"_genesis_custom_body_class":"","_genesis_custom_post_class":"","_genesis_layout":"","footnotes":""},"class_list":{"0":"post-1030","1":"page","2":"type-page","3":"status-publish","5":"entry"},"acf":[],"_links":{"self":[{"href":"https:\/\/etxebetea.com\/es\/wp-json\/wp\/v2\/pages\/1030","targetHints":{"allow":["GET"]}}],"collection":[{"href":"https:\/\/etxebetea.com\/es\/wp-json\/wp\/v2\/pages"}],"about":[{"href":"https:\/\/etxebetea.com\/es\/wp-json\/wp\/v2\/types\/page"}],"author":[{"embeddable":true,"href":"https:\/\/etxebetea.com\/es\/wp-json\/wp\/v2\/users\/3"}],"replies":[{"embeddable":true,"href":"https:\/\/etxebetea.com\/es\/wp-json\/wp\/v2\/comments?post=1030"}],"version-history":[{"count":4,"href":"https:\/\/etxebetea.com\/es\/wp-json\/wp\/v2\/pages\/1030\/revisions"}],"predecessor-version":[{"id":1427,"href":"https:\/\/etxebetea.com\/es\/wp-json\/wp\/v2\/pages\/1030\/revisions\/1427"}],"wp:attachment":[{"href":"https:\/\/etxebetea.com\/es\/wp-json\/wp\/v2\/media?parent=1030"}],"curies":[{"name":"wp","href":"https:\/\/api.w.org\/{rel}","templated":true}]}}