{"id":1032,"date":"2024-12-24T10:39:05","date_gmt":"2024-12-24T09:39:05","guid":{"rendered":"https:\/\/etxebetea.com\/?page_id=1032"},"modified":"2024-12-24T12:58:08","modified_gmt":"2024-12-24T11:58:08","slug":"soledad-santelices","status":"publish","type":"page","link":"https:\/\/etxebetea.com\/es\/soledad-santelices\/","title":{"rendered":"Soledad Santelices"},"content":{"rendered":"\n<div class=\"wp-block-columns are-vertically-aligned-center cabecera--small is-layout-flex wp-container-core-columns-is-layout-9d6595d7 wp-block-columns-is-layout-flex\" id=\"cabecera\">\n<div class=\"wp-block-column is-vertically-aligned-center is-layout-flow wp-block-column-is-layout-flow\" style=\"flex-basis:45%\">\n<figure class=\"wp-block-image alignfull size-full\"><img loading=\"lazy\" decoding=\"async\" width=\"697\" height=\"655\" src=\"https:\/\/etxebetea.com\/wp-content\/uploads\/2024\/12\/soledad-santelices.jpg\" alt=\"Soledad Santelices\" class=\"wp-image-978\" srcset=\"https:\/\/etxebetea.com\/wp-content\/uploads\/2024\/12\/soledad-santelices.jpg 697w, https:\/\/etxebetea.com\/wp-content\/uploads\/2024\/12\/soledad-santelices-300x282.jpg 300w\" sizes=\"auto, (max-width: 697px) 100vw, 697px\" \/><\/figure>\n<\/div>\n\n\n\n<div class=\"wp-block-column is-vertically-aligned-center is-layout-flow wp-block-column-is-layout-flow\" style=\"flex-basis:55%\">\n<h1 class=\"wp-block-heading\">Soledad Santelices<\/h1>\n\n\n\n<p class=\"link-arrow\"><a href=\"https:\/\/etxebetea.com\/es\/elkarrekin-sortzen\/\" data-type=\"page\" data-id=\"625\">Elkarrekin Sortzen<\/a><\/p>\n<\/div>\n<\/div>\n\n\n\n<div style=\"height:5vh\" aria-hidden=\"true\" class=\"wp-block-spacer\"><\/div>\n\n\n\n<div class=\"wp-block-columns is-layout-flex wp-container-core-columns-is-layout-9d6595d7 wp-block-columns-is-layout-flex\">\n<div class=\"wp-block-column is-layout-flow wp-block-column-is-layout-flow\" style=\"flex-basis:10%\"><\/div>\n\n\n\n<div class=\"wp-block-column is-layout-flow wp-block-column-is-layout-flow\" style=\"flex-basis:90%\">\n<p>Socia fundadora de la casa productora INCUBADORA S.A. Su trabajo se ha intercalado entre Ecuador y Chile. Fue jefa del proyecto L90 Cine Digital donde asesor\u00f3 a 20 largometrajes y creadora del Laboratorio de experimentaci\u00f3n LADAE. Adem\u00e1s cre\u00f3 el Festival Internacional de Cine de Quito que va por su octava edici\u00f3n.<\/p>\n\n\n\n<p>Ha ganado varios fondos nacionales en Ecuador y Chile, e internacionales como Sundance, Bertha Fund e Ibermedia. Sus proyectos han sido seleccionados en varios laboratorios y festivales. En los \u00faltimos 10 a\u00f1os ha realizado asesor\u00edas a m\u00e1s de 30 proyectos, recientemente lo hizo en la Minka Audiovisual Visiones Andinas en Per\u00fa.<\/p>\n\n\n\n<p>En 2022 dirigi\u00f3 la serie documental para ni\u00f1os Panas. Actualmente produce Cuenteros, largometraje de ficci\u00f3n, Rotacismo, largometraje documental Survive Ibiza, serie de ficci\u00f3n. Est\u00e1 escribiendo y produciendo su primer largometraje, Duhkha y su primer documental, De ninguna parte.<\/p>\n<\/div>\n<\/div>\n\n\n\n<div style=\"height:10vh\" aria-hidden=\"true\" class=\"wp-block-spacer\"><\/div>\n\n\n\n<div id=\"block-marquee-block_ec245bee98835aaa35f6248c320315c2\" class=\"cc-block-marquee alignfull\" >\n\n    <div class=\"cc-block-marquee-wrapper\">\n\n        <a href=\"https:\/\/etxebetea.com\/es\/\" >Vuelve al inicio de ETXE BETEA<\/a>\n\n    <\/div><!-- .cc-block-marquee-wrapper -->\n<\/div>","protected":false},"excerpt":{"rendered":"<p>Soledad Santelices Elkarrekin Sortzen Socia fundadora de la casa productora INCUBADORA S.A. Su trabajo se ha intercalado entre Ecuador y Chile. Fue jefa del proyecto L90 Cine Digital donde asesor\u00f3 a 20 largometrajes y creadora del Laboratorio de experimentaci\u00f3n LADAE. Adem\u00e1s cre\u00f3 el Festival Internacional de Cine de Quito que va por su octava edici\u00f3n. [&hellip;]<\/p>\n","protected":false},"author":3,"featured_media":0,"parent":0,"menu_order":0,"comment_status":"closed","ping_status":"closed","template":"","meta":{"_acf_changed":false,"inline_featured_image":false,"_genesis_hide_title":true,"_genesis_hide_breadcrumbs":false,"_genesis_hide_singular_image":false,"_genesis_hide_footer_widgets":false,"_genesis_custom_body_class":"","_genesis_custom_post_class":"","_genesis_layout":"","footnotes":""},"class_list":{"0":"post-1032","1":"page","2":"type-page","3":"status-publish","5":"entry"},"acf":[],"_links":{"self":[{"href":"https:\/\/etxebetea.com\/es\/wp-json\/wp\/v2\/pages\/1032","targetHints":{"allow":["GET"]}}],"collection":[{"href":"https:\/\/etxebetea.com\/es\/wp-json\/wp\/v2\/pages"}],"about":[{"href":"https:\/\/etxebetea.com\/es\/wp-json\/wp\/v2\/types\/page"}],"author":[{"embeddable":true,"href":"https:\/\/etxebetea.com\/es\/wp-json\/wp\/v2\/users\/3"}],"replies":[{"embeddable":true,"href":"https:\/\/etxebetea.com\/es\/wp-json\/wp\/v2\/comments?post=1032"}],"version-history":[{"count":4,"href":"https:\/\/etxebetea.com\/es\/wp-json\/wp\/v2\/pages\/1032\/revisions"}],"predecessor-version":[{"id":1181,"href":"https:\/\/etxebetea.com\/es\/wp-json\/wp\/v2\/pages\/1032\/revisions\/1181"}],"wp:attachment":[{"href":"https:\/\/etxebetea.com\/es\/wp-json\/wp\/v2\/media?parent=1032"}],"curies":[{"name":"wp","href":"https:\/\/api.w.org\/{rel}","templated":true}]}}