{"id":1036,"date":"2024-12-24T10:39:25","date_gmt":"2024-12-24T09:39:25","guid":{"rendered":"https:\/\/etxebetea.com\/?page_id=1036"},"modified":"2024-12-24T12:55:56","modified_gmt":"2024-12-24T11:55:56","slug":"sonia-estevez","status":"publish","type":"page","link":"https:\/\/etxebetea.com\/es\/sonia-estevez\/","title":{"rendered":"Sonia Est\u00e9vez"},"content":{"rendered":"\n<div class=\"wp-block-columns are-vertically-aligned-center cabecera--small is-layout-flex wp-container-core-columns-is-layout-9d6595d7 wp-block-columns-is-layout-flex\" id=\"cabecera\">\n<div class=\"wp-block-column is-vertically-aligned-center is-layout-flow wp-block-column-is-layout-flow\" style=\"flex-basis:45%\">\n<figure class=\"wp-block-image alignfull size-full\"><img loading=\"lazy\" decoding=\"async\" width=\"697\" height=\"655\" src=\"https:\/\/etxebetea.com\/wp-content\/uploads\/2024\/12\/sonia-estevez.jpg\" alt=\"Sonia Est\u00e9vez\" class=\"wp-image-981\" srcset=\"https:\/\/etxebetea.com\/wp-content\/uploads\/2024\/12\/sonia-estevez.jpg 697w, https:\/\/etxebetea.com\/wp-content\/uploads\/2024\/12\/sonia-estevez-300x282.jpg 300w\" sizes=\"auto, (max-width: 697px) 100vw, 697px\" \/><\/figure>\n<\/div>\n\n\n\n<div class=\"wp-block-column is-vertically-aligned-center is-layout-flow wp-block-column-is-layout-flow\" style=\"flex-basis:55%\">\n<h1 class=\"wp-block-heading\">Sonia Est\u00e9vez<\/h1>\n\n\n\n<p class=\"link-arrow\"><a href=\"https:\/\/etxebetea.com\/es\/elkarrekin-sortzen\/\" data-type=\"page\" data-id=\"625\">Elkarrekin Sortzen<\/a><\/p>\n<\/div>\n<\/div>\n\n\n\n<div style=\"height:5vh\" aria-hidden=\"true\" class=\"wp-block-spacer\"><\/div>\n\n\n\n<div class=\"wp-block-columns is-layout-flex wp-container-core-columns-is-layout-9d6595d7 wp-block-columns-is-layout-flex\">\n<div class=\"wp-block-column is-layout-flow wp-block-column-is-layout-flow\" style=\"flex-basis:10%\"><\/div>\n\n\n\n<div class=\"wp-block-column is-layout-flow wp-block-column-is-layout-flow\" style=\"flex-basis:90%\">\n<p>Sonia Est\u00e9vez es directora, productora, model maker y animadora stop motion. Es socia fundadora y administradora de Tik Tak Animation, una productora independiente, cooperativa de iniciativa social, especializada en animaci\u00f3n stop motion.<\/p>\n\n\n\n<p>Ha dirigido profesionalmente tres cortometrajes; <em>Txotxongiloa, Malkoak<\/em> y <em>Plazer bat<\/em> y varios anuncios publicitarios en esta t\u00e9cnica de animaci\u00f3n.<\/p>\n\n\n\n<p>Actualmente es socia y forma parte activa de MIA (Mujeres en la industria de la Animaci\u00f3n), CIMA (Asociaci\u00f3n de mujeres cineastas y de medios audiovisuales) y Hemen (Asociaci\u00f3n de mujeres del sector audiovisual y las artes esc\u00e9nicas de Euskadi).<\/p>\n\n\n\n<p>Se ha formado en animaci\u00f3n stop motion en Barcelona, en la Escuela de Animaci\u00f3n 9zeros y en el Cifo de Hospitalet, en producci\u00f3n ejecutiva en la consultora Media Training y ha realizado el curso Stop Motion I y II en Aardman Academy. Realiz\u00f3 cursos de Arte Digital y Proyectos Audiovisuales en la Escuela de Artes y Oficios de Vitoria-Gasteiz.<\/p>\n\n\n\n<p>Fue seleccionada en el programa CIMA Mentoring 1to1 (2023-24) en la especialidad de Direcci\u00f3n de animaci\u00f3n. Estudi\u00f3 Forestal y Qu\u00edmica Ambiental, por lo que compagina producci\u00f3n audiovisual y sostenibilidad. Utiliza la animaci\u00f3n stop motion como un medio para hacer visibles los problemas sociales. Imparte varios cursos y talleres de animaci\u00f3n para todas las edades. Ha sido <strong>nominada a los Premios Goya 2024<\/strong> por su primer cortometraje profesional de animaci\u00f3n,<em> Txotxongiloa<\/em>.<\/p>\n<\/div>\n<\/div>\n\n\n\n<div style=\"height:10vh\" aria-hidden=\"true\" class=\"wp-block-spacer\"><\/div>\n\n\n\n<div id=\"block-marquee-block_03b550213491433b2f8c94f87a1fba48\" class=\"cc-block-marquee alignfull\" >\n\n    <div class=\"cc-block-marquee-wrapper\">\n\n        <a href=\"https:\/\/etxebetea.com\/es\/\" >Vuelve al inicio de ETXE BETEA<\/a>\n\n    <\/div><!-- .cc-block-marquee-wrapper -->\n<\/div>","protected":false},"excerpt":{"rendered":"<p>Sonia Est\u00e9vez Elkarrekin Sortzen Sonia Est\u00e9vez es directora, productora, model maker y animadora stop motion. Es socia fundadora y administradora de Tik Tak Animation, una productora independiente, cooperativa de iniciativa social, especializada en animaci\u00f3n stop motion. Ha dirigido profesionalmente tres cortometrajes; Txotxongiloa, Malkoak y Plazer bat y varios anuncios publicitarios en esta t\u00e9cnica de animaci\u00f3n. [&hellip;]<\/p>\n","protected":false},"author":3,"featured_media":0,"parent":0,"menu_order":0,"comment_status":"closed","ping_status":"closed","template":"","meta":{"_acf_changed":false,"inline_featured_image":false,"_genesis_hide_title":true,"_genesis_hide_breadcrumbs":false,"_genesis_hide_singular_image":false,"_genesis_hide_footer_widgets":false,"_genesis_custom_body_class":"","_genesis_custom_post_class":"","_genesis_layout":"","footnotes":""},"class_list":{"0":"post-1036","1":"page","2":"type-page","3":"status-publish","5":"entry"},"acf":[],"_links":{"self":[{"href":"https:\/\/etxebetea.com\/es\/wp-json\/wp\/v2\/pages\/1036","targetHints":{"allow":["GET"]}}],"collection":[{"href":"https:\/\/etxebetea.com\/es\/wp-json\/wp\/v2\/pages"}],"about":[{"href":"https:\/\/etxebetea.com\/es\/wp-json\/wp\/v2\/types\/page"}],"author":[{"embeddable":true,"href":"https:\/\/etxebetea.com\/es\/wp-json\/wp\/v2\/users\/3"}],"replies":[{"embeddable":true,"href":"https:\/\/etxebetea.com\/es\/wp-json\/wp\/v2\/comments?post=1036"}],"version-history":[{"count":3,"href":"https:\/\/etxebetea.com\/es\/wp-json\/wp\/v2\/pages\/1036\/revisions"}],"predecessor-version":[{"id":1175,"href":"https:\/\/etxebetea.com\/es\/wp-json\/wp\/v2\/pages\/1036\/revisions\/1175"}],"wp:attachment":[{"href":"https:\/\/etxebetea.com\/es\/wp-json\/wp\/v2\/media?parent=1036"}],"curies":[{"name":"wp","href":"https:\/\/api.w.org\/{rel}","templated":true}]}}