{"id":1038,"date":"2024-12-24T10:39:39","date_gmt":"2024-12-24T09:39:39","guid":{"rendered":"https:\/\/etxebetea.com\/?page_id=1038"},"modified":"2024-12-24T12:29:59","modified_gmt":"2024-12-24T11:29:59","slug":"maria-monreal","status":"publish","type":"page","link":"https:\/\/etxebetea.com\/es\/maria-monreal\/","title":{"rendered":"Mar\u00eda Monreal\u00a0"},"content":{"rendered":"\n<div class=\"wp-block-columns are-vertically-aligned-center cabecera--small is-layout-flex wp-container-core-columns-is-layout-9d6595d7 wp-block-columns-is-layout-flex\" id=\"cabecera\">\n<div class=\"wp-block-column is-vertically-aligned-center is-layout-flow wp-block-column-is-layout-flow\" style=\"flex-basis:45%\">\n<figure class=\"wp-block-image alignfull size-full\"><img loading=\"lazy\" decoding=\"async\" width=\"697\" height=\"655\" src=\"https:\/\/etxebetea.com\/wp-content\/uploads\/2024\/12\/maria-monreal-.jpg\" alt=\"Mar\u00eda Monreal\" class=\"wp-image-957\" srcset=\"https:\/\/etxebetea.com\/wp-content\/uploads\/2024\/12\/maria-monreal-.jpg 697w, https:\/\/etxebetea.com\/wp-content\/uploads\/2024\/12\/maria-monreal--300x282.jpg 300w\" sizes=\"auto, (max-width: 697px) 100vw, 697px\" \/><\/figure>\n<\/div>\n\n\n\n<div class=\"wp-block-column is-vertically-aligned-center is-layout-flow wp-block-column-is-layout-flow\" style=\"flex-basis:55%\">\n<h1 class=\"wp-block-heading\">Mar\u00eda Monreal\u00a0<\/h1>\n\n\n\n<p class=\"link-arrow\"><a href=\"https:\/\/etxebetea.com\/es\/elkarrekin-sortzen\/\" data-type=\"page\" data-id=\"625\">Elkarrekin Sortzen<\/a><\/p>\n<\/div>\n<\/div>\n\n\n\n<div style=\"height:5vh\" aria-hidden=\"true\" class=\"wp-block-spacer\"><\/div>\n\n\n\n<div class=\"wp-block-columns is-layout-flex wp-container-core-columns-is-layout-9d6595d7 wp-block-columns-is-layout-flex\">\n<div class=\"wp-block-column is-layout-flow wp-block-column-is-layout-flow\" style=\"flex-basis:10%\"><\/div>\n\n\n\n<div class=\"wp-block-column is-layout-flow wp-block-column-is-layout-flow\" style=\"flex-basis:90%\">\n<p>Pamplona, 1996. Estudi\u00f3 Periodismo con especializaci\u00f3n en Producci\u00f3n de Artes Esc\u00e9nicas en la Universidad de Navarra. Su \u00f3pera prima fue el largometraje documental \u201c<em>Con los ojos abiertos<\/em>\u201d, realizado como trabajo de fin de carrera y estrenado en el Festival Internacional de Cine de Navarra, donde recibi\u00f3 el Melit\u00f3n de Oro a Mejor Pel\u00edcula (actualmente disponible en la plataforma Filmin). En 2019 cre\u00f3 Cambur Producciones, productora independiente centrada en el cine social. Ese mismo a\u00f1o dio el salto a la ficci\u00f3n con el cortometraje <em>\u201cCuesta\u201d<\/em>, el cual consigui\u00f3 m\u00e1s de 100 selecciones en festivales. Posteriormente, dirigi\u00f3 \u201c<em>Gaueko\u201d<\/em>, seleccionado en festivales como Abycine o Internationale Kurzfilmtage Winterthur. <\/p>\n\n\n\n<p>Entre sus \u00faltimos trabajos en distribuci\u00f3n est\u00e1 el cortometraje de ficci\u00f3n \u201cO\u201d, presentado en el MAFIZ del Festival de M\u00e1laga, y ganador del premio a Mejor Cortometraje en Rodando por Ja\u00e9n, del premio a Mejor Guion en el Festival Internacional de Cine de Cartagena y recientemente seleccionado en el New Spanish Shorts Market Screening 2024 de Clermont Ferrand y en las secci\u00f3n oficial de Ibizacinefest. Tambi\u00e9n el cortometraje \u00abCuando crece la hierba\u00bb, ganador del premio a Mejor Pel\u00edcula, Mejor Guion y Premio Distribuci\u00f3n en el Notodofilmfest 2022, que acumula ya m\u00e1s de 90 selecciones en festivales y premios como el EITB-Euskal Pantailak en Santurzine o Mejor Cortometraje de ficci\u00f3n en el Festival de Oldenburg. En el terreno documental ha dirigido una segunda pieza, el mediometraje \u201c<em>Toda la vida<\/em>\u201d, y por \u00faltimo, en 2024 ha estrenado su \u00faltimo cortometraje de ficci\u00f3n, \u00ab<em>La Colada\u00bb<\/em>, estrenado en el\u00a0el Festival Audiovisual de\u00a0Andorra Ull Nu.<\/p>\n<\/div>\n<\/div>\n\n\n\n<div style=\"height:10vh\" aria-hidden=\"true\" class=\"wp-block-spacer\"><\/div>\n\n\n\n<div id=\"block-marquee-block_503e1741bfd819f7658d2ce3ef7d1dd8\" class=\"cc-block-marquee alignfull\" >\n\n    <div class=\"cc-block-marquee-wrapper\">\n\n        <a href=\"https:\/\/etxebetea.com\/es\/\" >Vuelve al inicio de ETXE BETEA<\/a>\n\n    <\/div><!-- .cc-block-marquee-wrapper -->\n<\/div>","protected":false},"excerpt":{"rendered":"<p>Mar\u00eda Monreal\u00a0 Elkarrekin Sortzen Pamplona, 1996. Estudi\u00f3 Periodismo con especializaci\u00f3n en Producci\u00f3n de Artes Esc\u00e9nicas en la Universidad de Navarra. Su \u00f3pera prima fue el largometraje documental \u201cCon los ojos abiertos\u201d, realizado como trabajo de fin de carrera y estrenado en el Festival Internacional de Cine de Navarra, donde recibi\u00f3 el Melit\u00f3n de Oro a [&hellip;]<\/p>\n","protected":false},"author":3,"featured_media":0,"parent":0,"menu_order":0,"comment_status":"closed","ping_status":"closed","template":"","meta":{"_acf_changed":false,"inline_featured_image":false,"_genesis_hide_title":true,"_genesis_hide_breadcrumbs":false,"_genesis_hide_singular_image":false,"_genesis_hide_footer_widgets":false,"_genesis_custom_body_class":"","_genesis_custom_post_class":"","_genesis_layout":"","footnotes":""},"class_list":{"0":"post-1038","1":"page","2":"type-page","3":"status-publish","5":"entry"},"acf":[],"_links":{"self":[{"href":"https:\/\/etxebetea.com\/es\/wp-json\/wp\/v2\/pages\/1038","targetHints":{"allow":["GET"]}}],"collection":[{"href":"https:\/\/etxebetea.com\/es\/wp-json\/wp\/v2\/pages"}],"about":[{"href":"https:\/\/etxebetea.com\/es\/wp-json\/wp\/v2\/types\/page"}],"author":[{"embeddable":true,"href":"https:\/\/etxebetea.com\/es\/wp-json\/wp\/v2\/users\/3"}],"replies":[{"embeddable":true,"href":"https:\/\/etxebetea.com\/es\/wp-json\/wp\/v2\/comments?post=1038"}],"version-history":[{"count":3,"href":"https:\/\/etxebetea.com\/es\/wp-json\/wp\/v2\/pages\/1038\/revisions"}],"predecessor-version":[{"id":1128,"href":"https:\/\/etxebetea.com\/es\/wp-json\/wp\/v2\/pages\/1038\/revisions\/1128"}],"wp:attachment":[{"href":"https:\/\/etxebetea.com\/es\/wp-json\/wp\/v2\/media?parent=1038"}],"curies":[{"name":"wp","href":"https:\/\/api.w.org\/{rel}","templated":true}]}}