{"id":1042,"date":"2024-12-24T10:39:56","date_gmt":"2024-12-24T09:39:56","guid":{"rendered":"https:\/\/etxebetea.com\/?page_id=1042"},"modified":"2024-12-30T07:51:08","modified_gmt":"2024-12-30T06:51:08","slug":"estibaliz-maguregi","status":"publish","type":"page","link":"https:\/\/etxebetea.com\/es\/estibaliz-maguregi\/","title":{"rendered":"Estibaliz Maguregi\u00a0"},"content":{"rendered":"\n<div class=\"wp-block-columns are-vertically-aligned-center cabecera--small is-layout-flex wp-container-core-columns-is-layout-9d6595d7 wp-block-columns-is-layout-flex\" id=\"cabecera\">\n<div class=\"wp-block-column is-vertically-aligned-center is-layout-flow wp-block-column-is-layout-flow\" style=\"flex-basis:45%\">\n<figure class=\"wp-block-image alignfull size-full\"><img loading=\"lazy\" decoding=\"async\" width=\"697\" height=\"655\" src=\"https:\/\/etxebetea.com\/wp-content\/uploads\/2024\/12\/estibaliz-maguregi.jpg\" alt=\"Estibaliz Maguregi\" class=\"wp-image-933\" srcset=\"https:\/\/etxebetea.com\/wp-content\/uploads\/2024\/12\/estibaliz-maguregi.jpg 697w, https:\/\/etxebetea.com\/wp-content\/uploads\/2024\/12\/estibaliz-maguregi-300x282.jpg 300w\" sizes=\"auto, (max-width: 697px) 100vw, 697px\" \/><\/figure>\n<\/div>\n\n\n\n<div class=\"wp-block-column is-vertically-aligned-center is-layout-flow wp-block-column-is-layout-flow\" style=\"flex-basis:55%\">\n<h1 class=\"wp-block-heading\">Estibaliz Maguregi&nbsp;<\/h1>\n\n\n\n<p class=\"link-arrow\"><a href=\"https:\/\/etxebetea.com\/es\/elkarrekin-sortzen\/\" data-type=\"page\" data-id=\"625\">Elkarrekin Sortzen<\/a><\/p>\n<\/div>\n<\/div>\n\n\n\n<div style=\"height:5vh\" aria-hidden=\"true\" class=\"wp-block-spacer\"><\/div>\n\n\n\n<div class=\"wp-block-columns is-layout-flex wp-container-core-columns-is-layout-9d6595d7 wp-block-columns-is-layout-flex\">\n<div class=\"wp-block-column is-layout-flow wp-block-column-is-layout-flow\" style=\"flex-basis:10%\"><\/div>\n\n\n\n<div class=\"wp-block-column is-layout-flow wp-block-column-is-layout-flow\" style=\"flex-basis:90%\">\n<p>Estibaliz Maguregi (Bermeo, 1994) siempre ha trabajado socialmente con la fotograf\u00eda y el v\u00eddeo. desde una perspectiva creativa.<\/p>\n\n\n\n<p>Estudi\u00f3 Bellas Artes en la Universidad del Pa\u00eds Vasco (UPV-EHU), luego Arte Contempor\u00e1neo, en la misma universidad realiz\u00f3 su maestr\u00eda en imagen y sonido. Tras finalizar su m\u00e1ster se ha centrado m\u00e1s en proyectos de car\u00e1cter m\u00e1s art\u00edstico. de la UPV-EHU recibi\u00f3 una beca para una residencia art\u00edstica en Reno, NV, EE.UU. En 2019, ser\u00e1 elegido por Ertibil Fue un artista vasco con una pieza audiovisual llamada Atardecer Fallido.<\/p>\n\n\n\n<p>Entre los a\u00f1os 2020-2022 con la asociaci\u00f3n Con Ciencia y Arte se realiz\u00f3 el documental Latsariak (Lavanderas) el creo Desde entonces, el cortometraje se ha difundido por varios pa\u00edses y algunos ha estado en festivales. En 2022, el proyecto recibi\u00f3 el premio a la mejor pel\u00edcula en euskera En el Festival Internacional de lo Invisible. Hoy contin\u00faa trabajando en fotograf\u00eda y video creaci\u00f3n, proyectos art\u00edsticos combin\u00e1ndolo con lo personal.<\/p>\n<\/div>\n<\/div>\n\n\n\n<div style=\"height:10vh\" aria-hidden=\"true\" class=\"wp-block-spacer\"><\/div>\n\n\n\n<div id=\"block-marquee-block_75b27994e65b7609164ed5104384f13c\" class=\"cc-block-marquee alignfull\" >\n\n    <div class=\"cc-block-marquee-wrapper\">\n\n        <a href=\"https:\/\/etxebetea.com\/es\/\" >Vuelve al inicio de ETXE BETEA<\/a>\n\n    <\/div><!-- .cc-block-marquee-wrapper -->\n<\/div>","protected":false},"excerpt":{"rendered":"<p>Estibaliz Maguregi&nbsp; Elkarrekin Sortzen Estibaliz Maguregi (Bermeo, 1994) siempre ha trabajado socialmente con la fotograf\u00eda y el v\u00eddeo. desde una perspectiva creativa. Estudi\u00f3 Bellas Artes en la Universidad del Pa\u00eds Vasco (UPV-EHU), luego Arte Contempor\u00e1neo, en la misma universidad realiz\u00f3 su maestr\u00eda en imagen y sonido. Tras finalizar su m\u00e1ster se ha centrado m\u00e1s en [&hellip;]<\/p>\n","protected":false},"author":3,"featured_media":0,"parent":0,"menu_order":0,"comment_status":"closed","ping_status":"closed","template":"","meta":{"_acf_changed":false,"inline_featured_image":false,"_genesis_hide_title":true,"_genesis_hide_breadcrumbs":false,"_genesis_hide_singular_image":false,"_genesis_hide_footer_widgets":false,"_genesis_custom_body_class":"","_genesis_custom_post_class":"","_genesis_layout":"","footnotes":""},"class_list":{"0":"post-1042","1":"page","2":"type-page","3":"status-publish","5":"entry"},"acf":[],"_links":{"self":[{"href":"https:\/\/etxebetea.com\/es\/wp-json\/wp\/v2\/pages\/1042","targetHints":{"allow":["GET"]}}],"collection":[{"href":"https:\/\/etxebetea.com\/es\/wp-json\/wp\/v2\/pages"}],"about":[{"href":"https:\/\/etxebetea.com\/es\/wp-json\/wp\/v2\/types\/page"}],"author":[{"embeddable":true,"href":"https:\/\/etxebetea.com\/es\/wp-json\/wp\/v2\/users\/3"}],"replies":[{"embeddable":true,"href":"https:\/\/etxebetea.com\/es\/wp-json\/wp\/v2\/comments?post=1042"}],"version-history":[{"count":6,"href":"https:\/\/etxebetea.com\/es\/wp-json\/wp\/v2\/pages\/1042\/revisions"}],"predecessor-version":[{"id":1650,"href":"https:\/\/etxebetea.com\/es\/wp-json\/wp\/v2\/pages\/1042\/revisions\/1650"}],"wp:attachment":[{"href":"https:\/\/etxebetea.com\/es\/wp-json\/wp\/v2\/media?parent=1042"}],"curies":[{"name":"wp","href":"https:\/\/api.w.org\/{rel}","templated":true}]}}