{"id":1044,"date":"2024-12-24T10:40:09","date_gmt":"2024-12-24T09:40:09","guid":{"rendered":"https:\/\/etxebetea.com\/?page_id=1044"},"modified":"2025-12-03T10:29:56","modified_gmt":"2025-12-03T09:29:56","slug":"aizpea-atxa-2","status":"publish","type":"page","link":"https:\/\/etxebetea.com\/es\/aizpea-atxa-2\/","title":{"rendered":"Aizpea de Atxa"},"content":{"rendered":"\n<div class=\"wp-block-columns are-vertically-aligned-center cabecera--small is-layout-flex wp-container-core-columns-is-layout-9d6595d7 wp-block-columns-is-layout-flex\" id=\"cabecera\">\n<div class=\"wp-block-column is-vertically-aligned-center is-layout-flow wp-block-column-is-layout-flow\" style=\"flex-basis:45%\">\n<figure class=\"wp-block-image alignfull size-full\"><img loading=\"lazy\" decoding=\"async\" width=\"697\" height=\"655\" src=\"https:\/\/etxebetea.com\/wp-content\/uploads\/2024\/12\/aizpea-atxa-.jpg\" alt=\"Aizpea Atxa\" class=\"wp-image-927\" srcset=\"https:\/\/etxebetea.com\/wp-content\/uploads\/2024\/12\/aizpea-atxa-.jpg 697w, https:\/\/etxebetea.com\/wp-content\/uploads\/2024\/12\/aizpea-atxa--300x282.jpg 300w\" sizes=\"auto, (max-width: 697px) 100vw, 697px\" \/><\/figure>\n<\/div>\n\n\n\n<div class=\"wp-block-column is-vertically-aligned-center is-layout-flow wp-block-column-is-layout-flow\" style=\"flex-basis:55%\">\n<h1 class=\"wp-block-heading\">Aizpea de Atxa<\/h1>\n\n\n\n<p class=\"link-arrow\"><a href=\"https:\/\/etxebetea.com\/es\/elkarrekin-sortzen\/\" data-type=\"page\" data-id=\"625\">Elkarrekin Sortzen<\/a><\/p>\n<\/div>\n<\/div>\n\n\n\n<div style=\"height:5vh\" aria-hidden=\"true\" class=\"wp-block-spacer\"><\/div>\n\n\n\n<div class=\"wp-block-columns is-layout-flex wp-container-core-columns-is-layout-9d6595d7 wp-block-columns-is-layout-flex\">\n<div class=\"wp-block-column is-layout-flow wp-block-column-is-layout-flow\" style=\"flex-basis:10%\"><\/div>\n\n\n\n<div class=\"wp-block-column is-layout-flow wp-block-column-is-layout-flow\" style=\"flex-basis:90%\">\n<p>Iru\u00f1ea, 1998. Artista graduada en&nbsp;Arte&nbsp;por la UPV\/EHU, con un postgrado de Creaci\u00f3n Cinematogr\u00e1fica en Elias Querejeta Zine Eskola, fu\u00e9 co-coordinadora de la XI edici\u00f3n de Cine Ilegal en Bulegoa z\/b junto a Akane Saraiva. En 2019 recibi\u00f3 el Premio Joven Eusko Ikaskuntza-Laboral Kutxa y, en 2023, realiz\u00f3 una de las \u201c<em>Memoria de los Encuentros 72-22<\/em>\u201d de los Encuentros de Pamplona 72-22.<\/p>\n\n\n\n<p>Su trabajo ha sido expuesto entre otros en: Le Larraskito Kluba,&nbsp;<em>Esta casa no se habita\u2026 (Uholdeak 2022, CACH)&nbsp;<\/em>y<em>&nbsp;Bat Bita. Notas, borrones, partituras y otras escrituras al o\u00eddo&nbsp;<\/em>(Uholdeak 2024, CACH), Museo de Navarra y Palacio Baluarte.<\/p>\n<\/div>\n<\/div>\n\n\n\n<div style=\"height:10vh\" aria-hidden=\"true\" class=\"wp-block-spacer\"><\/div>\n\n\n\n<div id=\"block-marquee-block_63ee8717ee663872b4d762b851a4e4a3\" class=\"cc-block-marquee alignfull\" >\n\n    <div class=\"cc-block-marquee-wrapper\">\n\n        <a href=\"https:\/\/etxebetea.com\/es\/\" >Vuelve al inicio de ETXE BETEA<\/a>\n\n    <\/div><!-- .cc-block-marquee-wrapper -->\n<\/div>","protected":false},"excerpt":{"rendered":"<p>Aizpea de Atxa Elkarrekin Sortzen Iru\u00f1ea, 1998. Artista graduada en&nbsp;Arte&nbsp;por la UPV\/EHU, con un postgrado de Creaci\u00f3n Cinematogr\u00e1fica en Elias Querejeta Zine Eskola, fu\u00e9 co-coordinadora de la XI edici\u00f3n de Cine Ilegal en Bulegoa z\/b junto a Akane Saraiva. En 2019 recibi\u00f3 el Premio Joven Eusko Ikaskuntza-Laboral Kutxa y, en 2023, realiz\u00f3 una de las [&hellip;]<\/p>\n","protected":false},"author":3,"featured_media":0,"parent":0,"menu_order":0,"comment_status":"closed","ping_status":"closed","template":"","meta":{"_acf_changed":false,"inline_featured_image":false,"_genesis_hide_title":true,"_genesis_hide_breadcrumbs":false,"_genesis_hide_singular_image":false,"_genesis_hide_footer_widgets":false,"_genesis_custom_body_class":"","_genesis_custom_post_class":"","_genesis_layout":"","footnotes":""},"class_list":{"0":"post-1044","1":"page","2":"type-page","3":"status-publish","5":"entry"},"acf":[],"_links":{"self":[{"href":"https:\/\/etxebetea.com\/es\/wp-json\/wp\/v2\/pages\/1044","targetHints":{"allow":["GET"]}}],"collection":[{"href":"https:\/\/etxebetea.com\/es\/wp-json\/wp\/v2\/pages"}],"about":[{"href":"https:\/\/etxebetea.com\/es\/wp-json\/wp\/v2\/types\/page"}],"author":[{"embeddable":true,"href":"https:\/\/etxebetea.com\/es\/wp-json\/wp\/v2\/users\/3"}],"replies":[{"embeddable":true,"href":"https:\/\/etxebetea.com\/es\/wp-json\/wp\/v2\/comments?post=1044"}],"version-history":[{"count":7,"href":"https:\/\/etxebetea.com\/es\/wp-json\/wp\/v2\/pages\/1044\/revisions"}],"predecessor-version":[{"id":2253,"href":"https:\/\/etxebetea.com\/es\/wp-json\/wp\/v2\/pages\/1044\/revisions\/2253"}],"wp:attachment":[{"href":"https:\/\/etxebetea.com\/es\/wp-json\/wp\/v2\/media?parent=1044"}],"curies":[{"name":"wp","href":"https:\/\/api.w.org\/{rel}","templated":true}]}}