{"id":1115,"date":"2024-12-24T12:08:20","date_gmt":"2024-12-24T11:08:20","guid":{"rendered":"https:\/\/etxebetea.com\/?page_id=1115"},"modified":"2024-12-24T12:42:00","modified_gmt":"2024-12-24T11:42:00","slug":"ainhoa-rodriguez","status":"publish","type":"page","link":"https:\/\/etxebetea.com\/es\/ainhoa-rodriguez\/","title":{"rendered":"Ainhoa Rodr\u00edguez"},"content":{"rendered":"\n<div class=\"wp-block-columns are-vertically-aligned-center cabecera--small is-layout-flex wp-container-core-columns-is-layout-9d6595d7 wp-block-columns-is-layout-flex\" id=\"cabecera\">\n<div class=\"wp-block-column is-vertically-aligned-center is-layout-flow wp-block-column-is-layout-flow\" style=\"flex-basis:45%\">\n<figure class=\"wp-block-image alignfull size-full\"><img loading=\"lazy\" decoding=\"async\" width=\"697\" height=\"655\" src=\"https:\/\/etxebetea.com\/wp-content\/uploads\/2024\/12\/ainhoa-rodriguez.jpg\" alt=\"Ainhoa Rodr\u00edguez\" class=\"wp-image-924\" srcset=\"https:\/\/etxebetea.com\/wp-content\/uploads\/2024\/12\/ainhoa-rodriguez.jpg 697w, https:\/\/etxebetea.com\/wp-content\/uploads\/2024\/12\/ainhoa-rodriguez-300x282.jpg 300w\" sizes=\"auto, (max-width: 697px) 100vw, 697px\" \/><\/figure>\n<\/div>\n\n\n\n<div class=\"wp-block-column is-vertically-aligned-center is-layout-flow wp-block-column-is-layout-flow\" style=\"flex-basis:55%\">\n<h1 class=\"wp-block-heading\">Ainhoa Rodr\u00edguez<\/h1>\n\n\n\n<p class=\"link-arrow\"><a href=\"https:\/\/etxebetea.com\/es\/una-habitacion-propia\/\" data-type=\"page\" data-id=\"623\">Una habitaci\u00f3n propia<\/a><\/p>\n<\/div>\n<\/div>\n\n\n\n<div style=\"height:5vh\" aria-hidden=\"true\" class=\"wp-block-spacer\"><\/div>\n\n\n\n<div class=\"wp-block-columns is-layout-flex wp-container-core-columns-is-layout-9d6595d7 wp-block-columns-is-layout-flex\">\n<div class=\"wp-block-column is-layout-flow wp-block-column-is-layout-flow\" style=\"flex-basis:10%\"><\/div>\n\n\n\n<div class=\"wp-block-column is-layout-flow wp-block-column-is-layout-flow\" style=\"flex-basis:90%\">\n<p><strong> Ainhoa Rodr\u00edguez<\/strong>\u00a0es directora y productora de cine. Es Doctora en An\u00e1lisis Cinematogr\u00e1fico. Su primer largometraje, Destello Brav\u00edo (2021), se estren\u00f3 en la Secci\u00f3n Oficial Tiger Competition del Festival Internacional de Cine de Rotterdam, y form\u00f3 parte de la selecci\u00f3n de New Directors \/ New Films in NY, organizada por el MoMA y Film at Lincoln Center en su 50 Aniversario. Como directora, obtuvo los premios a la Mejor Direcci\u00f3n en el 26 Vilnius IFF, a la Mejor Direcci\u00f3n en el 23 SIWFF y gan\u00f3 la Violette D\u2019Or en el Festival Cinespa\u00f1a Toulose, entre otros. La pel\u00edcula ha sido seleccionada en festivales como Mosc\u00fa, Shanghai, FICUNAM (Ciudad de M\u00e9xico), Sal\u00f3nica y la Mostra de Sa\u00f4 Paulo<\/p>\n\n\n\n<p><em>\u00abUn espacio precioso en el centro de Bilbao, donde hay muchas mujeres creativas y encantadoras que nos apoyan y donde est\u00e1s en convivencia. Ha sido una experiencia muy c\u00e1lida y muy bonita.\u00bb<\/em><\/p>\n<\/div>\n<\/div>\n\n\n\n<div style=\"height:10vh\" aria-hidden=\"true\" class=\"wp-block-spacer\"><\/div>\n\n\n\n<div id=\"block-marquee-block_fcaeb704d7c507e0b6c64a2c0d7c12ae\" class=\"cc-block-marquee alignfull\" >\n\n    <div class=\"cc-block-marquee-wrapper\">\n\n        <a href=\"https:\/\/etxebetea.com\/es\/\" >Vuelve al inicio de ETXE BETEA<\/a>\n\n    <\/div><!-- .cc-block-marquee-wrapper -->\n<\/div>","protected":false},"excerpt":{"rendered":"<p>Ainhoa Rodr\u00edguez Una habitaci\u00f3n propia Ainhoa Rodr\u00edguez\u00a0es directora y productora de cine. Es Doctora en An\u00e1lisis Cinematogr\u00e1fico. Su primer largometraje, Destello Brav\u00edo (2021), se estren\u00f3 en la Secci\u00f3n Oficial Tiger Competition del Festival Internacional de Cine de Rotterdam, y form\u00f3 parte de la selecci\u00f3n de New Directors \/ New Films in NY, organizada por el [&hellip;]<\/p>\n","protected":false},"author":3,"featured_media":0,"parent":0,"menu_order":0,"comment_status":"closed","ping_status":"closed","template":"","meta":{"_acf_changed":false,"inline_featured_image":false,"_genesis_hide_title":true,"_genesis_hide_breadcrumbs":false,"_genesis_hide_singular_image":false,"_genesis_hide_footer_widgets":false,"_genesis_custom_body_class":"","_genesis_custom_post_class":"","_genesis_layout":"","footnotes":""},"class_list":{"0":"post-1115","1":"page","2":"type-page","3":"status-publish","5":"entry"},"acf":[],"_links":{"self":[{"href":"https:\/\/etxebetea.com\/es\/wp-json\/wp\/v2\/pages\/1115","targetHints":{"allow":["GET"]}}],"collection":[{"href":"https:\/\/etxebetea.com\/es\/wp-json\/wp\/v2\/pages"}],"about":[{"href":"https:\/\/etxebetea.com\/es\/wp-json\/wp\/v2\/types\/page"}],"author":[{"embeddable":true,"href":"https:\/\/etxebetea.com\/es\/wp-json\/wp\/v2\/users\/3"}],"replies":[{"embeddable":true,"href":"https:\/\/etxebetea.com\/es\/wp-json\/wp\/v2\/comments?post=1115"}],"version-history":[{"count":3,"href":"https:\/\/etxebetea.com\/es\/wp-json\/wp\/v2\/pages\/1115\/revisions"}],"predecessor-version":[{"id":1130,"href":"https:\/\/etxebetea.com\/es\/wp-json\/wp\/v2\/pages\/1115\/revisions\/1130"}],"wp:attachment":[{"href":"https:\/\/etxebetea.com\/es\/wp-json\/wp\/v2\/media?parent=1115"}],"curies":[{"name":"wp","href":"https:\/\/api.w.org\/{rel}","templated":true}]}}