{"id":1117,"date":"2024-12-24T12:08:30","date_gmt":"2024-12-24T11:08:30","guid":{"rendered":"https:\/\/etxebetea.com\/?page_id=1117"},"modified":"2024-12-24T12:42:49","modified_gmt":"2024-12-24T11:42:49","slug":"estibaliz-urresola","status":"publish","type":"page","link":"https:\/\/etxebetea.com\/es\/estibaliz-urresola\/","title":{"rendered":"Estibaliz Urresola"},"content":{"rendered":"\n<div class=\"wp-block-columns are-vertically-aligned-center cabecera--small is-layout-flex wp-container-core-columns-is-layout-9d6595d7 wp-block-columns-is-layout-flex\" id=\"cabecera\">\n<div class=\"wp-block-column is-vertically-aligned-center is-layout-flow wp-block-column-is-layout-flow\" style=\"flex-basis:45%\">\n<figure class=\"wp-block-image alignfull size-full\"><img loading=\"lazy\" decoding=\"async\" width=\"697\" height=\"655\" src=\"https:\/\/etxebetea.com\/wp-content\/uploads\/2024\/12\/estibaliz-urresola.jpg\" alt=\"Estibaliz Urresola\" class=\"wp-image-936\" srcset=\"https:\/\/etxebetea.com\/wp-content\/uploads\/2024\/12\/estibaliz-urresola.jpg 697w, https:\/\/etxebetea.com\/wp-content\/uploads\/2024\/12\/estibaliz-urresola-300x282.jpg 300w\" sizes=\"auto, (max-width: 697px) 100vw, 697px\" \/><\/figure>\n<\/div>\n\n\n\n<div class=\"wp-block-column is-vertically-aligned-center is-layout-flow wp-block-column-is-layout-flow\" style=\"flex-basis:55%\">\n<h1 class=\"wp-block-heading\">Estibaliz Urresola<\/h1>\n\n\n\n<p class=\"link-arrow\"><a href=\"https:\/\/etxebetea.com\/es\/una-habitacion-propia\/\" data-type=\"page\" data-id=\"623\">Una habitaci\u00f3n propia<\/a><\/p>\n<\/div>\n<\/div>\n\n\n\n<div style=\"height:5vh\" aria-hidden=\"true\" class=\"wp-block-spacer\"><\/div>\n\n\n\n<div class=\"wp-block-columns is-layout-flex wp-container-core-columns-is-layout-9d6595d7 wp-block-columns-is-layout-flex\">\n<div class=\"wp-block-column is-layout-flow wp-block-column-is-layout-flow\" style=\"flex-basis:10%\"><\/div>\n\n\n\n<div class=\"wp-block-column is-layout-flow wp-block-column-is-layout-flow\" style=\"flex-basis:90%\">\n<p><strong>Estibaliz Urresola&nbsp;<\/strong>Licenciada en Comunicaci\u00f3n audiovisual (UPV); Edici\u00f3n y Teor\u00eda del Montaje (EICTV); M\u00e1ster en direcci\u00f3n Cinematogr\u00e1fica (ESCAC) y M\u00e1ster en Film Business, marketing, distribuci\u00f3n y ventas internacionales (ESCAC). Desde 2011 ha dirigido los cortometrajes Adri y Polvo Somos y el largometraje documental Voces de papel, estrenado en el Festival Internacional de San Sebasti\u00e1n. Su \u00faltimo cortometraje, Cuerdas, se ha estrenado en la Semaine de la Critique de Cannes y ha ganado varios premios nacionales e internacionales, entre los cuales el Premio Forqu\u00e9 a Mejor Cortometraje. En 2023 su \u00f3pera prima, 20.000 especies de abejas, se ha estrenado en la Secci\u00f3n Oficial de la Berlinale, donde ha sido galardonada con el Oso de Plata a Mejor Interpretaci\u00f3n para Sof\u00eda Otero.<\/p>\n\n\n\n<p>\u00ab<strong>Una habitaci\u00f3n propia<\/strong><em>&nbsp;es, adem\u00e1s del t\u00edtulo de la reconocida obra de Virginia Wolf, el nombre que bautiza la residencia art\u00edstica que convoca Gariza Films, y que este a\u00f1o he tenido la fortuna de conseguir.<\/em><\/p>\n\n\n\n<p>Porque<em>&nbsp;dedicarse al mundo de la creaci\u00f3n significa, casi por definici\u00f3n, bregar con numerosos obst\u00e1culos. Entre ellos dos destacan como los mayores<\/em><em>&nbsp;&nbsp;<\/em><em>enemigos de la libre creaci\u00f3n:&nbsp;<\/em><strong>la falta de independencia econ\u00f3mica<\/strong><em>&nbsp;que nos empuja a involucrarnos en distintos y habitualmente precarios trabajos que nos permitan sobrevivir, y que a su vez&nbsp;<\/em>comprometen<em>&nbsp;el otro factor que es&nbsp;<\/em><strong>la falta de tiempo<\/strong><em>.<\/em><\/p>\n\n\n\n<p><em>Y qu\u00e9 decir sobre el caso particular de las mujeres que, en el mundo de la creaci\u00f3n, como en tantos otros, con las garant\u00edas de igualdad de acceso a las oportunidades mermadas desde el mism\u00edsimo punto de salida, tenemos que correr m\u00e1s para llegar a la misma meta, trabajar m\u00e1s para cobrar parecido, esforzarnos m\u00e1s para demostrar lo mismo. Una agotadora carrera dise\u00f1ada para perderla. Eso lo sabemos hoy, y lo sab\u00eda tambi\u00e9n Virginia Wolf en 1929, hace \u201ctan solo\u201d 90 a\u00f1os.<\/em><\/p>\n\n\n\n<p><em>Por eso resulta tan atinado el nombre que designa esta residencia, cuyos objetivos son concisos y precisos: ofrecer&nbsp;<\/em><strong>espacio, tiempo y dinero<\/strong><em>&nbsp;para que una creadora pueda desarrollar durante 6 meses su propio proyecto.<\/em><\/p>\n\n\n\n<p><em>Y en la presente edici\u00f3n tengo la suerte de ser yo esa creadora. Tengo la fortuna de encontrar el escenario donde plantar mi idea y cultivarla con mi entera dedicaci\u00f3n, acompa\u00f1ada durante todo el proceso.<\/em><\/p>\n\n\n\n<p><em>As\u00ed pues, con la sensaci\u00f3n de la brisa al despuntar del d\u00eda, me dispongo a inaugurar el periodo de pesca para, como tan bellamente describe Wolf en las primeras hojas de su libro, \u201chundir la ca\u00f1a del pensamiento entre los reflejos y las hierbas del r\u00edo\u201d hasta que la mordida desaf\u00ede la punta de mi ca\u00f1a. Tendr\u00e9 que buscar mi propio cebo, tejer mis propias redes\u2026 Pero no tendr\u00e9 que hacerlo sola.<\/em><\/p>\n\n\n\n<p><em>Al final de este recorrido podr\u00e9 tirar de esa ca\u00f1a para contemplar la naturaleza de la criatura que emerge. Y tendr\u00e9 que agradec\u00e9rselo a Lara Izagirre y a Virginia Wolf, (<\/em>o a<em>&nbsp;Mary Beton) ya que ambas llegaron a la misma prosaica conclusi\u00f3n de que hay que tener 500 libras al a\u00f1o y una habitaci\u00f3n con un pestillo en la puerta para poder escribir. O al menos para poder hacerlo bien, con compromiso y responsabilidad.\u00bb<\/em><\/p>\n<\/div>\n<\/div>\n\n\n\n<div style=\"height:10vh\" aria-hidden=\"true\" class=\"wp-block-spacer\"><\/div>\n\n\n\n<div id=\"block-marquee-block_a5bb9de7a62ac0ec7bf9d43986c9b9fe\" class=\"cc-block-marquee alignfull\" >\n\n    <div class=\"cc-block-marquee-wrapper\">\n\n        <a href=\"https:\/\/etxebetea.com\/es\/\" >Vuelve al inicio de ETXE BETEA<\/a>\n\n    <\/div><!-- .cc-block-marquee-wrapper -->\n<\/div>","protected":false},"excerpt":{"rendered":"<p>Estibaliz Urresola Una habitaci\u00f3n propia Estibaliz Urresola&nbsp;Licenciada en Comunicaci\u00f3n audiovisual (UPV); Edici\u00f3n y Teor\u00eda del Montaje (EICTV); M\u00e1ster en direcci\u00f3n Cinematogr\u00e1fica (ESCAC) y M\u00e1ster en Film Business, marketing, distribuci\u00f3n y ventas internacionales (ESCAC). Desde 2011 ha dirigido los cortometrajes Adri y Polvo Somos y el largometraje documental Voces de papel, estrenado en el Festival Internacional [&hellip;]<\/p>\n","protected":false},"author":3,"featured_media":0,"parent":0,"menu_order":0,"comment_status":"closed","ping_status":"closed","template":"","meta":{"_acf_changed":false,"inline_featured_image":false,"_genesis_hide_title":true,"_genesis_hide_breadcrumbs":false,"_genesis_hide_singular_image":false,"_genesis_hide_footer_widgets":false,"_genesis_custom_body_class":"","_genesis_custom_post_class":"","_genesis_layout":"","footnotes":""},"class_list":{"0":"post-1117","1":"page","2":"type-page","3":"status-publish","5":"entry"},"acf":[],"_links":{"self":[{"href":"https:\/\/etxebetea.com\/es\/wp-json\/wp\/v2\/pages\/1117","targetHints":{"allow":["GET"]}}],"collection":[{"href":"https:\/\/etxebetea.com\/es\/wp-json\/wp\/v2\/pages"}],"about":[{"href":"https:\/\/etxebetea.com\/es\/wp-json\/wp\/v2\/types\/page"}],"author":[{"embeddable":true,"href":"https:\/\/etxebetea.com\/es\/wp-json\/wp\/v2\/users\/3"}],"replies":[{"embeddable":true,"href":"https:\/\/etxebetea.com\/es\/wp-json\/wp\/v2\/comments?post=1117"}],"version-history":[{"count":3,"href":"https:\/\/etxebetea.com\/es\/wp-json\/wp\/v2\/pages\/1117\/revisions"}],"predecessor-version":[{"id":1150,"href":"https:\/\/etxebetea.com\/es\/wp-json\/wp\/v2\/pages\/1117\/revisions\/1150"}],"wp:attachment":[{"href":"https:\/\/etxebetea.com\/es\/wp-json\/wp\/v2\/media?parent=1117"}],"curies":[{"name":"wp","href":"https:\/\/api.w.org\/{rel}","templated":true}]}}