{"id":1170,"date":"2024-12-24T12:53:14","date_gmt":"2024-12-24T11:53:14","guid":{"rendered":"https:\/\/etxebetea.com\/?page_id=1170"},"modified":"2024-12-24T12:53:59","modified_gmt":"2024-12-24T11:53:59","slug":"estibaliz-curiel","status":"publish","type":"page","link":"https:\/\/etxebetea.com\/es\/estibaliz-curiel\/","title":{"rendered":"Estibaliz Curiel"},"content":{"rendered":"\n<div class=\"wp-block-columns are-vertically-aligned-center cabecera--small is-layout-flex wp-container-core-columns-is-layout-9d6595d7 wp-block-columns-is-layout-flex\" id=\"cabecera\">\n<div class=\"wp-block-column is-vertically-aligned-center is-layout-flow wp-block-column-is-layout-flow\" style=\"flex-basis:45%\">\n<figure class=\"wp-block-image alignfull size-full\"><img loading=\"lazy\" decoding=\"async\" width=\"697\" height=\"655\" src=\"https:\/\/etxebetea.com\/wp-content\/uploads\/2024\/12\/estibaliz-curiel.jpg\" alt=\"Estibaliz Curiel\" class=\"wp-image-930\" srcset=\"https:\/\/etxebetea.com\/wp-content\/uploads\/2024\/12\/estibaliz-curiel.jpg 697w, https:\/\/etxebetea.com\/wp-content\/uploads\/2024\/12\/estibaliz-curiel-300x282.jpg 300w\" sizes=\"auto, (max-width: 697px) 100vw, 697px\" \/><\/figure>\n<\/div>\n\n\n\n<div class=\"wp-block-column is-vertically-aligned-center is-layout-flow wp-block-column-is-layout-flow\" style=\"flex-basis:55%\">\n<h1 class=\"wp-block-heading\">Estibaliz Curiel<\/h1>\n\n\n\n<p class=\"link-arrow\"><a href=\"https:\/\/etxebetea.com\/es\/elkarrekin-sortzen\/\" data-type=\"page\" data-id=\"625\">Elkarrekin Sortzen<\/a><\/p>\n<\/div>\n<\/div>\n\n\n\n<div style=\"height:5vh\" aria-hidden=\"true\" class=\"wp-block-spacer\"><\/div>\n\n\n\n<div class=\"wp-block-columns is-layout-flex wp-container-core-columns-is-layout-9d6595d7 wp-block-columns-is-layout-flex\">\n<div class=\"wp-block-column is-layout-flow wp-block-column-is-layout-flow\" style=\"flex-basis:10%\"><\/div>\n\n\n\n<div class=\"wp-block-column is-layout-flow wp-block-column-is-layout-flow\" style=\"flex-basis:90%\">\n<p>Zumaia, 1986. Realiz\u00f3 sus estudios de Arte dram\u00e1tico en la Escuela Navarra de Teatro y complet\u00f3 sus estudios en la escuela de Mar Navarro y Andr\u00e9s Hern\u00e1ndez, t\u00e9cnica Lecoq. Ha completado sus estudios trabajando con diversos profesionales, sobre todo en comedia, m\u00e1scaras y en el \u00e1mbito audiovisual.<\/p>\n\n\n\n<p>Ha trabajado con diversas compa\u00f1\u00edas de teatro; Yarleku, Aran Aran, Grupo de teatro de la Universidad Carlos III, Begiradak, Soka! Zirko antzerki intrumentala, Proyecto 43-2. En 2015 participo en TeatroSolo Donostia de Matias Umpierrez. Ha trabajado durante 3 temporadas y en dos espect\u00e1culos de la compa\u00f1\u00eda de teatro de calle Trapuzaharra.<\/p>\n\n\n\n<p>En el \u00e1mbito audiovisual ha trabajado en largometrajes como: \u201cArriya\u201d de Alberto Gorritiberea, \u201cIgelak\u201d de Patxo Telleria, \u201cHandia\u201d de Jon Gara\u00f1o y Aitor Arregi y \u201cAgur Etxebeste\u201d de Telmo Esnal y Asier Altuna, realizando partes peque\u00f1as. Tambi\u00e9n ha participado en diversos cortometrajes, entre ellos y actualmente en festivales \u201cKomando Marmitako\u201d de Uxue Botas y Ane Nafarrate y \u201cBabesa\u201d de Ander Iruretagoiena.<\/p>\n\n\n\n<p>En la actualidad dedica gran parte de su tiempo a la creaci\u00f3n y&nbsp; podemos verla trabajar en espect\u00e1culos propios o grupales. \u201c35 Huts\u201d mon\u00f3logo dirigido por Miren Gojenola y escrito junto a Aitziber Garmendia. Junto a la m\u00fasico Maria Zubimendi en \u201cBote Prontoan\u201d espect\u00e1culo familiar. Y Con la compa\u00f1\u00eda Loli&amp;Flori, \u201cChez emballage\u201d espect\u00e1culo de teatro gestual y objetos creados a base de materiales reciclados, creado junto a Sandra Aguerri y pensado para interpretarse junto a bandas musicales.<\/p>\n<\/div>\n<\/div>\n\n\n\n<div style=\"height:10vh\" aria-hidden=\"true\" class=\"wp-block-spacer\"><\/div>\n\n\n\n<div id=\"block-marquee-block_c3666b03c45f8e613db4c57bf1a6c26e\" class=\"cc-block-marquee alignfull\" >\n\n    <div class=\"cc-block-marquee-wrapper\">\n\n        <a href=\"https:\/\/etxebetea.com\/es\/\" >Vuelve al inicio de ETXE BETEA<\/a>\n\n    <\/div><!-- .cc-block-marquee-wrapper -->\n<\/div>","protected":false},"excerpt":{"rendered":"<p>Estibaliz Curiel Elkarrekin Sortzen Zumaia, 1986. Realiz\u00f3 sus estudios de Arte dram\u00e1tico en la Escuela Navarra de Teatro y complet\u00f3 sus estudios en la escuela de Mar Navarro y Andr\u00e9s Hern\u00e1ndez, t\u00e9cnica Lecoq. Ha completado sus estudios trabajando con diversos profesionales, sobre todo en comedia, m\u00e1scaras y en el \u00e1mbito audiovisual. Ha trabajado con diversas [&hellip;]<\/p>\n","protected":false},"author":3,"featured_media":0,"parent":0,"menu_order":0,"comment_status":"closed","ping_status":"closed","template":"","meta":{"_acf_changed":false,"inline_featured_image":false,"_genesis_hide_title":true,"_genesis_hide_breadcrumbs":false,"_genesis_hide_singular_image":false,"_genesis_hide_footer_widgets":false,"_genesis_custom_body_class":"","_genesis_custom_post_class":"","_genesis_layout":"","footnotes":""},"class_list":{"0":"post-1170","1":"page","2":"type-page","3":"status-publish","5":"entry"},"acf":[],"_links":{"self":[{"href":"https:\/\/etxebetea.com\/es\/wp-json\/wp\/v2\/pages\/1170","targetHints":{"allow":["GET"]}}],"collection":[{"href":"https:\/\/etxebetea.com\/es\/wp-json\/wp\/v2\/pages"}],"about":[{"href":"https:\/\/etxebetea.com\/es\/wp-json\/wp\/v2\/types\/page"}],"author":[{"embeddable":true,"href":"https:\/\/etxebetea.com\/es\/wp-json\/wp\/v2\/users\/3"}],"replies":[{"embeddable":true,"href":"https:\/\/etxebetea.com\/es\/wp-json\/wp\/v2\/comments?post=1170"}],"version-history":[{"count":2,"href":"https:\/\/etxebetea.com\/es\/wp-json\/wp\/v2\/pages\/1170\/revisions"}],"predecessor-version":[{"id":1172,"href":"https:\/\/etxebetea.com\/es\/wp-json\/wp\/v2\/pages\/1170\/revisions\/1172"}],"wp:attachment":[{"href":"https:\/\/etxebetea.com\/es\/wp-json\/wp\/v2\/media?parent=1170"}],"curies":[{"name":"wp","href":"https:\/\/api.w.org\/{rel}","templated":true}]}}