{"id":1920,"date":"2025-07-18T09:39:51","date_gmt":"2025-07-18T08:39:51","guid":{"rendered":"https:\/\/etxebetea.com\/?page_id=1920"},"modified":"2026-02-23T10:46:19","modified_gmt":"2026-02-23T09:46:19","slug":"two-week-international-residency","status":"publish","type":"page","link":"https:\/\/etxebetea.com\/es\/two-week-international-residency\/","title":{"rendered":"Two week international residency"},"content":{"rendered":"\n<div class=\"wp-block-group alignfull page-header bg-green\" id=\"cabecera\"><div class=\"wp-block-group__inner-container is-layout-constrained wp-block-group-is-layout-constrained\">\n<div class=\"wp-block-columns is-layout-flex wp-container-core-columns-is-layout-9d6595d7 wp-block-columns-is-layout-flex\">\n<div class=\"wp-block-column page-header-coltext is-layout-flow wp-block-column-is-layout-flow\">\n<p class=\"page-header-subtitle\">Proyecto<\/p>\n\n\n\n<h1 class=\"wp-block-heading\">Two week international residency<\/h1>\n<\/div>\n\n\n\n<div class=\"wp-block-column page-header-colimg is-layout-flow wp-block-column-is-layout-flow\" style=\"flex-basis:60%\">\n<figure class=\"wp-block-image size-full\"><img loading=\"lazy\" decoding=\"async\" width=\"950\" height=\"676\" src=\"https:\/\/etxebetea.com\/wp-content\/uploads\/2025\/12\/twoweek.jpg\" alt=\"\" class=\"wp-image-2314\" srcset=\"https:\/\/etxebetea.com\/wp-content\/uploads\/2025\/12\/twoweek.jpg 950w, https:\/\/etxebetea.com\/wp-content\/uploads\/2025\/12\/twoweek-300x213.jpg 300w, https:\/\/etxebetea.com\/wp-content\/uploads\/2025\/12\/twoweek-768x546.jpg 768w\" sizes=\"auto, (max-width: 950px) 100vw, 950px\" \/><\/figure>\n<\/div>\n<\/div>\n\n\n\n<div class=\"wp-block-buttons is-content-justification-center is-layout-flex wp-container-core-buttons-is-layout-16018d1d wp-block-buttons-is-layout-flex\">\n<div class=\"wp-block-button\"><a class=\"wp-block-button__link wp-element-button\" href=\"https:\/\/etxebetea.com\/wp-content\/uploads\/2025\/07\/01_Bases_2025_ES-.pdf\">Bases 2025 &#8211; 2026<\/a><\/div>\n<\/div>\n<\/div><\/div>\n\n\n\n<div style=\"height:10vh\" aria-hidden=\"true\" class=\"wp-block-spacer\"><\/div>\n\n\n\n<div class=\"wp-block-columns is-layout-flex wp-container-core-columns-is-layout-9d6595d7 wp-block-columns-is-layout-flex\">\n<div class=\"wp-block-column is-layout-flow wp-block-column-is-layout-flow\" style=\"flex-basis:60%\">\n<p><em>Two Week International Residency <\/em>es un programa impulsado por Etxe Betea que tiene como objetivo acoger durante dos semanas a una cineasta internacional para el desarrollo de un proyecto de largometraje. La residencia tiene lugar en Bilbao y ofrece un entorno de trabajo, acompa\u00f1amiento profesional y feminista, condiciones adecuadas para el avance creativo de la autora y su obra.<\/p>\n\n\n\n<p>Adem\u00e1s de esta residencia, desde ETXE BETEA se llevan a cabo diferentes intercambios internacionales con otras residencias. <\/p>\n\n\n\n<p>Desde 2024, se lleva a cabo un intercambio con el Thessaloniki Film Festival. La artista <strong>Alkisti Efthymiou<\/strong> estuvo desarrollando su proyecto <em>Your delicate friend<\/em> junto con la mentorizaci\u00f3n de la directora Alba Cros en Etxe Betea, mientras que las cineastas <strong>Mikele Landa<\/strong> y <strong>Mar\u00eda Herrera <\/strong>fueron las cineastas seleccionadas para ir al Evia Film Project en Grecia con sus respectivos proyectos de largometrajes. <\/p>\n\n\n\n<p>En 2025, tiene lugar el intercambio con la residencia art\u00edstica Neela Asmaan situada en el valle de Shigar en Pakist\u00e1n. Esta residencia est\u00e1 impulsada por la cineasta Sharmeen Obaid-Chinoy. <strong>Tamara Lucarini <\/strong>con su projecto <em>La gotera<\/em> fue la cineasta seleccionada para ir a Pakist\u00e1n durante dos semanas y una artista pakistan\u00ed desarrollar\u00e1 su proyecto en Etxe Betea durante dos semanas en 2026. <\/p>\n<\/div>\n\n\n\n<div class=\"wp-block-column is-layout-flow wp-block-column-is-layout-flow\" style=\"flex-basis:33.33%\"><\/div>\n<\/div>\n\n\n\n<div style=\"height:10vh\" aria-hidden=\"true\" class=\"wp-block-spacer\"><\/div>\n\n\n\n<div class=\"wp-block-columns alignfull is-layout-flex wp-container-core-columns-is-layout-9d6595d7 wp-block-columns-is-layout-flex\">\n<div class=\"wp-block-column is-layout-flow wp-block-column-is-layout-flow\">\n<figure class=\"wp-block-gallery has-nested-images columns-2 is-cropped wp-block-gallery-1 is-layout-flex wp-block-gallery-is-layout-flex\">\n<figure class=\"wp-block-image size-large\"><img loading=\"lazy\" decoding=\"async\" width=\"1024\" height=\"683\" data-id=\"2348\" src=\"https:\/\/etxebetea.com\/wp-content\/uploads\/2025\/12\/Residencia-internacional-2024_15-1024x683.jpg\" alt=\"\" class=\"wp-image-2348\" srcset=\"https:\/\/etxebetea.com\/wp-content\/uploads\/2025\/12\/Residencia-internacional-2024_15-1024x683.jpg 1024w, https:\/\/etxebetea.com\/wp-content\/uploads\/2025\/12\/Residencia-internacional-2024_15-300x200.jpg 300w, https:\/\/etxebetea.com\/wp-content\/uploads\/2025\/12\/Residencia-internacional-2024_15-768x512.jpg 768w, https:\/\/etxebetea.com\/wp-content\/uploads\/2025\/12\/Residencia-internacional-2024_15-1536x1024.jpg 1536w, https:\/\/etxebetea.com\/wp-content\/uploads\/2025\/12\/Residencia-internacional-2024_15-2048x1365.jpg 2048w\" sizes=\"auto, (max-width: 1024px) 100vw, 1024px\" \/><figcaption class=\"wp-element-caption\">Intercambio con Thessaloniki Film Festival (Alkisti Efthymiou y Alba Cros)<\/figcaption><\/figure>\n\n\n\n<figure class=\"wp-block-image size-large\"><img loading=\"lazy\" decoding=\"async\" width=\"1024\" height=\"683\" data-id=\"2351\" src=\"https:\/\/etxebetea.com\/wp-content\/uploads\/2025\/12\/Residencia-internacional-2024_21-1024x683.jpg\" alt=\"\" class=\"wp-image-2351\" srcset=\"https:\/\/etxebetea.com\/wp-content\/uploads\/2025\/12\/Residencia-internacional-2024_21-1024x683.jpg 1024w, https:\/\/etxebetea.com\/wp-content\/uploads\/2025\/12\/Residencia-internacional-2024_21-300x200.jpg 300w, https:\/\/etxebetea.com\/wp-content\/uploads\/2025\/12\/Residencia-internacional-2024_21-768x512.jpg 768w, https:\/\/etxebetea.com\/wp-content\/uploads\/2025\/12\/Residencia-internacional-2024_21-1536x1024.jpg 1536w, https:\/\/etxebetea.com\/wp-content\/uploads\/2025\/12\/Residencia-internacional-2024_21-2048x1365.jpg 2048w\" sizes=\"auto, (max-width: 1024px) 100vw, 1024px\" \/><figcaption class=\"wp-element-caption\">Intercambio con Thessaloniki Film Festival (Alkisti <strong>Efthymiou<\/strong> y Alba Cros)<\/figcaption><\/figure>\n\n\n\n<figure class=\"wp-block-image size-full\"><img loading=\"lazy\" decoding=\"async\" width=\"950\" height=\"676\" data-id=\"2365\" src=\"https:\/\/etxebetea.com\/wp-content\/uploads\/2025\/12\/mikele-lara.jpg\" alt=\"\" class=\"wp-image-2365\" srcset=\"https:\/\/etxebetea.com\/wp-content\/uploads\/2025\/12\/mikele-lara.jpg 950w, https:\/\/etxebetea.com\/wp-content\/uploads\/2025\/12\/mikele-lara-300x213.jpg 300w, https:\/\/etxebetea.com\/wp-content\/uploads\/2025\/12\/mikele-lara-768x546.jpg 768w\" sizes=\"auto, (max-width: 950px) 100vw, 950px\" \/><figcaption class=\"wp-element-caption\">Intercambio con Thessaloniki Film Festival (Mikele Landa y Lara Izagirre)<\/figcaption><\/figure>\n\n\n\n<figure class=\"wp-block-image size-full\"><img loading=\"lazy\" decoding=\"async\" width=\"950\" height=\"676\" data-id=\"2362\" src=\"https:\/\/etxebetea.com\/wp-content\/uploads\/2025\/12\/mikele-lara2.jpg\" alt=\"\" class=\"wp-image-2362\" srcset=\"https:\/\/etxebetea.com\/wp-content\/uploads\/2025\/12\/mikele-lara2.jpg 950w, https:\/\/etxebetea.com\/wp-content\/uploads\/2025\/12\/mikele-lara2-300x213.jpg 300w, https:\/\/etxebetea.com\/wp-content\/uploads\/2025\/12\/mikele-lara2-768x546.jpg 768w\" sizes=\"auto, (max-width: 950px) 100vw, 950px\" \/><figcaption class=\"wp-element-caption\">Intercambio con Thessaloniki Film Festival (Mikele Landa y Lara Izagirre)<\/figcaption><\/figure>\n<\/figure>\n\n\n\n<figure class=\"wp-block-gallery has-nested-images columns-2 is-cropped wp-block-gallery-2 is-layout-flex wp-block-gallery-is-layout-flex\">\n<figure class=\"wp-block-image size-large\"><img loading=\"lazy\" decoding=\"async\" width=\"950\" height=\"676\" data-id=\"2371\" src=\"https:\/\/etxebetea.com\/wp-content\/uploads\/2025\/12\/pakistan.jpg\" alt=\"\" class=\"wp-image-2371\" srcset=\"https:\/\/etxebetea.com\/wp-content\/uploads\/2025\/12\/pakistan.jpg 950w, https:\/\/etxebetea.com\/wp-content\/uploads\/2025\/12\/pakistan-300x213.jpg 300w, https:\/\/etxebetea.com\/wp-content\/uploads\/2025\/12\/pakistan-768x546.jpg 768w\" sizes=\"auto, (max-width: 950px) 100vw, 950px\" \/><figcaption class=\"wp-element-caption\">Intercambio con Neela Asmaan (Tamara Lucarini)<\/figcaption><\/figure>\n\n\n\n<figure class=\"wp-block-image size-large\"><img loading=\"lazy\" decoding=\"async\" width=\"950\" height=\"676\" data-id=\"2374\" src=\"https:\/\/etxebetea.com\/wp-content\/uploads\/2025\/12\/pakistan2.jpg\" alt=\"\" class=\"wp-image-2374\" srcset=\"https:\/\/etxebetea.com\/wp-content\/uploads\/2025\/12\/pakistan2.jpg 950w, https:\/\/etxebetea.com\/wp-content\/uploads\/2025\/12\/pakistan2-300x213.jpg 300w, https:\/\/etxebetea.com\/wp-content\/uploads\/2025\/12\/pakistan2-768x546.jpg 768w\" sizes=\"auto, (max-width: 950px) 100vw, 950px\" \/><figcaption class=\"wp-element-caption\">Intercambio con Neela Asmaan (Tamara Lucarini)<\/figcaption><\/figure>\n\n\n\n<figure class=\"wp-block-image size-large\"><img loading=\"lazy\" decoding=\"async\" width=\"950\" height=\"676\" data-id=\"2368\" src=\"https:\/\/etxebetea.com\/wp-content\/uploads\/2025\/12\/twoweeke2-2.jpg\" alt=\"\" class=\"wp-image-2368\" srcset=\"https:\/\/etxebetea.com\/wp-content\/uploads\/2025\/12\/twoweeke2-2.jpg 950w, https:\/\/etxebetea.com\/wp-content\/uploads\/2025\/12\/twoweeke2-2-300x213.jpg 300w, https:\/\/etxebetea.com\/wp-content\/uploads\/2025\/12\/twoweeke2-2-768x546.jpg 768w\" sizes=\"auto, (max-width: 950px) 100vw, 950px\" \/><figcaption class=\"wp-element-caption\">Two Week International Residency (Mar\u00edu Lombardi y Ana Hormaetxea) <\/figcaption><\/figure>\n\n\n\n<figure class=\"wp-block-image size-large\"><img loading=\"lazy\" decoding=\"async\" width=\"950\" height=\"676\" data-id=\"2375\" src=\"https:\/\/etxebetea.com\/wp-content\/uploads\/2025\/12\/twoweek2-2.jpg\" alt=\"\" class=\"wp-image-2375\" srcset=\"https:\/\/etxebetea.com\/wp-content\/uploads\/2025\/12\/twoweek2-2.jpg 950w, https:\/\/etxebetea.com\/wp-content\/uploads\/2025\/12\/twoweek2-2-300x213.jpg 300w, https:\/\/etxebetea.com\/wp-content\/uploads\/2025\/12\/twoweek2-2-768x546.jpg 768w\" sizes=\"auto, (max-width: 950px) 100vw, 950px\" \/><figcaption class=\"wp-element-caption\">Two Week International Residency (Mar\u00edu Lombardi) <\/figcaption><\/figure>\n<\/figure>\n<\/div>\n<\/div>\n\n\n\n<div style=\"height:10vh\" aria-hidden=\"true\" class=\"wp-block-spacer\"><\/div>\n\n\n\n<div class=\"wp-block-columns is-layout-flex wp-container-core-columns-is-layout-9d6595d7 wp-block-columns-is-layout-flex\">\n<div class=\"wp-block-column is-layout-flow wp-block-column-is-layout-flow\" style=\"flex-basis:60%\">\n<p>En la primera edici\u00f3n de <em>Two Week International Residency <\/em>llevada cabo en Etxe Betea, Bilbao, la cineasta seleccionada ha sido <strong>Mari\u00fa Lombardi<\/strong> con su proyecto <em>Menstruopia<\/em>. Su mentora ha sido Ana Hormaetxea. <\/p>\n<\/div>\n\n\n\n<div class=\"wp-block-column is-layout-flow wp-block-column-is-layout-flow\" style=\"flex-basis:33.33%\"><\/div>\n<\/div>\n\n\n\n<div style=\"height:10vh\" aria-hidden=\"true\" class=\"wp-block-spacer\"><\/div>\n\n\n\n<h3 class=\"wp-block-heading\">Lo que ofrece Two Week International Residency es:<\/h3>\n\n\n\n<div class=\"wp-block-columns is-layout-flex wp-container-core-columns-is-layout-9d6595d7 wp-block-columns-is-layout-flex\">\n<div class=\"wp-block-column is-layout-flow wp-block-column-is-layout-flow\" style=\"flex-basis:20%\"><\/div>\n\n\n\n<div class=\"wp-block-column is-layout-flow wp-block-column-is-layout-flow\" style=\"flex-basis:80%\">\n<ul class=\"wp-block-list\">\n<li><strong>Alojamiento <\/strong>durante dos semanas en <em>Etxe Betea.<\/em><\/li>\n\n\n\n<li><strong>Un sitio donde poder trabajar <\/strong>dentro de <em>Etxe Betea <\/em>durante las dos semanas.<\/li>\n\n\n\n<li><strong>Mentor\u00edas <\/strong>con una mujer profesional del sector.<br><\/li>\n<\/ul>\n\n\n\n<div class=\"wp-block-buttons alignfull is-content-justification-left is-layout-flex wp-container-core-buttons-is-layout-fdcfc74e wp-block-buttons-is-layout-flex\">\n<div class=\"wp-block-button\"><a class=\"wp-block-button__link wp-element-button\" href=\"https:\/\/etxebetea.com\/wp-content\/uploads\/2025\/07\/01_Bases_2025_ES-.pdf\">Bases 2025 &#8211; 2026<\/a><\/div>\n<\/div>\n<\/div>\n<\/div>\n\n\n\n<div style=\"height:10vh\" aria-hidden=\"true\" class=\"wp-block-spacer\"><\/div>\n\n\n\n<div id=\"accordion-block-block_514dfeb8f8c24746f90951d646c7a6a1\" class=\"cc-accordion-block alignfull\">\n\n    <div class=\"accordion-wrap\">\n        \n        <div class=\"cc-area\" id=\"Current \">\n            <div class=\"area-title-wrap\" aria-expanded=\"false\">\n                                    <h2 class=\"area-title\">primera edici\u00f3n<span class=\"cc-icon icon-arrow-right\"><\/span><\/h2>\n                            <\/div>\n\n            <div class=\"area-content\">\n                \n\n<div class=\"wp-block-columns fitxas is-layout-flex wp-container-core-columns-is-layout-9d6595d7 wp-block-columns-is-layout-flex\">\n<div class=\"wp-block-column fitxa is-layout-flow wp-block-column-is-layout-flow\">\n<p><\/p>\n\n\n\n<div class=\"wp-block-group fitxa-img-wrapper\"><div class=\"wp-block-group__inner-container is-layout-constrained wp-block-group-is-layout-constrained\">\n<figure class=\"wp-block-image size-full fitxa-img\"><img loading=\"lazy\" decoding=\"async\" width=\"697\" height=\"655\" src=\"https:\/\/etxebetea.com\/wp-content\/uploads\/2025\/12\/mariu.jpg\" alt=\"\" class=\"wp-image-2304\" srcset=\"https:\/\/etxebetea.com\/wp-content\/uploads\/2025\/12\/mariu.jpg 697w, https:\/\/etxebetea.com\/wp-content\/uploads\/2025\/12\/mariu-300x282.jpg 300w\" sizes=\"auto, (max-width: 697px) 100vw, 697px\" \/><\/figure>\n\n\n\n<p class=\"fitxa-link\"><a href=\"https:\/\/etxebetea.com\/es\/mariu-lombardi\/\" data-type=\"page\" data-id=\"1367\">Ver m\u00e1s<\/a><\/p>\n<\/div><\/div>\n\n\n\n<h4 class=\"wp-block-heading fitxa-name\">Mari\u00fa Lombardi<\/h4>\n\n\n\n<p class=\"fitxa-project\"><em><em>Menstruopia<\/em><\/em><\/p>\n<\/div>\n\n\n\n<div class=\"wp-block-column fitxa is-layout-flow wp-block-column-is-layout-flow\"><\/div>\n<\/div>\n\n\n                            <\/div>\n        <\/div>\n\n    <\/div><!-- .accordion-wrap -->\n\n\n<\/div>\n\n\n<div id=\"accordion-block-block_ac59081b6fc24387e83788afd2650d6d\" class=\"cc-accordion-block alignfull\">\n\n    <div class=\"accordion-wrap\">\n        \n        <div class=\"cc-area\" id=\"Current \">\n            <div class=\"area-title-wrap\" aria-expanded=\"false\">\n                                    <h2 class=\"area-title\">INTERCAMBIO CON NEELA ASMAAN (PAKIST\u00c1N)<span class=\"cc-icon icon-arrow-right\"><\/span><\/h2>\n                            <\/div>\n\n            <div class=\"area-content\">\n                \n\n<div class=\"wp-block-columns fitxas is-layout-flex wp-container-core-columns-is-layout-9d6595d7 wp-block-columns-is-layout-flex\">\n<div class=\"wp-block-column fitxa is-layout-flow wp-block-column-is-layout-flow\">\n<p class=\"fitxa-lang\">spanish<\/p>\n\n\n\n<div class=\"wp-block-group fitxa-img-wrapper\"><div class=\"wp-block-group__inner-container is-layout-constrained wp-block-group-is-layout-constrained\">\n<figure class=\"wp-block-image size-full fitxa-img\"><img loading=\"lazy\" decoding=\"async\" width=\"697\" height=\"655\" src=\"https:\/\/etxebetea.com\/wp-content\/uploads\/2025\/12\/tamara.jpg\" alt=\"\" class=\"wp-image-2191\" srcset=\"https:\/\/etxebetea.com\/wp-content\/uploads\/2025\/12\/tamara.jpg 697w, https:\/\/etxebetea.com\/wp-content\/uploads\/2025\/12\/tamara-300x282.jpg 300w\" sizes=\"auto, (max-width: 697px) 100vw, 697px\" \/><\/figure>\n\n\n\n<p class=\"fitxa-link\"><a href=\"https:\/\/etxebetea.com\/en\/tamara-lucarini\/\" data-type=\"page\" data-id=\"1367\">See more<\/a><\/p>\n<\/div><\/div>\n\n\n\n<h4 class=\"wp-block-heading fitxa-name\">Tamara Lucarini<\/h4>\n\n\n\n<p class=\"fitxa-project\"><em><em>La Gotera<\/em><\/em><\/p>\n<\/div>\n\n\n\n<div class=\"wp-block-column fitxa is-layout-flow wp-block-column-is-layout-flow\"><\/div>\n<\/div>\n\n\n                            <\/div>\n        <\/div>\n\n    <\/div><!-- .accordion-wrap -->\n\n\n<\/div>\n\n\n<div id=\"accordion-block-block_295399e2bf75ecda9f430fa3e9a8232a\" class=\"cc-accordion-block alignfull\">\n\n    <div class=\"accordion-wrap\">\n        \n        <div class=\"cc-area\" id=\"actual\">\n            <div class=\"area-title-wrap\" aria-expanded=\"false\">\n                                    <h2 class=\"area-title\">Intercambio con el Festival Internacional de Thessaloniki (GRECIA)<span class=\"cc-icon icon-arrow-right\"><\/span><\/h2>\n                            <\/div>\n\n            <div class=\"area-content\">\n                \n\n<div class=\"wp-block-columns fitxas is-layout-flex wp-container-core-columns-is-layout-9d6595d7 wp-block-columns-is-layout-flex\">\n<div class=\"wp-block-column fitxa is-layout-flow wp-block-column-is-layout-flow\">\n<div class=\"wp-block-group fitxa-img-wrapper\"><div class=\"wp-block-group__inner-container is-layout-constrained wp-block-group-is-layout-constrained\">\n<figure class=\"wp-block-image size-full fitxa-img\"><img loading=\"lazy\" decoding=\"async\" width=\"697\" height=\"655\" src=\"https:\/\/etxebetea.com\/wp-content\/uploads\/2024\/12\/alkisti-efthymiou.jpg\" alt=\"Alkisti Efthymiou\" class=\"wp-image-1467\" srcset=\"https:\/\/etxebetea.com\/wp-content\/uploads\/2024\/12\/alkisti-efthymiou.jpg 697w, https:\/\/etxebetea.com\/wp-content\/uploads\/2024\/12\/alkisti-efthymiou-300x282.jpg 300w\" sizes=\"auto, (max-width: 697px) 100vw, 697px\" \/><\/figure>\n\n\n\n<p class=\"fitxa-link\"><a href=\"https:\/\/etxebetea.com\/es\/alkisti-efthymiou\/\" data-type=\"page\" data-id=\"1471\">Ver m\u00e1s<\/a><\/p>\n<\/div><\/div>\n\n\n\n<h4 class=\"wp-block-heading fitxa-name\">Alkisti Efthymiou<\/h4>\n\n\n\n<p class=\"fitxa-project\"><em><em>Your delicate friend<\/em><\/em><\/p>\n\n\n\n<figure class=\"wp-block-image size-full fitxa-img\"><img loading=\"lazy\" decoding=\"async\" width=\"697\" height=\"655\" src=\"https:\/\/etxebetea.com\/wp-content\/uploads\/2024\/12\/maria-herrera.jpg\" alt=\"Mar\u00eda Herrera\" class=\"wp-image-954\" srcset=\"https:\/\/etxebetea.com\/wp-content\/uploads\/2024\/12\/maria-herrera.jpg 697w, https:\/\/etxebetea.com\/wp-content\/uploads\/2024\/12\/maria-herrera-300x282.jpg 300w\" sizes=\"auto, (max-width: 697px) 100vw, 697px\" \/><\/figure>\n\n\n\n<p><a href=\"https:\/\/etxebetea.com\/es\/maria-herrera\/\" data-type=\"page\" data-id=\"1471\">Ver m\u00e1s<\/a><\/p>\n\n\n\n<h4 class=\"wp-block-heading\">Mar\u00eda Herrera<\/h4>\n\n\n\n<p><em>Desde que t\u00fa te has ido<\/em><\/p>\n<\/div>\n\n\n\n<div class=\"wp-block-column fitxa is-layout-flow wp-block-column-is-layout-flow\">\n<div class=\"wp-block-group fitxa-img-wrapper\"><div class=\"wp-block-group__inner-container is-layout-constrained wp-block-group-is-layout-constrained\">\n<figure class=\"wp-block-image size-full fitxa-img\"><img loading=\"lazy\" decoding=\"async\" width=\"513\" height=\"513\" src=\"https:\/\/etxebetea.com\/wp-content\/uploads\/2024\/05\/mikele-landa-2.jpg\" alt=\"Mikele Landa\" class=\"wp-image-521\" srcset=\"https:\/\/etxebetea.com\/wp-content\/uploads\/2024\/05\/mikele-landa-2.jpg 513w, https:\/\/etxebetea.com\/wp-content\/uploads\/2024\/05\/mikele-landa-2-300x300.jpg 300w, https:\/\/etxebetea.com\/wp-content\/uploads\/2024\/05\/mikele-landa-2-150x150.jpg 150w, https:\/\/etxebetea.com\/wp-content\/uploads\/2024\/05\/mikele-landa-2-75x75.jpg 75w\" sizes=\"auto, (max-width: 513px) 100vw, 513px\" \/><\/figure>\n\n\n\n<p class=\"fitxa-link\"><a href=\"https:\/\/etxebetea.com\/es\/mikele-landa-eiguren\/\" data-type=\"link\" data-id=\"https:\/\/etxebetea.com\/es\/mikele-landa-eiguren\/\">Ver m\u00e1s<\/a><\/p>\n<\/div><\/div>\n\n\n\n<h4 class=\"wp-block-heading\">Mikele Landa<\/h4>\n\n\n\n<p><em>Senda<\/em><\/p>\n<\/div>\n<\/div>\n\n\n                            <\/div>\n        <\/div>\n\n    <\/div><!-- .accordion-wrap -->\n\n\n<\/div>\n\n\n<div class=\"wp-block-columns alignfull cta-footer-cols is-layout-flex wp-container-core-columns-is-layout-9d6595d7 wp-block-columns-is-layout-flex\">\n<div class=\"wp-block-column is-layout-flow wp-block-column-is-layout-flow\">\n<div class=\"wp-block-cover alignfull is-light has-custom-content-position is-position-top-center cta-footer cta-footer--door\" style=\"min-height:100vh;aspect-ratio:unset;\"><img loading=\"lazy\" decoding=\"async\" width=\"960\" height=\"1066\" class=\"wp-block-cover__image-background wp-image-805\" alt=\"\" src=\"https:\/\/etxebetea.com\/wp-content\/uploads\/2024\/12\/footer_una-habitacion-propia.jpg\" data-object-fit=\"cover\" srcset=\"https:\/\/etxebetea.com\/wp-content\/uploads\/2024\/12\/footer_una-habitacion-propia.jpg 960w, https:\/\/etxebetea.com\/wp-content\/uploads\/2024\/12\/footer_una-habitacion-propia-270x300.jpg 270w, https:\/\/etxebetea.com\/wp-content\/uploads\/2024\/12\/footer_una-habitacion-propia-922x1024.jpg 922w, https:\/\/etxebetea.com\/wp-content\/uploads\/2024\/12\/footer_una-habitacion-propia-768x853.jpg 768w\" sizes=\"auto, (max-width: 960px) 100vw, 960px\" \/><span aria-hidden=\"true\" class=\"wp-block-cover__background has-background-dim-0 has-background-dim\" style=\"background-color:#a59d95\"><\/span><div class=\"wp-block-cover__inner-container is-layout-constrained wp-block-cover-is-layout-constrained\">\n<p class=\"cta-footer--link\"><a href=\"https:\/\/etxebetea.com\/es\/una-habitacion-propia\/\" data-type=\"page\" data-id=\"623\">Una habitaci\u00f3n propia<\/a><\/p>\n<\/div><\/div>\n<\/div>\n\n\n\n<div class=\"wp-block-column is-layout-flow wp-block-column-is-layout-flow\">\n<div class=\"wp-block-cover alignfull has-custom-content-position is-position-top-center cta-footer cta-footer--cam\" style=\"min-height:100vh;aspect-ratio:unset;\"><img loading=\"lazy\" decoding=\"async\" width=\"960\" height=\"1066\" class=\"wp-block-cover__image-background wp-image-808\" alt=\"\" src=\"https:\/\/etxebetea.com\/wp-content\/uploads\/2024\/12\/footer-elkarrekin-sortzen.jpg\" data-object-fit=\"cover\" srcset=\"https:\/\/etxebetea.com\/wp-content\/uploads\/2024\/12\/footer-elkarrekin-sortzen.jpg 960w, https:\/\/etxebetea.com\/wp-content\/uploads\/2024\/12\/footer-elkarrekin-sortzen-270x300.jpg 270w, https:\/\/etxebetea.com\/wp-content\/uploads\/2024\/12\/footer-elkarrekin-sortzen-922x1024.jpg 922w, https:\/\/etxebetea.com\/wp-content\/uploads\/2024\/12\/footer-elkarrekin-sortzen-768x853.jpg 768w\" sizes=\"auto, (max-width: 960px) 100vw, 960px\" \/><span aria-hidden=\"true\" class=\"wp-block-cover__background has-background-dim-0 has-background-dim\" style=\"background-color:#716865\"><\/span><div class=\"wp-block-cover__inner-container is-layout-constrained wp-block-cover-is-layout-constrained\">\n<p class=\"cta-footer--link\"><a href=\"https:\/\/etxebetea.com\/es\/elkarrekin-sortzen\/\" data-type=\"page\" data-id=\"625\">Elkarrekin sortzen<\/a><\/p>\n<\/div><\/div>\n<\/div>\n<\/div>\n","protected":false},"excerpt":{"rendered":"<p>Proyecto Two week international residency Two Week International Residency es un programa impulsado por Etxe Betea que tiene como objetivo acoger durante dos semanas a una cineasta internacional para el desarrollo de un proyecto de largometraje. La residencia tiene lugar en Bilbao y ofrece un entorno de trabajo, acompa\u00f1amiento profesional y feminista, condiciones adecuadas para [&hellip;]<\/p>\n","protected":false},"author":5,"featured_media":0,"parent":0,"menu_order":0,"comment_status":"closed","ping_status":"closed","template":"","meta":{"_acf_changed":false,"inline_featured_image":false,"_genesis_hide_title":true,"_genesis_hide_breadcrumbs":false,"_genesis_hide_singular_image":false,"_genesis_hide_footer_widgets":false,"_genesis_custom_body_class":"bg-red","_genesis_custom_post_class":"","_genesis_layout":"","footnotes":""},"class_list":{"0":"post-1920","1":"page","2":"type-page","3":"status-publish","5":"entry","6":"has-post-thumbnail"},"acf":[],"_links":{"self":[{"href":"https:\/\/etxebetea.com\/es\/wp-json\/wp\/v2\/pages\/1920","targetHints":{"allow":["GET"]}}],"collection":[{"href":"https:\/\/etxebetea.com\/es\/wp-json\/wp\/v2\/pages"}],"about":[{"href":"https:\/\/etxebetea.com\/es\/wp-json\/wp\/v2\/types\/page"}],"author":[{"embeddable":true,"href":"https:\/\/etxebetea.com\/es\/wp-json\/wp\/v2\/users\/5"}],"replies":[{"embeddable":true,"href":"https:\/\/etxebetea.com\/es\/wp-json\/wp\/v2\/comments?post=1920"}],"version-history":[{"count":22,"href":"https:\/\/etxebetea.com\/es\/wp-json\/wp\/v2\/pages\/1920\/revisions"}],"predecessor-version":[{"id":2537,"href":"https:\/\/etxebetea.com\/es\/wp-json\/wp\/v2\/pages\/1920\/revisions\/2537"}],"wp:attachment":[{"href":"https:\/\/etxebetea.com\/es\/wp-json\/wp\/v2\/media?parent=1920"}],"curies":[{"name":"wp","href":"https:\/\/api.w.org\/{rel}","templated":true}]}}