{"id":2,"date":"2022-04-27T10:20:25","date_gmt":"2022-04-27T10:20:25","guid":{"rendered":"https:\/\/lacasallena.com\/?page_id=2"},"modified":"2025-12-03T09:57:56","modified_gmt":"2025-12-03T08:57:56","slug":"sample-page","status":"publish","type":"page","link":"https:\/\/etxebetea.com\/es\/","title":{"rendered":"Home"},"content":{"rendered":"\n<div class=\"wp-block-group alignfull section-header galeriaheader-parent\"><div class=\"wp-block-group__inner-container is-layout-flow wp-block-group-is-layout-flow\">\n<div id=\"block-galeriaheader-block_cd4d7c83d8baaeef0fe16d9dbead50d8\" class=\"cc-block-galeriaheader\">\n\n    <div class=\"cc-block-galeriaheader-wrapper\">\n\n        <div class=\"cc-block-galeriaheader-image\" style=\"background-image: url(https:\/\/etxebetea.com\/wp-content\/uploads\/2024\/12\/galeria1-scaled.jpg); left: 0%; bottom:60%;\"><\/div><div class=\"cc-block-galeriaheader-image\" style=\"background-image: url(https:\/\/etxebetea.com\/wp-content\/uploads\/2024\/12\/galeria2.jpg); left: 20%; bottom:75%;\"><\/div><div class=\"cc-block-galeriaheader-image\" style=\"background-image: url(https:\/\/etxebetea.com\/wp-content\/uploads\/2024\/12\/galeria3.jpg); left: 60%; bottom:80%;\"><\/div><div class=\"cc-block-galeriaheader-image\" style=\"background-image: url(https:\/\/etxebetea.com\/wp-content\/uploads\/2024\/12\/galeria4.jpg); left: 80%; bottom:75%;\"><\/div><div class=\"cc-block-galeriaheader-image\" style=\"background-image: url(https:\/\/etxebetea.com\/wp-content\/uploads\/2024\/12\/galeria5.jpg); left: 92%; bottom:5%;\"><\/div><div class=\"cc-block-galeriaheader-image\" style=\"background-image: url(https:\/\/etxebetea.com\/wp-content\/uploads\/2024\/12\/galeria6.jpg); left: 75%; bottom:0%;\"><\/div><div class=\"cc-block-galeriaheader-image\" style=\"background-image: url(https:\/\/etxebetea.com\/wp-content\/uploads\/2024\/12\/galeria7.jpg); left: 10%; bottom:5%;\"><\/div><div class=\"cc-block-galeriaheader-image\" style=\"background-image: url(https:\/\/etxebetea.com\/wp-content\/uploads\/2024\/12\/galeria8.jpg); left: 2%; bottom:10%;\"><\/div>    <\/div><!-- .cc-block-galeriaheader-wrapper -->\n    <div class=\"cc-block-galeriaheader-mobile\">\n        <div class=\"cc-block-galeriaheader-image\"><video autoplay muted loop playsinline><source src=\"https:\/\/etxebetea.com\/wp-content\/uploads\/2025\/07\/etxe_betea_video-1.webm\" type=\"video\/webm\">Tu navegador no soporta el elemento video.<\/video><\/div>    <\/div>\n<\/div>\n\n\n<h1 class=\"wp-block-heading\">Etxe Betea<\/h1>\n\n\n\n<p class=\"has-text-align-left\">Un espacio creativo de encuentro para mujeres de diferentes \u00e1mbitos art\u00edsticos<\/p>\n\n\n\n<p class=\"has-text-align-center readmore-link\">saber m\u00e1s<\/p>\n\n\n\n<p class=\"link-arrow--header\"><a href=\"https:\/\/etxebetea.com\/wp-content\/uploads\/2025\/07\/01_Bases_2025_ES-.pdf\">4 convocatorias cerradas<\/a><\/p>\n<\/div><\/div>\n\n\n\n<div style=\"height:25vh\" aria-hidden=\"true\" id=\"readmore-content\" class=\"wp-block-spacer\"><\/div>\n\n\n\n<div class=\"wp-block-columns is-layout-flex wp-container-core-columns-is-layout-9d6595d7 wp-block-columns-is-layout-flex\">\n<div class=\"wp-block-column is-layout-flow wp-block-column-is-layout-flow\" style=\"flex-basis:33.33%\"><\/div>\n\n\n\n<div class=\"wp-block-column is-layout-flow wp-block-column-is-layout-flow\" style=\"flex-basis:66.66%\">\n<p>Etxe Betea es un lugar donde poder trabajar juntas, establecer nuevas relaciones interculturales y fomentar nuevas l\u00edneas de trabajo con perspectiva feminista.<\/p>\n<\/div>\n<\/div>\n\n\n\n<div style=\"height:5vh\" aria-hidden=\"true\" class=\"wp-block-spacer\"><\/div>\n\n\n\n<div id=\"habitacion\" class=\"wp-block-group section-2\"><div class=\"wp-block-group__inner-container is-layout-flow wp-block-group-is-layout-flow\">\n<div class=\"wp-block-columns cols-parallax cols-flip is-layout-flex wp-container-core-columns-is-layout-9d6595d7 wp-block-columns-is-layout-flex\">\n<div class=\"wp-block-column do-parallax is-layout-flow wp-block-column-is-layout-flow\">\n<h2 class=\"wp-block-heading content-parallax\">Una habitaci\u00f3n propia<\/h2>\n<\/div>\n\n\n\n<div class=\"wp-block-column img-parallax col-flip is-layout-flow wp-block-column-is-layout-flow\">\n<figure class=\"wp-block-image size-full\"><img loading=\"lazy\" decoding=\"async\" width=\"900\" height=\"620\" src=\"https:\/\/etxebetea.com\/wp-content\/uploads\/2024\/12\/una-habitacion-propia.jpg\" alt=\"\" class=\"wp-image-668\" srcset=\"https:\/\/etxebetea.com\/wp-content\/uploads\/2024\/12\/una-habitacion-propia.jpg 900w, https:\/\/etxebetea.com\/wp-content\/uploads\/2024\/12\/una-habitacion-propia-300x207.jpg 300w, https:\/\/etxebetea.com\/wp-content\/uploads\/2024\/12\/una-habitacion-propia-768x529.jpg 768w\" sizes=\"auto, (max-width: 900px) 100vw, 900px\" \/><\/figure>\n\n\n\n<p>La residencia art\u00edstica, Una Habitaci\u00f3n Propia, es el sue\u00f1o de un grupo de mujeres cineastas inspirado por Virginia Woolf.<\/p>\n<\/div>\n\n\n\n<div class=\"wp-block-column col-link-flip is-layout-flow wp-block-column-is-layout-flow\">\n<p class=\"link-arrow\"><a href=\"https:\/\/etxebetea.com\/es\/una-habitacion-propia\/\" data-type=\"page\" data-id=\"623\">Descubre la residencia<\/a><\/p>\n<\/div>\n<\/div>\n<\/div><\/div>\n\n\n\n<div style=\"height:100px\" aria-hidden=\"true\" class=\"wp-block-spacer\"><\/div>\n\n\n\n<div id=\"elkarrekin\" class=\"wp-block-group section-3\"><div class=\"wp-block-group__inner-container is-layout-flow wp-block-group-is-layout-flow\">\n<div class=\"wp-block-columns cols-parallax cols-flip is-layout-flex wp-container-core-columns-is-layout-9d6595d7 wp-block-columns-is-layout-flex\">\n<div class=\"wp-block-column is-layout-flow wp-block-column-is-layout-flow\" style=\"flex-basis:20%\"><\/div>\n\n\n\n<div class=\"wp-block-column is-vertically-aligned-center do-parallax is-layout-flow wp-block-column-is-layout-flow\" style=\"flex-basis:35%\">\n<h2 class=\"wp-block-heading content-parallax\">Elkarrekin Sortzen<\/h2>\n\n\n\n<p class=\"link-arrow\"><a href=\"https:\/\/etxebetea.com\/es\/elkarrekin-sortzen\/\">Descubre el programa<\/a><\/p>\n<\/div>\n\n\n\n<div class=\"wp-block-column col-link-flip is-layout-flow wp-block-column-is-layout-flow\">\n<p class=\"has-text-align-right\"><a href=\"https:\/\/etxebetea.com\/es\/elkarrekin-sortzen\/\" data-type=\"page\" data-id=\"625\"> <\/a><\/p>\n<\/div>\n\n\n\n<div class=\"wp-block-column img-parallax col-flip is-layout-flow wp-block-column-is-layout-flow\" style=\"flex-basis:30%\">\n<figure class=\"wp-block-image size-full\"><img loading=\"lazy\" decoding=\"async\" width=\"496\" height=\"720\" src=\"https:\/\/etxebetea.com\/wp-content\/uploads\/2024\/12\/menu-bg-2.jpg\" alt=\"\" class=\"wp-image-647\" srcset=\"https:\/\/etxebetea.com\/wp-content\/uploads\/2024\/12\/menu-bg-2.jpg 496w, https:\/\/etxebetea.com\/wp-content\/uploads\/2024\/12\/menu-bg-2-207x300.jpg 207w\" sizes=\"auto, (max-width: 496px) 100vw, 496px\" \/><\/figure>\n\n\n\n<p>Elkarrekin Sortzen, un grupo de trabajo de cineastas, genera espacios y encuentros \u00fanicos para la colaboraci\u00f3n.<\/p>\n<\/div>\n<\/div>\n<\/div><\/div>\n\n\n\n<div style=\"height:100px\" aria-hidden=\"true\" class=\"wp-block-spacer\"><\/div>\n\n\n\n<div id=\"residencia\" class=\"wp-block-group section-4\"><div class=\"wp-block-group__inner-container is-layout-flow wp-block-group-is-layout-flow\">\n<div class=\"wp-block-columns cols-parallax cols-flip is-layout-flex wp-container-core-columns-is-layout-9d6595d7 wp-block-columns-is-layout-flex\">\n<div class=\"wp-block-column img-parallax col-flip is-layout-flow wp-block-column-is-layout-flow\" style=\"flex-basis:30%\">\n<figure class=\"wp-block-image size-full\"><img loading=\"lazy\" decoding=\"async\" width=\"496\" height=\"720\" src=\"https:\/\/etxebetea.com\/wp-content\/uploads\/2025\/03\/alkisti_eweb.jpg\" alt=\"\" class=\"wp-image-1724\" srcset=\"https:\/\/etxebetea.com\/wp-content\/uploads\/2025\/03\/alkisti_eweb.jpg 496w, https:\/\/etxebetea.com\/wp-content\/uploads\/2025\/03\/alkisti_eweb-207x300.jpg 207w\" sizes=\"auto, (max-width: 496px) 100vw, 496px\" \/><\/figure>\n\n\n\n<p>Abrimos dos nuevas residencias internacionales: A shelter of one&#8217;s own y Two Week International Residency<\/p>\n<\/div>\n\n\n\n<div class=\"wp-block-column col-link-flip is-layout-flow wp-block-column-is-layout-flow\" style=\"flex-basis:10%\">\n<p><a href=\"https:\/\/etxebetea.com\/es\/residencia-internacional\/\" data-type=\"page\" data-id=\"627\"> <\/a><\/p>\n<\/div>\n\n\n\n<div class=\"wp-block-column do-parallax is-layout-flow wp-block-column-is-layout-flow\" style=\"flex-basis:35%\">\n<div style=\"height:10vh\" aria-hidden=\"true\" class=\"wp-block-spacer\"><\/div>\n\n\n\n<h2 class=\"wp-block-heading content-parallax\">Residencias internacionales<\/h2>\n\n\n\n<p class=\"link-arrow\"><a href=\"https:\/\/etxebetea.com\/es\/a-shelter-of-ones-own\/\">A shelter of one&#8217;s own<\/a><\/p>\n\n\n\n<div style=\"height:10vh\" aria-hidden=\"true\" class=\"wp-block-spacer\"><\/div>\n\n\n\n<p class=\"link-arrow\"><a href=\"https:\/\/etxebetea.com\/es\/two-week-international-residency\/\">Two week international residency<\/a><\/p>\n<\/div>\n<\/div>\n<\/div><\/div>\n\n\n\n<div class=\"wp-block-cover alignfull is-light has-custom-content-position is-position-top-center cta-footer\" style=\"min-height:100vh;aspect-ratio:unset;\"><img loading=\"lazy\" decoding=\"async\" width=\"1920\" height=\"1080\" class=\"wp-block-cover__image-background wp-image-709\" alt=\"\" src=\"https:\/\/etxebetea.com\/wp-content\/uploads\/2024\/12\/fondo-conocenos.jpg\" data-object-fit=\"cover\" srcset=\"https:\/\/etxebetea.com\/wp-content\/uploads\/2024\/12\/fondo-conocenos.jpg 1920w, https:\/\/etxebetea.com\/wp-content\/uploads\/2024\/12\/fondo-conocenos-300x169.jpg 300w, https:\/\/etxebetea.com\/wp-content\/uploads\/2024\/12\/fondo-conocenos-1024x576.jpg 1024w, https:\/\/etxebetea.com\/wp-content\/uploads\/2024\/12\/fondo-conocenos-768x432.jpg 768w, https:\/\/etxebetea.com\/wp-content\/uploads\/2024\/12\/fondo-conocenos-1536x864.jpg 1536w\" sizes=\"auto, (max-width: 1920px) 100vw, 1920px\" \/><span aria-hidden=\"true\" class=\"wp-block-cover__background has-background-dim-0 has-background-dim\" style=\"background-color:#8e867a\"><\/span><div class=\"wp-block-cover__inner-container is-layout-constrained wp-block-cover-is-layout-constrained\">\n<figure class=\"wp-block-image alignfull size-large cta-footer--topimg\"><img loading=\"lazy\" decoding=\"async\" width=\"2998\" height=\"62\" src=\"https:\/\/etxebetea.com\/wp-content\/uploads\/2024\/12\/picos-rojo.svg\" alt=\"\" class=\"wp-image-712\"\/><\/figure>\n\n\n\n<p class=\"cta-footer--link\"><a href=\"https:\/\/etxebetea.com\/es\/nosotras\/\" data-type=\"page\" data-id=\"629\">Pasa y con\u00f3cenos<\/a><\/p>\n<\/div><\/div>\n\n\n\n<div id=\"block-marquee-block_7ffd6bd125f05bc7edbc6ef6db09367f\" class=\"cc-block-marquee alignfull\"  style=\"background-color:#f0eee5;\" >\n\n    <div class=\"cc-block-marquee-wrapper\">\n\n        <a href=\"https:\/\/etxebetea.com\/es\/noticias\/\" >Descubre las \u00faltimas NOTICIAS<\/a>\n\n    <\/div><!-- .cc-block-marquee-wrapper -->\n<\/div>","protected":false},"excerpt":{"rendered":"<p>Etxe Betea Un espacio creativo de encuentro para mujeres de diferentes \u00e1mbitos art\u00edsticos saber m\u00e1s 4 convocatorias cerradas Etxe Betea es un lugar donde poder trabajar juntas, establecer nuevas relaciones interculturales y fomentar nuevas l\u00edneas de trabajo con perspectiva feminista. Una habitaci\u00f3n propia La residencia art\u00edstica, Una Habitaci\u00f3n Propia, es el sue\u00f1o de un grupo [&hellip;]<\/p>\n","protected":false},"author":1,"featured_media":0,"parent":0,"menu_order":0,"comment_status":"closed","ping_status":"open","template":"","meta":{"_acf_changed":false,"inline_featured_image":false,"_genesis_hide_title":true,"_genesis_hide_breadcrumbs":false,"_genesis_hide_singular_image":false,"_genesis_hide_footer_widgets":false,"_genesis_custom_body_class":"","_genesis_custom_post_class":"","_genesis_layout":"","footnotes":""},"class_list":{"0":"post-2","1":"page","2":"type-page","3":"status-publish","5":"entry","6":"has-post-thumbnail"},"acf":[],"_links":{"self":[{"href":"https:\/\/etxebetea.com\/es\/wp-json\/wp\/v2\/pages\/2","targetHints":{"allow":["GET"]}}],"collection":[{"href":"https:\/\/etxebetea.com\/es\/wp-json\/wp\/v2\/pages"}],"about":[{"href":"https:\/\/etxebetea.com\/es\/wp-json\/wp\/v2\/types\/page"}],"author":[{"embeddable":true,"href":"https:\/\/etxebetea.com\/es\/wp-json\/wp\/v2\/users\/1"}],"replies":[{"embeddable":true,"href":"https:\/\/etxebetea.com\/es\/wp-json\/wp\/v2\/comments?post=2"}],"version-history":[{"count":154,"href":"https:\/\/etxebetea.com\/es\/wp-json\/wp\/v2\/pages\/2\/revisions"}],"predecessor-version":[{"id":2201,"href":"https:\/\/etxebetea.com\/es\/wp-json\/wp\/v2\/pages\/2\/revisions\/2201"}],"wp:attachment":[{"href":"https:\/\/etxebetea.com\/es\/wp-json\/wp\/v2\/media?parent=2"}],"curies":[{"name":"wp","href":"https:\/\/api.w.org\/{rel}","templated":true}]}}