{"id":2184,"date":"2025-12-03T09:50:18","date_gmt":"2025-12-03T08:50:18","guid":{"rendered":"https:\/\/etxebetea.com\/?page_id=2184"},"modified":"2025-12-03T09:50:19","modified_gmt":"2025-12-03T08:50:19","slug":"alba-lozano","status":"publish","type":"page","link":"https:\/\/etxebetea.com\/es\/alba-lozano\/","title":{"rendered":"Alba Lozano"},"content":{"rendered":"\n<div class=\"wp-block-columns are-vertically-aligned-center cabecera--small is-layout-flex wp-container-core-columns-is-layout-9d6595d7 wp-block-columns-is-layout-flex\" id=\"cabecera\">\n<div class=\"wp-block-column is-vertically-aligned-center is-layout-flow wp-block-column-is-layout-flow\" style=\"flex-basis:45%\">\n<figure class=\"wp-block-image alignfull size-full\"><img loading=\"lazy\" decoding=\"async\" width=\"697\" height=\"655\" src=\"https:\/\/etxebetea.com\/wp-content\/uploads\/2025\/12\/alba-.jpg\" alt=\"\" class=\"wp-image-2176\" srcset=\"https:\/\/etxebetea.com\/wp-content\/uploads\/2025\/12\/alba-.jpg 697w, https:\/\/etxebetea.com\/wp-content\/uploads\/2025\/12\/alba--300x282.jpg 300w\" sizes=\"auto, (max-width: 697px) 100vw, 697px\" \/><\/figure>\n<\/div>\n\n\n\n<div class=\"wp-block-column is-vertically-aligned-center is-layout-flow wp-block-column-is-layout-flow\" style=\"flex-basis:55%\">\n<h1 class=\"wp-block-heading\">Alba Lozano\u00a0<\/h1>\n\n\n\n<p class=\"link-arrow\"><a href=\"https:\/\/etxebetea.com\/es\/una-habitacion-propia\/\" data-type=\"page\" data-id=\"623\">Una habitaci\u00f3n propia<\/a><\/p>\n<\/div>\n<\/div>\n\n\n\n<div style=\"height:5vh\" aria-hidden=\"true\" class=\"wp-block-spacer\"><\/div>\n\n\n\n<div class=\"wp-block-columns is-layout-flex wp-container-core-columns-is-layout-9d6595d7 wp-block-columns-is-layout-flex\">\n<div class=\"wp-block-column is-layout-flow wp-block-column-is-layout-flow\" style=\"flex-basis:10%\"><\/div>\n\n\n\n<div class=\"wp-block-column is-layout-flow wp-block-column-is-layout-flow\" style=\"flex-basis:90%\">\n<p>Alba Lozano estudi\u00f3 Direcci\u00f3n Cinematogr\u00e1fica en la ECPV y en la UDD (Chile), mientras cursaba Comunicaci\u00f3n Audiovisual en la UPV\/EHU. Su TFG \u201cPlunge\u201d (2018) fue parte de la muestra de cortos Zinemakumeak Gara!. Estudi\u00f3 un M\u00e1ster en Direcci\u00f3n en la ESCAC y fue becada en el M\u00e1ster Documental en la misma escuela dos a\u00f1os m\u00e1s tarde.<\/p>\n\n\n\n<p>En 2022 escribe y dirige \u201cNon Grata\u201d seleccionado en m\u00e1s de 50 festivales y obtuvo una docena de premios entre los que destaca <em>Mejor Cortometraje de Ficci\u00f3n <\/em>en el Festival de Alicante 2022. Tambi\u00e9n particip\u00f3 en el <em>Concurso Iberoamericano de Cortometrajes<\/em> de Radiotelevisi\u00f3n Espa\u00f1ola.<\/p>\n\n\n\n<p>En sus historias, Alba se sumerge en el naturalismo, explorando conflictos que la conmueven y las lleva a cabo buscando la sinergia entre actores profesionales y no profesionales. Su \u00faltimo cortometraje \u00abUtl\u00e4ndsk\u201d (2024) forma parte del programa Kimuak y se encuentra en fase de distribuci\u00f3n. Cuenta con m\u00e1s de 60 selecciones y una quincena de premios entre los que destacan premios a <em>Mejor Cortometraje <\/em>en los festivales FICC53, HUHEZINEMA, El Meteorito, Santurzine y Arancine.&nbsp;<\/p>\n\n\n\n<p>Alba ha compaginado la escritura y creaci\u00f3n de proyectos con su trabajo como Directora de las segundas unidades de las series \u201cOdol Ilargia\u201d o \u201cItxaso\u201d y tambi\u00e9n es docente en la ECPV en Direcci\u00f3n Cinematogr\u00e1fica como profesora de Direcci\u00f3n de Actores y Script.<\/p>\n\n\n\n<p>Actualmente se encuentra en el proceso de escritura de su primer largometraje \u201cUtl\u00e4ndsk\u201d y en la producci\u00f3n de su siguiente cortometraje \u201cAho Beltza\u201d seleccionado en el programa Geuretik Sortuak de Udalbiltza.<\/p>\n<\/div>\n<\/div>\n\n\n\n<div style=\"height:10vh\" aria-hidden=\"true\" class=\"wp-block-spacer\"><\/div>\n\n\n\n<div id=\"block-marquee-block_0de97c35f4f67a863870ebcc270e8238\" class=\"cc-block-marquee alignfull\" >\n\n    <div class=\"cc-block-marquee-wrapper\">\n\n        <a href=\"https:\/\/etxebetea.com\/es\/\" >Vuelve al inicio de ETXE BETEA<\/a>\n\n    <\/div><!-- .cc-block-marquee-wrapper -->\n<\/div>","protected":false},"excerpt":{"rendered":"<p>Alba Lozano\u00a0 Una habitaci\u00f3n propia Alba Lozano estudi\u00f3 Direcci\u00f3n Cinematogr\u00e1fica en la ECPV y en la UDD (Chile), mientras cursaba Comunicaci\u00f3n Audiovisual en la UPV\/EHU. Su TFG \u201cPlunge\u201d (2018) fue parte de la muestra de cortos Zinemakumeak Gara!. Estudi\u00f3 un M\u00e1ster en Direcci\u00f3n en la ESCAC y fue becada en el M\u00e1ster Documental en la [&hellip;]<\/p>\n","protected":false},"author":2,"featured_media":0,"parent":0,"menu_order":0,"comment_status":"closed","ping_status":"closed","template":"","meta":{"_acf_changed":false,"inline_featured_image":false,"_genesis_hide_title":true,"_genesis_hide_breadcrumbs":false,"_genesis_hide_singular_image":false,"_genesis_hide_footer_widgets":false,"_genesis_custom_body_class":"","_genesis_custom_post_class":"","_genesis_layout":"","footnotes":""},"class_list":{"0":"post-2184","1":"page","2":"type-page","3":"status-publish","5":"entry"},"acf":[],"_links":{"self":[{"href":"https:\/\/etxebetea.com\/es\/wp-json\/wp\/v2\/pages\/2184","targetHints":{"allow":["GET"]}}],"collection":[{"href":"https:\/\/etxebetea.com\/es\/wp-json\/wp\/v2\/pages"}],"about":[{"href":"https:\/\/etxebetea.com\/es\/wp-json\/wp\/v2\/types\/page"}],"author":[{"embeddable":true,"href":"https:\/\/etxebetea.com\/es\/wp-json\/wp\/v2\/users\/2"}],"replies":[{"embeddable":true,"href":"https:\/\/etxebetea.com\/es\/wp-json\/wp\/v2\/comments?post=2184"}],"version-history":[{"count":2,"href":"https:\/\/etxebetea.com\/es\/wp-json\/wp\/v2\/pages\/2184\/revisions"}],"predecessor-version":[{"id":2186,"href":"https:\/\/etxebetea.com\/es\/wp-json\/wp\/v2\/pages\/2184\/revisions\/2186"}],"wp:attachment":[{"href":"https:\/\/etxebetea.com\/es\/wp-json\/wp\/v2\/media?parent=2184"}],"curies":[{"name":"wp","href":"https:\/\/api.w.org\/{rel}","templated":true}]}}