{"id":2188,"date":"2025-12-03T09:51:45","date_gmt":"2025-12-03T08:51:45","guid":{"rendered":"https:\/\/etxebetea.com\/?page_id=2188"},"modified":"2025-12-03T09:51:46","modified_gmt":"2025-12-03T08:51:46","slug":"natalia-grande","status":"publish","type":"page","link":"https:\/\/etxebetea.com\/es\/natalia-grande\/","title":{"rendered":"Natalia Grande"},"content":{"rendered":"\n<div class=\"wp-block-columns are-vertically-aligned-center cabecera--small is-layout-flex wp-container-core-columns-is-layout-9d6595d7 wp-block-columns-is-layout-flex\" id=\"cabecera\">\n<div class=\"wp-block-column is-vertically-aligned-center is-layout-flow wp-block-column-is-layout-flow\" style=\"flex-basis:45%\">\n<figure class=\"wp-block-image alignfull size-full\"><img loading=\"lazy\" decoding=\"async\" width=\"697\" height=\"655\" src=\"https:\/\/etxebetea.com\/wp-content\/uploads\/2025\/12\/natalia-grande.jpg\" alt=\"\" class=\"wp-image-2180\" srcset=\"https:\/\/etxebetea.com\/wp-content\/uploads\/2025\/12\/natalia-grande.jpg 697w, https:\/\/etxebetea.com\/wp-content\/uploads\/2025\/12\/natalia-grande-300x282.jpg 300w\" sizes=\"auto, (max-width: 697px) 100vw, 697px\" \/><\/figure>\n<\/div>\n\n\n\n<div class=\"wp-block-column is-vertically-aligned-center is-layout-flow wp-block-column-is-layout-flow\" style=\"flex-basis:55%\">\n<h1 class=\"wp-block-heading\">Natalia Grande\u00a0<\/h1>\n\n\n\n<p class=\"link-arrow\"><a href=\"https:\/\/etxebetea.com\/es\/una-habitacion-propia\/\" data-type=\"page\" data-id=\"623\">Una habitaci\u00f3n propia<\/a><\/p>\n<\/div>\n<\/div>\n\n\n\n<div style=\"height:5vh\" aria-hidden=\"true\" class=\"wp-block-spacer\"><\/div>\n\n\n\n<div class=\"wp-block-columns is-layout-flex wp-container-core-columns-is-layout-9d6595d7 wp-block-columns-is-layout-flex\">\n<div class=\"wp-block-column is-layout-flow wp-block-column-is-layout-flow\" style=\"flex-basis:10%\"><\/div>\n\n\n\n<div class=\"wp-block-column is-layout-flow wp-block-column-is-layout-flow\" style=\"flex-basis:90%\">\n<p>Natalia Grande es directora de fotograf\u00eda y cineasta. Se gradu\u00f3 en Cinematograf\u00eda en la ECAM gracias a una beca otorgada por el Ministerio de Cultura del Per\u00fa. Naci\u00f3 en Madrid en 1989, pero desde los seis a\u00f1os creci\u00f3 en Cusco, Per\u00fa. Fue en Lima donde comenz\u00f3 su carrera en el cine como asistente de c\u00e1mara y foquista. A lo largo de su trayectoria ha trabajado en 22 pel\u00edculas y ha liderado la direcci\u00f3n de fotograf\u00eda en varios cortometrajes y en dos largometrajes, uno de los cuales fue galardonado como Mejor Pel\u00edcula en el Festival de Cine Lima Alternativa, en Per\u00fa.&nbsp;<\/p>\n\n\n\n<p>M\u00e1s all\u00e1 de su trabajo en el cine, es cofundadora de AMA, una organizaci\u00f3n que impulsa la igualdad de g\u00e9nero en el sector audiovisual y que desempe\u00f1\u00f3 un papel decisivo en el surgimiento del movimiento #MeToo dentro de la industria cinematogr\u00e1fica peruana. Actualmente reside en Espa\u00f1a, donde durante un tiempo represent\u00f3 al grupo de trabajo LGTBIQ+ en CIMA, la Asociaci\u00f3n de Mujeres Cineastas y de Medios Audiovisuales de Espa\u00f1a.&nbsp;En la actualidad desarrolla su primer largometraje como directora, <em>Pr\u00e9stame tus ojos<\/em>, que ya ha sido seleccionado para el programa de mentor\u00eda AG DOK program, futurDOK en el marco del festival DOK Leipzig, y en DOC.LAB Coimbra 2025, donde result\u00f3 ganador como mejor proyecto, as\u00ed como en el ZG PRO 2025, donde obtuvo el premio Industry.<\/p>\n<\/div>\n<\/div>\n\n\n\n<div style=\"height:10vh\" aria-hidden=\"true\" class=\"wp-block-spacer\"><\/div>\n\n\n\n<div id=\"block-marquee-block_9ed62c1f13e1be847c8c011104b87634\" class=\"cc-block-marquee alignfull\" >\n\n    <div class=\"cc-block-marquee-wrapper\">\n\n        <a href=\"https:\/\/etxebetea.com\/es\/\" >Vuelve al inicio de ETXE BETEA<\/a>\n\n    <\/div><!-- .cc-block-marquee-wrapper -->\n<\/div>","protected":false},"excerpt":{"rendered":"<p>Natalia Grande\u00a0 Una habitaci\u00f3n propia Natalia Grande es directora de fotograf\u00eda y cineasta. Se gradu\u00f3 en Cinematograf\u00eda en la ECAM gracias a una beca otorgada por el Ministerio de Cultura del Per\u00fa. Naci\u00f3 en Madrid en 1989, pero desde los seis a\u00f1os creci\u00f3 en Cusco, Per\u00fa. Fue en Lima donde comenz\u00f3 su carrera en el [&hellip;]<\/p>\n","protected":false},"author":2,"featured_media":0,"parent":0,"menu_order":0,"comment_status":"closed","ping_status":"closed","template":"","meta":{"_acf_changed":false,"inline_featured_image":false,"_genesis_hide_title":true,"_genesis_hide_breadcrumbs":false,"_genesis_hide_singular_image":false,"_genesis_hide_footer_widgets":false,"_genesis_custom_body_class":"","_genesis_custom_post_class":"","_genesis_layout":"","footnotes":""},"class_list":{"0":"post-2188","1":"page","2":"type-page","3":"status-publish","5":"entry"},"acf":[],"_links":{"self":[{"href":"https:\/\/etxebetea.com\/es\/wp-json\/wp\/v2\/pages\/2188","targetHints":{"allow":["GET"]}}],"collection":[{"href":"https:\/\/etxebetea.com\/es\/wp-json\/wp\/v2\/pages"}],"about":[{"href":"https:\/\/etxebetea.com\/es\/wp-json\/wp\/v2\/types\/page"}],"author":[{"embeddable":true,"href":"https:\/\/etxebetea.com\/es\/wp-json\/wp\/v2\/users\/2"}],"replies":[{"embeddable":true,"href":"https:\/\/etxebetea.com\/es\/wp-json\/wp\/v2\/comments?post=2188"}],"version-history":[{"count":2,"href":"https:\/\/etxebetea.com\/es\/wp-json\/wp\/v2\/pages\/2188\/revisions"}],"predecessor-version":[{"id":2190,"href":"https:\/\/etxebetea.com\/es\/wp-json\/wp\/v2\/pages\/2188\/revisions\/2190"}],"wp:attachment":[{"href":"https:\/\/etxebetea.com\/es\/wp-json\/wp\/v2\/media?parent=2188"}],"curies":[{"name":"wp","href":"https:\/\/api.w.org\/{rel}","templated":true}]}}