{"id":2241,"date":"2025-12-03T10:26:00","date_gmt":"2025-12-03T09:26:00","guid":{"rendered":"https:\/\/etxebetea.com\/?page_id=2241"},"modified":"2025-12-03T10:26:39","modified_gmt":"2025-12-03T09:26:39","slug":"jone-arriola","status":"publish","type":"page","link":"https:\/\/etxebetea.com\/es\/jone-arriola\/","title":{"rendered":"Jone Arriola"},"content":{"rendered":"\n<div class=\"wp-block-columns are-vertically-aligned-center cabecera--small is-layout-flex wp-container-core-columns-is-layout-9d6595d7 wp-block-columns-is-layout-flex\" id=\"cabecera\">\n<div class=\"wp-block-column is-vertically-aligned-center is-layout-flow wp-block-column-is-layout-flow\" style=\"flex-basis:45%\">\n<figure class=\"wp-block-image alignfull size-full\"><img loading=\"lazy\" decoding=\"async\" width=\"697\" height=\"655\" src=\"https:\/\/etxebetea.com\/wp-content\/uploads\/2025\/12\/jone-arriola.jpg\" alt=\"\" class=\"wp-image-2203\" srcset=\"https:\/\/etxebetea.com\/wp-content\/uploads\/2025\/12\/jone-arriola.jpg 697w, https:\/\/etxebetea.com\/wp-content\/uploads\/2025\/12\/jone-arriola-300x282.jpg 300w\" sizes=\"auto, (max-width: 697px) 100vw, 697px\" \/><\/figure>\n<\/div>\n\n\n\n<div class=\"wp-block-column is-vertically-aligned-center is-layout-flow wp-block-column-is-layout-flow\" style=\"flex-basis:55%\">\n<h1 class=\"wp-block-heading\">Jone Arriola<\/h1>\n\n\n\n<p class=\"link-arrow\"><a href=\"https:\/\/etxebetea.com\/es\/elkarrekin-sortzen\/\" data-type=\"page\" data-id=\"625\">Elkarrekin Sortzen<\/a><\/p>\n<\/div>\n<\/div>\n\n\n\n<div style=\"height:5vh\" aria-hidden=\"true\" class=\"wp-block-spacer\"><\/div>\n\n\n\n<div class=\"wp-block-columns is-layout-flex wp-container-core-columns-is-layout-9d6595d7 wp-block-columns-is-layout-flex\">\n<div class=\"wp-block-column is-layout-flow wp-block-column-is-layout-flow\" style=\"flex-basis:10%\"><\/div>\n\n\n\n<div class=\"wp-block-column is-layout-flow wp-block-column-is-layout-flow\" style=\"flex-basis:90%\">\n<p>Jone Arriola Lobete (Elgoibar, 1998) es licenciada en Comunicaci\u00f3n Audiovisual por la Universidad del Pa\u00eds Vasco (UPV\/EHU). Tambi\u00e9n ha realizado un m\u00e1ster en Direcci\u00f3n de Cine en la escuela de cine Bande A Part de Barcelona. En 2021 realiz\u00f3 una propuesta de serie de ficci\u00f3n dirigida a los j\u00f3venes llamada <em>Larrugorritan<\/em> con la ayuda de la convocatoria 2DEO de Tabakalera. Es la creadora del proyecto y con esta convocatoria desarroll\u00f3 el proyecto y realiz\u00f3 el teaser como guionista y directora. En 2023 realiz\u00f3 su primer cortometraje, <em>Dena Asmatuta Dago<\/em>. Se trata de un trabajo producido por Katz Estudio y ECPV. Ha participado en festivales como Zinebi64 o Lesgaicinemad y fue la ganadora del Ganso de Oro en el Festival de Cine de Lekeitio. En 2024 ha realizado su segundo cortometraje llamado <em>Hor Konpon<\/em>, que tuvo su estreno en Zinebi64 y recibi\u00f3 el premio \u00abBerria\u00bb en el festival HuheZinema.<\/p>\n\n\n\n<p>Actualmente trabaja como guionista en productoras como Pausoka o Orio Produkzioak.<\/p>\n<\/div>\n<\/div>\n\n\n\n<div style=\"height:10vh\" aria-hidden=\"true\" class=\"wp-block-spacer\"><\/div>\n\n\n\n<div id=\"block-marquee-block_f74b7552103fb5ab1939d134cbc216e9\" class=\"cc-block-marquee alignfull\" >\n\n    <div class=\"cc-block-marquee-wrapper\">\n\n        <a href=\"https:\/\/etxebetea.com\/es\/\" >Vuelve al inicio de ETXE BETEA<\/a>\n\n    <\/div><!-- .cc-block-marquee-wrapper -->\n<\/div>","protected":false},"excerpt":{"rendered":"<p>Jone Arriola Elkarrekin Sortzen Jone Arriola Lobete (Elgoibar, 1998) es licenciada en Comunicaci\u00f3n Audiovisual por la Universidad del Pa\u00eds Vasco (UPV\/EHU). Tambi\u00e9n ha realizado un m\u00e1ster en Direcci\u00f3n de Cine en la escuela de cine Bande A Part de Barcelona. En 2021 realiz\u00f3 una propuesta de serie de ficci\u00f3n dirigida a los j\u00f3venes llamada Larrugorritan [&hellip;]<\/p>\n","protected":false},"author":2,"featured_media":0,"parent":0,"menu_order":0,"comment_status":"closed","ping_status":"closed","template":"","meta":{"_acf_changed":false,"inline_featured_image":false,"_genesis_hide_title":true,"_genesis_hide_breadcrumbs":false,"_genesis_hide_singular_image":false,"_genesis_hide_footer_widgets":false,"_genesis_custom_body_class":"","_genesis_custom_post_class":"","_genesis_layout":"","footnotes":""},"class_list":{"0":"post-2241","1":"page","2":"type-page","3":"status-publish","5":"entry"},"acf":[],"_links":{"self":[{"href":"https:\/\/etxebetea.com\/es\/wp-json\/wp\/v2\/pages\/2241","targetHints":{"allow":["GET"]}}],"collection":[{"href":"https:\/\/etxebetea.com\/es\/wp-json\/wp\/v2\/pages"}],"about":[{"href":"https:\/\/etxebetea.com\/es\/wp-json\/wp\/v2\/types\/page"}],"author":[{"embeddable":true,"href":"https:\/\/etxebetea.com\/es\/wp-json\/wp\/v2\/users\/2"}],"replies":[{"embeddable":true,"href":"https:\/\/etxebetea.com\/es\/wp-json\/wp\/v2\/comments?post=2241"}],"version-history":[{"count":2,"href":"https:\/\/etxebetea.com\/es\/wp-json\/wp\/v2\/pages\/2241\/revisions"}],"predecessor-version":[{"id":2243,"href":"https:\/\/etxebetea.com\/es\/wp-json\/wp\/v2\/pages\/2241\/revisions\/2243"}],"wp:attachment":[{"href":"https:\/\/etxebetea.com\/es\/wp-json\/wp\/v2\/media?parent=2241"}],"curies":[{"name":"wp","href":"https:\/\/api.w.org\/{rel}","templated":true}]}}