{"id":2248,"date":"2025-12-03T10:30:34","date_gmt":"2025-12-03T09:30:34","guid":{"rendered":"https:\/\/etxebetea.com\/?page_id=2248"},"modified":"2025-12-03T10:30:48","modified_gmt":"2025-12-03T09:30:48","slug":"carmen-echeverria","status":"publish","type":"page","link":"https:\/\/etxebetea.com\/es\/carmen-echeverria\/","title":{"rendered":"Carmen Echeverria"},"content":{"rendered":"\n<div class=\"wp-block-columns are-vertically-aligned-center cabecera--small is-layout-flex wp-container-core-columns-is-layout-9d6595d7 wp-block-columns-is-layout-flex\" id=\"cabecera\">\n<div class=\"wp-block-column is-vertically-aligned-center is-layout-flow wp-block-column-is-layout-flow\" style=\"flex-basis:45%\">\n<figure class=\"wp-block-image alignfull size-full\"><img loading=\"lazy\" decoding=\"async\" width=\"697\" height=\"655\" src=\"https:\/\/etxebetea.com\/wp-content\/uploads\/2025\/12\/carmen-echevarria.jpg\" alt=\"\" class=\"wp-image-2215\" srcset=\"https:\/\/etxebetea.com\/wp-content\/uploads\/2025\/12\/carmen-echevarria.jpg 697w, https:\/\/etxebetea.com\/wp-content\/uploads\/2025\/12\/carmen-echevarria-300x282.jpg 300w\" sizes=\"auto, (max-width: 697px) 100vw, 697px\" \/><\/figure>\n<\/div>\n\n\n\n<div class=\"wp-block-column is-vertically-aligned-center is-layout-flow wp-block-column-is-layout-flow\" style=\"flex-basis:55%\">\n<h1 class=\"wp-block-heading\">Carmen Echeverria<\/h1>\n\n\n\n<p class=\"link-arrow\"><a href=\"https:\/\/etxebetea.com\/es\/elkarrekin-sortzen\/\" data-type=\"page\" data-id=\"625\">Elkarrekin Sortzen<\/a><\/p>\n<\/div>\n<\/div>\n\n\n\n<div style=\"height:5vh\" aria-hidden=\"true\" class=\"wp-block-spacer\"><\/div>\n\n\n\n<div class=\"wp-block-columns is-layout-flex wp-container-core-columns-is-layout-9d6595d7 wp-block-columns-is-layout-flex\">\n<div class=\"wp-block-column is-layout-flow wp-block-column-is-layout-flow\" style=\"flex-basis:10%\"><\/div>\n\n\n\n<div class=\"wp-block-column is-layout-flow wp-block-column-is-layout-flow\" style=\"flex-basis:90%\">\n<p>Carmen Echeverria comienza sus estudios de cine en la Universidad Bordeaux Montaigne en Burdeos antes de irse a Madrid para seguir un m\u00e1ster en el C\u00edrculo de Bellas Artes. En paralelo de su TFM, centrado en un trabajo de investigaci\u00f3n fotogr\u00e1fica, escribe su primer cortometraje en euskera, que dirige en 2021. Este se presenta en particular en el Festival International du film de Saint Jean de Luz y en el ZINEBI. Actualmente, su segundo cortometraje est\u00e1 en fase desarrollo y divide su tiempo entre la escritura y el trabajo de fijadora para productoras cinematogr\u00e1ficas locales y extranjeras, entre Iparralde y Hegoalde.<\/p>\n<\/div>\n<\/div>\n\n\n\n<div style=\"height:10vh\" aria-hidden=\"true\" class=\"wp-block-spacer\"><\/div>\n\n\n\n<div id=\"block-marquee-block_12b0e969295bac9b8a7bb3efded84292\" class=\"cc-block-marquee alignfull\" >\n\n    <div class=\"cc-block-marquee-wrapper\">\n\n        <a href=\"https:\/\/etxebetea.com\/es\/\" >Vuelve al inicio de ETXE BETEA<\/a>\n\n    <\/div><!-- .cc-block-marquee-wrapper -->\n<\/div>","protected":false},"excerpt":{"rendered":"<p>Carmen Echeverria Elkarrekin Sortzen Carmen Echeverria comienza sus estudios de cine en la Universidad Bordeaux Montaigne en Burdeos antes de irse a Madrid para seguir un m\u00e1ster en el C\u00edrculo de Bellas Artes. En paralelo de su TFM, centrado en un trabajo de investigaci\u00f3n fotogr\u00e1fica, escribe su primer cortometraje en euskera, que dirige en 2021. [&hellip;]<\/p>\n","protected":false},"author":2,"featured_media":0,"parent":0,"menu_order":0,"comment_status":"closed","ping_status":"closed","template":"","meta":{"_acf_changed":false,"inline_featured_image":false,"_genesis_hide_title":true,"_genesis_hide_breadcrumbs":false,"_genesis_hide_singular_image":false,"_genesis_hide_footer_widgets":false,"_genesis_custom_body_class":"","_genesis_custom_post_class":"","_genesis_layout":"","footnotes":""},"class_list":{"0":"post-2248","1":"page","2":"type-page","3":"status-publish","5":"entry"},"acf":[],"_links":{"self":[{"href":"https:\/\/etxebetea.com\/es\/wp-json\/wp\/v2\/pages\/2248","targetHints":{"allow":["GET"]}}],"collection":[{"href":"https:\/\/etxebetea.com\/es\/wp-json\/wp\/v2\/pages"}],"about":[{"href":"https:\/\/etxebetea.com\/es\/wp-json\/wp\/v2\/types\/page"}],"author":[{"embeddable":true,"href":"https:\/\/etxebetea.com\/es\/wp-json\/wp\/v2\/users\/2"}],"replies":[{"embeddable":true,"href":"https:\/\/etxebetea.com\/es\/wp-json\/wp\/v2\/comments?post=2248"}],"version-history":[{"count":2,"href":"https:\/\/etxebetea.com\/es\/wp-json\/wp\/v2\/pages\/2248\/revisions"}],"predecessor-version":[{"id":2255,"href":"https:\/\/etxebetea.com\/es\/wp-json\/wp\/v2\/pages\/2248\/revisions\/2255"}],"wp:attachment":[{"href":"https:\/\/etxebetea.com\/es\/wp-json\/wp\/v2\/media?parent=2248"}],"curies":[{"name":"wp","href":"https:\/\/api.w.org\/{rel}","templated":true}]}}