{"id":2259,"date":"2025-12-03T10:33:28","date_gmt":"2025-12-03T09:33:28","guid":{"rendered":"https:\/\/etxebetea.com\/?page_id=2259"},"modified":"2025-12-03T10:33:29","modified_gmt":"2025-12-03T09:33:29","slug":"bego-merino","status":"publish","type":"page","link":"https:\/\/etxebetea.com\/es\/bego-merino\/","title":{"rendered":"Bego Merino"},"content":{"rendered":"\n<div class=\"wp-block-columns are-vertically-aligned-center cabecera--small is-layout-flex wp-container-core-columns-is-layout-9d6595d7 wp-block-columns-is-layout-flex\" id=\"cabecera\">\n<div class=\"wp-block-column is-vertically-aligned-center is-layout-flow wp-block-column-is-layout-flow\" style=\"flex-basis:45%\">\n<figure class=\"wp-block-image alignfull size-full\"><img loading=\"lazy\" decoding=\"async\" width=\"697\" height=\"655\" src=\"https:\/\/etxebetea.com\/wp-content\/uploads\/2025\/12\/bego-merino.jpg\" alt=\"\" class=\"wp-image-2206\" srcset=\"https:\/\/etxebetea.com\/wp-content\/uploads\/2025\/12\/bego-merino.jpg 697w, https:\/\/etxebetea.com\/wp-content\/uploads\/2025\/12\/bego-merino-300x282.jpg 300w\" sizes=\"auto, (max-width: 697px) 100vw, 697px\" \/><\/figure>\n<\/div>\n\n\n\n<div class=\"wp-block-column is-vertically-aligned-center is-layout-flow wp-block-column-is-layout-flow\" style=\"flex-basis:55%\">\n<h1 class=\"wp-block-heading\">Bego Merino<\/h1>\n\n\n\n<p class=\"link-arrow\"><a href=\"https:\/\/etxebetea.com\/es\/elkarrekin-sortzen\/\" data-type=\"page\" data-id=\"625\">Elkarrekin Sortzen<\/a><\/p>\n<\/div>\n<\/div>\n\n\n\n<div style=\"height:5vh\" aria-hidden=\"true\" class=\"wp-block-spacer\"><\/div>\n\n\n\n<div class=\"wp-block-columns is-layout-flex wp-container-core-columns-is-layout-9d6595d7 wp-block-columns-is-layout-flex\">\n<div class=\"wp-block-column is-layout-flow wp-block-column-is-layout-flow\" style=\"flex-basis:10%\"><\/div>\n\n\n\n<div class=\"wp-block-column is-layout-flow wp-block-column-is-layout-flow\" style=\"flex-basis:90%\">\n<p>Elgoibar, 1983. Sus primeros pasos en el mundo audiovisual fueron en la&nbsp; universidad. A partir de ah\u00ed investiga diferentes herramientas y lenguajes&nbsp; relacionados con la creatividad.&nbsp;&nbsp;<\/p>\n\n\n\n<p>Sus estudios abarcan desde el dise\u00f1o gr\u00e1fico hasta la escenograf\u00eda teatral, y su&nbsp; experiencia profesional pasa por agencias de publicidad, educaci\u00f3n, y una corta&nbsp; experiencia en el sector audiovisual. Actualmente desarrolla su primer&nbsp; cortometraje \u201cHutsa\u201d en la cuarta edici\u00f3n de Elkarrekin Sortzen.<\/p>\n<\/div>\n<\/div>\n\n\n\n<div style=\"height:10vh\" aria-hidden=\"true\" class=\"wp-block-spacer\"><\/div>\n\n\n\n<div id=\"block-marquee-block_202f1ad85df7c11020528ec3cb461c03\" class=\"cc-block-marquee alignfull\" >\n\n    <div class=\"cc-block-marquee-wrapper\">\n\n        <a href=\"https:\/\/etxebetea.com\/es\/\" >Vuelve al inicio de ETXE BETEA<\/a>\n\n    <\/div><!-- .cc-block-marquee-wrapper -->\n<\/div>","protected":false},"excerpt":{"rendered":"<p>Bego Merino Elkarrekin Sortzen Elgoibar, 1983. Sus primeros pasos en el mundo audiovisual fueron en la&nbsp; universidad. A partir de ah\u00ed investiga diferentes herramientas y lenguajes&nbsp; relacionados con la creatividad.&nbsp;&nbsp; Sus estudios abarcan desde el dise\u00f1o gr\u00e1fico hasta la escenograf\u00eda teatral, y su&nbsp; experiencia profesional pasa por agencias de publicidad, educaci\u00f3n, y una corta&nbsp; experiencia [&hellip;]<\/p>\n","protected":false},"author":2,"featured_media":0,"parent":0,"menu_order":0,"comment_status":"closed","ping_status":"closed","template":"","meta":{"_acf_changed":false,"inline_featured_image":false,"_genesis_hide_title":true,"_genesis_hide_breadcrumbs":false,"_genesis_hide_singular_image":false,"_genesis_hide_footer_widgets":false,"_genesis_custom_body_class":"","_genesis_custom_post_class":"","_genesis_layout":"","footnotes":""},"class_list":{"0":"post-2259","1":"page","2":"type-page","3":"status-publish","5":"entry"},"acf":[],"_links":{"self":[{"href":"https:\/\/etxebetea.com\/es\/wp-json\/wp\/v2\/pages\/2259","targetHints":{"allow":["GET"]}}],"collection":[{"href":"https:\/\/etxebetea.com\/es\/wp-json\/wp\/v2\/pages"}],"about":[{"href":"https:\/\/etxebetea.com\/es\/wp-json\/wp\/v2\/types\/page"}],"author":[{"embeddable":true,"href":"https:\/\/etxebetea.com\/es\/wp-json\/wp\/v2\/users\/2"}],"replies":[{"embeddable":true,"href":"https:\/\/etxebetea.com\/es\/wp-json\/wp\/v2\/comments?post=2259"}],"version-history":[{"count":1,"href":"https:\/\/etxebetea.com\/es\/wp-json\/wp\/v2\/pages\/2259\/revisions"}],"predecessor-version":[{"id":2260,"href":"https:\/\/etxebetea.com\/es\/wp-json\/wp\/v2\/pages\/2259\/revisions\/2260"}],"wp:attachment":[{"href":"https:\/\/etxebetea.com\/es\/wp-json\/wp\/v2\/media?parent=2259"}],"curies":[{"name":"wp","href":"https:\/\/api.w.org\/{rel}","templated":true}]}}