{"id":2263,"date":"2025-12-03T10:35:03","date_gmt":"2025-12-03T09:35:03","guid":{"rendered":"https:\/\/etxebetea.com\/?page_id=2263"},"modified":"2025-12-03T10:35:04","modified_gmt":"2025-12-03T09:35:04","slug":"saioa-miguel","status":"publish","type":"page","link":"https:\/\/etxebetea.com\/es\/saioa-miguel\/","title":{"rendered":"Saioa Miguel"},"content":{"rendered":"\n<div class=\"wp-block-columns are-vertically-aligned-center cabecera--small is-layout-flex wp-container-core-columns-is-layout-9d6595d7 wp-block-columns-is-layout-flex\" id=\"cabecera\">\n<div class=\"wp-block-column is-vertically-aligned-center is-layout-flow wp-block-column-is-layout-flow\" style=\"flex-basis:45%\">\n<figure class=\"wp-block-image alignfull size-full\"><img loading=\"lazy\" decoding=\"async\" width=\"697\" height=\"655\" src=\"https:\/\/etxebetea.com\/wp-content\/uploads\/2025\/12\/saioa-migel.jpg\" alt=\"\" class=\"wp-image-2221\" srcset=\"https:\/\/etxebetea.com\/wp-content\/uploads\/2025\/12\/saioa-migel.jpg 697w, https:\/\/etxebetea.com\/wp-content\/uploads\/2025\/12\/saioa-migel-300x282.jpg 300w\" sizes=\"auto, (max-width: 697px) 100vw, 697px\" \/><\/figure>\n<\/div>\n\n\n\n<div class=\"wp-block-column is-vertically-aligned-center is-layout-flow wp-block-column-is-layout-flow\" style=\"flex-basis:55%\">\n<h1 class=\"wp-block-heading\">Saioa Miguel<\/h1>\n\n\n\n<p class=\"link-arrow\"><a href=\"https:\/\/etxebetea.com\/es\/elkarrekin-sortzen\/\" data-type=\"page\" data-id=\"625\">Elkarrekin Sortzen<\/a><\/p>\n<\/div>\n<\/div>\n\n\n\n<div style=\"height:5vh\" aria-hidden=\"true\" class=\"wp-block-spacer\"><\/div>\n\n\n\n<div class=\"wp-block-columns is-layout-flex wp-container-core-columns-is-layout-9d6595d7 wp-block-columns-is-layout-flex\">\n<div class=\"wp-block-column is-layout-flow wp-block-column-is-layout-flow\" style=\"flex-basis:10%\"><\/div>\n\n\n\n<div class=\"wp-block-column is-layout-flow wp-block-column-is-layout-flow\" style=\"flex-basis:90%\">\n<p>Saioa Miguel (Bilbao, 1994) es cineasta y productora vasca. Diplomada en Direcci\u00f3n de Cine por la Escuela de Artes (TAI) y especializada en Cine Documental y Experimental en la escuela (LAV), ampli\u00f3 su formaci\u00f3n con una beca de la Fundaci\u00f3n Contempor\u00e1nea (La F\u00e1brica) para cursar un M\u00e1ster en Gesti\u00f3n de Proyectos Culturales y con un posgrado en Comisariado F\u00edlmico por la El\u00edas Querejeta Zine Eskola (EQZE).<\/p>\n\n\n\n<p>En actualidad est\u00e1 desarrollando su proyecto de largometraje <em>Leize<\/em>, presentado en Elkarrekin Sortzen, seleccionado por la convocatoria de Noka Creaci\u00f3n y galardonado con el premio D\u2019A en Talentuen Gunea. Es directora de los cortometrajes <em>Erik(a)<\/em>, un collage de formatos cinematogr\u00e1ficos sobre la vida de su protagonista, un hombre trans, que form\u00f3 parte de los festivales Zinegoak y M\u00e1rgenes. As\u00ed tambi\u00e9n, su \u00faltimo cortodocumental <em>Gatz Harana<\/em>, centrado en los salineros de los valles de A\u00f1ana, ha sido estrenado en el Festival de San Sebasti\u00e1n (Zinemaldi). En 2024 recibi\u00f3 el Premio a la Creaci\u00f3n en el Festival Internacional Documental de Zinebi por su obra <em>Piztiak<\/em>.<\/p>\n\n\n\n<p>Paralelamente, compagina su trabajo audiovisual con la fotograf\u00eda anal\u00f3gica y el collage. Ese mismo a\u00f1o fue seleccionada para representar a Bizkaia en el primer Encuentro de Fotograf\u00eda de Euskal Herria, donde inaugur\u00f3 su primera exposici\u00f3n fotogr\u00e1fica dedicada a las <em>Maskaradak <\/em>y sobre lo que trata el contexto de su historia Leize.&nbsp;<\/p>\n<\/div>\n<\/div>\n\n\n\n<div style=\"height:10vh\" aria-hidden=\"true\" class=\"wp-block-spacer\"><\/div>\n\n\n\n<div id=\"block-marquee-block_7dcfae1890c66571cc49d314943b35cb\" class=\"cc-block-marquee alignfull\" >\n\n    <div class=\"cc-block-marquee-wrapper\">\n\n        <a href=\"https:\/\/etxebetea.com\/es\/\" >Vuelve al inicio de ETXE BETEA<\/a>\n\n    <\/div><!-- .cc-block-marquee-wrapper -->\n<\/div>","protected":false},"excerpt":{"rendered":"<p>Saioa Miguel Elkarrekin Sortzen Saioa Miguel (Bilbao, 1994) es cineasta y productora vasca. Diplomada en Direcci\u00f3n de Cine por la Escuela de Artes (TAI) y especializada en Cine Documental y Experimental en la escuela (LAV), ampli\u00f3 su formaci\u00f3n con una beca de la Fundaci\u00f3n Contempor\u00e1nea (La F\u00e1brica) para cursar un M\u00e1ster en Gesti\u00f3n de Proyectos [&hellip;]<\/p>\n","protected":false},"author":2,"featured_media":0,"parent":0,"menu_order":0,"comment_status":"closed","ping_status":"closed","template":"","meta":{"_acf_changed":false,"inline_featured_image":false,"_genesis_hide_title":true,"_genesis_hide_breadcrumbs":false,"_genesis_hide_singular_image":false,"_genesis_hide_footer_widgets":false,"_genesis_custom_body_class":"","_genesis_custom_post_class":"","_genesis_layout":"","footnotes":""},"class_list":{"0":"post-2263","1":"page","2":"type-page","3":"status-publish","5":"entry"},"acf":[],"_links":{"self":[{"href":"https:\/\/etxebetea.com\/es\/wp-json\/wp\/v2\/pages\/2263","targetHints":{"allow":["GET"]}}],"collection":[{"href":"https:\/\/etxebetea.com\/es\/wp-json\/wp\/v2\/pages"}],"about":[{"href":"https:\/\/etxebetea.com\/es\/wp-json\/wp\/v2\/types\/page"}],"author":[{"embeddable":true,"href":"https:\/\/etxebetea.com\/es\/wp-json\/wp\/v2\/users\/2"}],"replies":[{"embeddable":true,"href":"https:\/\/etxebetea.com\/es\/wp-json\/wp\/v2\/comments?post=2263"}],"version-history":[{"count":1,"href":"https:\/\/etxebetea.com\/es\/wp-json\/wp\/v2\/pages\/2263\/revisions"}],"predecessor-version":[{"id":2265,"href":"https:\/\/etxebetea.com\/es\/wp-json\/wp\/v2\/pages\/2263\/revisions\/2265"}],"wp:attachment":[{"href":"https:\/\/etxebetea.com\/es\/wp-json\/wp\/v2\/media?parent=2263"}],"curies":[{"name":"wp","href":"https:\/\/api.w.org\/{rel}","templated":true}]}}