{"id":2266,"date":"2025-12-03T10:36:10","date_gmt":"2025-12-03T09:36:10","guid":{"rendered":"https:\/\/etxebetea.com\/?page_id=2266"},"modified":"2025-12-03T10:36:11","modified_gmt":"2025-12-03T09:36:11","slug":"itsaso-pol","status":"publish","type":"page","link":"https:\/\/etxebetea.com\/es\/itsaso-pol\/","title":{"rendered":"Itsaso Pol"},"content":{"rendered":"\n<div class=\"wp-block-columns are-vertically-aligned-center cabecera--small is-layout-flex wp-container-core-columns-is-layout-9d6595d7 wp-block-columns-is-layout-flex\" id=\"cabecera\">\n<div class=\"wp-block-column is-vertically-aligned-center is-layout-flow wp-block-column-is-layout-flow\" style=\"flex-basis:45%\">\n<figure class=\"wp-block-image alignfull size-full\"><img loading=\"lazy\" decoding=\"async\" width=\"697\" height=\"655\" src=\"https:\/\/etxebetea.com\/wp-content\/uploads\/2025\/12\/itsaso-pol.jpg\" alt=\"\" class=\"wp-image-2209\" srcset=\"https:\/\/etxebetea.com\/wp-content\/uploads\/2025\/12\/itsaso-pol.jpg 697w, https:\/\/etxebetea.com\/wp-content\/uploads\/2025\/12\/itsaso-pol-300x282.jpg 300w\" sizes=\"auto, (max-width: 697px) 100vw, 697px\" \/><\/figure>\n<\/div>\n\n\n\n<div class=\"wp-block-column is-vertically-aligned-center is-layout-flow wp-block-column-is-layout-flow\" style=\"flex-basis:55%\">\n<h1 class=\"wp-block-heading\">Itsaso Pol<\/h1>\n\n\n\n<p class=\"link-arrow\"><a href=\"https:\/\/etxebetea.com\/es\/elkarrekin-sortzen\/\" data-type=\"page\" data-id=\"625\">Elkarrekin Sortzen<\/a><\/p>\n<\/div>\n<\/div>\n\n\n\n<div style=\"height:5vh\" aria-hidden=\"true\" class=\"wp-block-spacer\"><\/div>\n\n\n\n<div class=\"wp-block-columns is-layout-flex wp-container-core-columns-is-layout-9d6595d7 wp-block-columns-is-layout-flex\">\n<div class=\"wp-block-column is-layout-flow wp-block-column-is-layout-flow\" style=\"flex-basis:10%\"><\/div>\n\n\n\n<div class=\"wp-block-column is-layout-flow wp-block-column-is-layout-flow\" style=\"flex-basis:90%\">\n<p>O\u00f1ati, 1993. Estudi\u00f3 artes esc\u00e9nicas y comunicaci\u00f3n audiovisual en la Universidad Nebrija de Madrid. En al a\u00f1o 2016 curs\u00f3 su \u00faltimo a\u00f1o como estudiante erasmus en la universidad de Regent\u2019s en Londres.&nbsp;<\/p>\n\n\n\n<p>En el a\u00f1o 2017, de nuevo en Madrid, estudi\u00f3 Direcci\u00f3n cinematogr\u00e1fica en la escuela de cine Septima Ars. All\u00ed rod\u00f3 como trabajo de fin de curso el cortometraje \u201cCaja de Cerillas\u201d, que posteriormente ser\u00eda seleccionado en el Festival PNR de Madrid, en la secci\u00f3n FEMMES. En 2018 trabaj\u00f3 en rodajes publicitarios y de ficci\u00f3n. En 2019 se incorpor\u00f3 al departamento de casting como ayudante, puesto en el que ha estado trabajando desde entonces, participando en proyectos como \u201cAs Bestas\u201d, \u201cAntidisturbios\u201d. \u201cAzken Erromantikoak\u201d, \u201cIntimidad\u201d&#8230;.<\/p>\n\n\n\n<p>En 2022 rod\u00f3 su primer cortometraje profesional, \u201cAita\u201d, que fue seleccionado en algunos festivales nacionales e internacionales como \u201cPsicurt\u201d, \u201cEnkarzine\u201d o \u201cLubling Film Festival\u201d. En 2025 entra en el programa AUKERA con el proyecto de cortometraje \u201cAzken uda\u201d.&nbsp;<\/p>\n\n\n\n<p>Le gusta centrar su atenci\u00f3n en proyectos que reflexionen sobre como nos influye nuestro entorno y la gente que nos rodea. Cuando crea, centra su mirada en personajes sumidos en luchas internas.&nbsp;<\/p>\n<\/div>\n<\/div>\n\n\n\n<div style=\"height:10vh\" aria-hidden=\"true\" class=\"wp-block-spacer\"><\/div>\n\n\n\n<div id=\"block-marquee-block_298367afee76eb13c19b777680d0fb58\" class=\"cc-block-marquee alignfull\" >\n\n    <div class=\"cc-block-marquee-wrapper\">\n\n        <a href=\"https:\/\/etxebetea.com\/es\/\" >Vuelve al inicio de ETXE BETEA<\/a>\n\n    <\/div><!-- .cc-block-marquee-wrapper -->\n<\/div>","protected":false},"excerpt":{"rendered":"<p>Itsaso Pol Elkarrekin Sortzen O\u00f1ati, 1993. Estudi\u00f3 artes esc\u00e9nicas y comunicaci\u00f3n audiovisual en la Universidad Nebrija de Madrid. En al a\u00f1o 2016 curs\u00f3 su \u00faltimo a\u00f1o como estudiante erasmus en la universidad de Regent\u2019s en Londres.&nbsp; En el a\u00f1o 2017, de nuevo en Madrid, estudi\u00f3 Direcci\u00f3n cinematogr\u00e1fica en la escuela de cine Septima Ars. All\u00ed [&hellip;]<\/p>\n","protected":false},"author":2,"featured_media":0,"parent":0,"menu_order":0,"comment_status":"closed","ping_status":"closed","template":"","meta":{"_acf_changed":false,"inline_featured_image":false,"_genesis_hide_title":true,"_genesis_hide_breadcrumbs":false,"_genesis_hide_singular_image":false,"_genesis_hide_footer_widgets":false,"_genesis_custom_body_class":"","_genesis_custom_post_class":"","_genesis_layout":"","footnotes":""},"class_list":{"0":"post-2266","1":"page","2":"type-page","3":"status-publish","5":"entry"},"acf":[],"_links":{"self":[{"href":"https:\/\/etxebetea.com\/es\/wp-json\/wp\/v2\/pages\/2266","targetHints":{"allow":["GET"]}}],"collection":[{"href":"https:\/\/etxebetea.com\/es\/wp-json\/wp\/v2\/pages"}],"about":[{"href":"https:\/\/etxebetea.com\/es\/wp-json\/wp\/v2\/types\/page"}],"author":[{"embeddable":true,"href":"https:\/\/etxebetea.com\/es\/wp-json\/wp\/v2\/users\/2"}],"replies":[{"embeddable":true,"href":"https:\/\/etxebetea.com\/es\/wp-json\/wp\/v2\/comments?post=2266"}],"version-history":[{"count":1,"href":"https:\/\/etxebetea.com\/es\/wp-json\/wp\/v2\/pages\/2266\/revisions"}],"predecessor-version":[{"id":2267,"href":"https:\/\/etxebetea.com\/es\/wp-json\/wp\/v2\/pages\/2266\/revisions\/2267"}],"wp:attachment":[{"href":"https:\/\/etxebetea.com\/es\/wp-json\/wp\/v2\/media?parent=2266"}],"curies":[{"name":"wp","href":"https:\/\/api.w.org\/{rel}","templated":true}]}}