{"id":2270,"date":"2025-12-03T10:37:23","date_gmt":"2025-12-03T09:37:23","guid":{"rendered":"https:\/\/etxebetea.com\/?page_id=2270"},"modified":"2026-02-06T12:24:10","modified_gmt":"2026-02-06T11:24:10","slug":"paula-olaz","status":"publish","type":"page","link":"https:\/\/etxebetea.com\/es\/paula-olaz\/","title":{"rendered":"Paula Olaz"},"content":{"rendered":"\n<div class=\"wp-block-columns are-vertically-aligned-center cabecera--small is-layout-flex wp-container-core-columns-is-layout-9d6595d7 wp-block-columns-is-layout-flex\" id=\"cabecera\">\n<div class=\"wp-block-column is-vertically-aligned-center is-layout-flow wp-block-column-is-layout-flow\" style=\"flex-basis:45%\">\n<figure class=\"wp-block-image alignfull size-full\"><img loading=\"lazy\" decoding=\"async\" width=\"697\" height=\"655\" src=\"https:\/\/etxebetea.com\/wp-content\/uploads\/2025\/12\/paula-olaz.jpg\" alt=\"\" class=\"wp-image-2218\" srcset=\"https:\/\/etxebetea.com\/wp-content\/uploads\/2025\/12\/paula-olaz.jpg 697w, https:\/\/etxebetea.com\/wp-content\/uploads\/2025\/12\/paula-olaz-300x282.jpg 300w\" sizes=\"auto, (max-width: 697px) 100vw, 697px\" \/><\/figure>\n<\/div>\n\n\n\n<div class=\"wp-block-column is-vertically-aligned-center is-layout-flow wp-block-column-is-layout-flow\" style=\"flex-basis:55%\">\n<h1 class=\"wp-block-heading\">Paula Olaz<\/h1>\n\n\n\n<p class=\"link-arrow\"><a href=\"https:\/\/etxebetea.com\/es\/elkarrekin-sortzen\/\" data-type=\"page\" data-id=\"625\">Elkarrekin Sortzen<\/a><\/p>\n<\/div>\n<\/div>\n\n\n\n<div style=\"height:5vh\" aria-hidden=\"true\" class=\"wp-block-spacer\"><\/div>\n\n\n\n<div class=\"wp-block-columns is-layout-flex wp-container-core-columns-is-layout-9d6595d7 wp-block-columns-is-layout-flex\">\n<div class=\"wp-block-column is-layout-flow wp-block-column-is-layout-flow\" style=\"flex-basis:10%\"><\/div>\n\n\n\n<div class=\"wp-block-column is-layout-flow wp-block-column-is-layout-flow\" style=\"flex-basis:90%\">\n<p>Paula Olaz (Pamplona, 1989) es una compositora espa\u00f1ola especializada en bandas sonoras originales para cine, televisi\u00f3n, teatro, danza y videojuegos. Su trabajo se caracteriza por la fusi\u00f3n de la creatividad art\u00edstica y la investigaci\u00f3n cient\u00edfica.<\/p>\n\n\n\n<p>Ha compuesto m\u00fasica original para m\u00e1s de 20 largometrajes, consolid\u00e1ndose como una de las compositoras m\u00e1s activas del cine espa\u00f1ol contempor\u00e1neo. Entre sus obras m\u00e1s destacadas se encuentran las pel\u00edculas &#8216;Raqa&#8217; (Gerardo Herrero), &#8216;El bus de la Vida&#8217; (Ib\u00f3n Cormenzana), &#8216;Verano en Rojo&#8217; (Bel\u00e9n Mac\u00edas), &#8216;Alguien que cuide de m\u00ed&#8217; (Elvira Lindo y Daniela F\u00e9jerman), &#8216;Las Buenas Compa\u00f1\u00edas&#8217; (Silvia Munt), &#8216;Bajo Terapia&#8217; (Gerardo Herrero), &#8216;Nora&#8217; (Lara Izagirre), &#8216;La Cima&#8217; (Ibon Cormenzana), y &#8216;Cr\u00f3nica de una tormenta&#8217; (Mariana Barassi).&nbsp;<\/p>\n\n\n\n<p>Recientemente, fue galardonada con el Premio Lorca a la Mejor Banda Sonora Original por su trabajo en &#8216;Alguien que cuide de m\u00ed&#8217;. Su carrera incluye m\u00e1s de siete candidaturas consideradas para el Premio Goya a la Mejor M\u00fasica Original, y algunas de las pel\u00edculas a las que ha contribuido han sido preseleccionadas para los Oscars y han ganado reconocimiento internacional.<\/p>\n<\/div>\n<\/div>\n\n\n\n<div style=\"height:10vh\" aria-hidden=\"true\" class=\"wp-block-spacer\"><\/div>\n\n\n\n<div id=\"block-marquee-block_83a7eecfd527c25ea989117676845ff5\" class=\"cc-block-marquee alignfull\" >\n\n    <div class=\"cc-block-marquee-wrapper\">\n\n        <a href=\"https:\/\/etxebetea.com\/es\/\" >Vuelve al inicio de ETXE BETEA<\/a>\n\n    <\/div><!-- .cc-block-marquee-wrapper -->\n<\/div>","protected":false},"excerpt":{"rendered":"<p>Paula Olaz Elkarrekin Sortzen Paula Olaz (Pamplona, 1989) es una compositora espa\u00f1ola especializada en bandas sonoras originales para cine, televisi\u00f3n, teatro, danza y videojuegos. Su trabajo se caracteriza por la fusi\u00f3n de la creatividad art\u00edstica y la investigaci\u00f3n cient\u00edfica. Ha compuesto m\u00fasica original para m\u00e1s de 20 largometrajes, consolid\u00e1ndose como una de las compositoras m\u00e1s [&hellip;]<\/p>\n","protected":false},"author":2,"featured_media":0,"parent":0,"menu_order":0,"comment_status":"closed","ping_status":"closed","template":"","meta":{"_acf_changed":false,"inline_featured_image":false,"_genesis_hide_title":true,"_genesis_hide_breadcrumbs":false,"_genesis_hide_singular_image":false,"_genesis_hide_footer_widgets":false,"_genesis_custom_body_class":"","_genesis_custom_post_class":"","_genesis_layout":"","footnotes":""},"class_list":{"0":"post-2270","1":"page","2":"type-page","3":"status-publish","5":"entry"},"acf":[],"_links":{"self":[{"href":"https:\/\/etxebetea.com\/es\/wp-json\/wp\/v2\/pages\/2270","targetHints":{"allow":["GET"]}}],"collection":[{"href":"https:\/\/etxebetea.com\/es\/wp-json\/wp\/v2\/pages"}],"about":[{"href":"https:\/\/etxebetea.com\/es\/wp-json\/wp\/v2\/types\/page"}],"author":[{"embeddable":true,"href":"https:\/\/etxebetea.com\/es\/wp-json\/wp\/v2\/users\/2"}],"replies":[{"embeddable":true,"href":"https:\/\/etxebetea.com\/es\/wp-json\/wp\/v2\/comments?post=2270"}],"version-history":[{"count":1,"href":"https:\/\/etxebetea.com\/es\/wp-json\/wp\/v2\/pages\/2270\/revisions"}],"predecessor-version":[{"id":2271,"href":"https:\/\/etxebetea.com\/es\/wp-json\/wp\/v2\/pages\/2270\/revisions\/2271"}],"wp:attachment":[{"href":"https:\/\/etxebetea.com\/es\/wp-json\/wp\/v2\/media?parent=2270"}],"curies":[{"name":"wp","href":"https:\/\/api.w.org\/{rel}","templated":true}]}}