{"id":2277,"date":"2025-12-03T10:57:12","date_gmt":"2025-12-03T09:57:12","guid":{"rendered":"https:\/\/etxebetea.com\/?page_id=2277"},"modified":"2025-12-03T10:57:12","modified_gmt":"2025-12-03T09:57:12","slug":"alazne-astorga","status":"publish","type":"page","link":"https:\/\/etxebetea.com\/es\/alazne-astorga\/","title":{"rendered":"Alazne Astorga"},"content":{"rendered":"\n<div class=\"wp-block-columns are-vertically-aligned-center cabecera--small is-layout-flex wp-container-core-columns-is-layout-9d6595d7 wp-block-columns-is-layout-flex\" id=\"cabecera\">\n<div class=\"wp-block-column is-vertically-aligned-center is-layout-flow wp-block-column-is-layout-flow\" style=\"flex-basis:45%\">\n<figure class=\"wp-block-image alignfull size-full\"><img loading=\"lazy\" decoding=\"async\" width=\"697\" height=\"655\" src=\"https:\/\/etxebetea.com\/wp-content\/uploads\/2025\/12\/alazne.jpg\" alt=\"\" class=\"wp-image-2227\" srcset=\"https:\/\/etxebetea.com\/wp-content\/uploads\/2025\/12\/alazne.jpg 697w, https:\/\/etxebetea.com\/wp-content\/uploads\/2025\/12\/alazne-300x282.jpg 300w\" sizes=\"auto, (max-width: 697px) 100vw, 697px\" \/><\/figure>\n<\/div>\n\n\n\n<div class=\"wp-block-column is-vertically-aligned-center is-layout-flow wp-block-column-is-layout-flow\" style=\"flex-basis:55%\">\n<h1 class=\"wp-block-heading\">Alazne Astorga<\/h1>\n\n\n\n<p class=\"link-arrow\"><a href=\"https:\/\/etxebetea.com\/es\/elkarrekin-sortzen\/\" data-type=\"page\" data-id=\"625\">Elkarrekin Sortzen<\/a><\/p>\n<\/div>\n<\/div>\n\n\n\n<div style=\"height:5vh\" aria-hidden=\"true\" class=\"wp-block-spacer\"><\/div>\n\n\n\n<div class=\"wp-block-columns is-layout-flex wp-container-core-columns-is-layout-9d6595d7 wp-block-columns-is-layout-flex\">\n<div class=\"wp-block-column is-layout-flow wp-block-column-is-layout-flow\" style=\"flex-basis:10%\"><\/div>\n\n\n\n<div class=\"wp-block-column is-layout-flow wp-block-column-is-layout-flow\" style=\"flex-basis:90%\">\n<p>Alazne Astorga es una actriz y creadora. Entre sus estudios destacan: M\u00e1ster de interpretaci\u00f3n ante la c\u00e1mara en la escuela <em>Bizie<\/em> con Urko Olazabal, seminarios de interpretaci\u00f3n con Andr\u00e9s Lima, Manuel Mor\u00f3n en la escuela <em>Corazza<\/em>, Oriol Pla en <em>La Abadia<\/em>, Alessandra Garcia en el <em>festival de Olite,<\/em> ADEL (Laboratorio vasco de arte drama) y la t\u00e9cnica Meisner con <em>Javier Galit\u00f3-Cava y Neus Su\u00f1e <\/em>entre otros.&nbsp;<\/p>\n\n\n\n<p>Todo ello acompa\u00f1ado de trabajos en el mundo audiovisual y de teatro, destacando el corto BAT dirigido por la cineasta Ane Berriotxoa, seleccionado en un cat\u00e1logo del festival de Cannes. UXINA dirigido por Luc\u00eda Ezker con el que ha sido nominada a mejor actriz en el festival internacional de cine de Ledesma o MARMARRA obra de teatro en la actualmente trabaja con la compa\u00f1\u00eda <em>ATX teatroa.&nbsp;<\/em><br>En estos momentos est\u00e1 desarrollando su primer largometraje \u201cYOLANDA\u201d, inspirado en hechos reales. Yolanda Gonzalez fue asesinada por dos miembros del grupo <em>Fuerza Nueva<\/em> el 1 de febrero de 1980.<\/p>\n<\/div>\n<\/div>\n\n\n\n<div style=\"height:10vh\" aria-hidden=\"true\" class=\"wp-block-spacer\"><\/div>\n\n\n\n<div id=\"block-marquee-block_4923957f1f7b16bb0db0dbb38a9cbfa4\" class=\"cc-block-marquee alignfull\" >\n\n    <div class=\"cc-block-marquee-wrapper\">\n\n        <a href=\"https:\/\/etxebetea.com\/es\/\" >Vuelve al inicio de ETXE BETEA<\/a>\n\n    <\/div><!-- .cc-block-marquee-wrapper -->\n<\/div>","protected":false},"excerpt":{"rendered":"<p>Alazne Astorga Elkarrekin Sortzen Alazne Astorga es una actriz y creadora. Entre sus estudios destacan: M\u00e1ster de interpretaci\u00f3n ante la c\u00e1mara en la escuela Bizie con Urko Olazabal, seminarios de interpretaci\u00f3n con Andr\u00e9s Lima, Manuel Mor\u00f3n en la escuela Corazza, Oriol Pla en La Abadia, Alessandra Garcia en el festival de Olite, ADEL (Laboratorio vasco [&hellip;]<\/p>\n","protected":false},"author":2,"featured_media":0,"parent":0,"menu_order":0,"comment_status":"closed","ping_status":"closed","template":"","meta":{"_acf_changed":false,"inline_featured_image":false,"_genesis_hide_title":true,"_genesis_hide_breadcrumbs":false,"_genesis_hide_singular_image":false,"_genesis_hide_footer_widgets":false,"_genesis_custom_body_class":"","_genesis_custom_post_class":"","_genesis_layout":"","footnotes":""},"class_list":{"0":"post-2277","1":"page","2":"type-page","3":"status-publish","5":"entry"},"acf":[],"_links":{"self":[{"href":"https:\/\/etxebetea.com\/es\/wp-json\/wp\/v2\/pages\/2277","targetHints":{"allow":["GET"]}}],"collection":[{"href":"https:\/\/etxebetea.com\/es\/wp-json\/wp\/v2\/pages"}],"about":[{"href":"https:\/\/etxebetea.com\/es\/wp-json\/wp\/v2\/types\/page"}],"author":[{"embeddable":true,"href":"https:\/\/etxebetea.com\/es\/wp-json\/wp\/v2\/users\/2"}],"replies":[{"embeddable":true,"href":"https:\/\/etxebetea.com\/es\/wp-json\/wp\/v2\/comments?post=2277"}],"version-history":[{"count":1,"href":"https:\/\/etxebetea.com\/es\/wp-json\/wp\/v2\/pages\/2277\/revisions"}],"predecessor-version":[{"id":2278,"href":"https:\/\/etxebetea.com\/es\/wp-json\/wp\/v2\/pages\/2277\/revisions\/2278"}],"wp:attachment":[{"href":"https:\/\/etxebetea.com\/es\/wp-json\/wp\/v2\/media?parent=2277"}],"curies":[{"name":"wp","href":"https:\/\/api.w.org\/{rel}","templated":true}]}}