{"id":2283,"date":"2025-12-03T10:58:43","date_gmt":"2025-12-03T09:58:43","guid":{"rendered":"https:\/\/etxebetea.com\/?page_id=2283"},"modified":"2025-12-03T10:58:44","modified_gmt":"2025-12-03T09:58:44","slug":"adriana-laespada","status":"publish","type":"page","link":"https:\/\/etxebetea.com\/es\/adriana-laespada\/","title":{"rendered":"Adriana Laespada"},"content":{"rendered":"\n<div class=\"wp-block-columns are-vertically-aligned-center cabecera--small is-layout-flex wp-container-core-columns-is-layout-9d6595d7 wp-block-columns-is-layout-flex\" id=\"cabecera\">\n<div class=\"wp-block-column is-vertically-aligned-center is-layout-flow wp-block-column-is-layout-flow\" style=\"flex-basis:45%\">\n<figure class=\"wp-block-image alignfull size-full\"><img loading=\"lazy\" decoding=\"async\" width=\"697\" height=\"655\" src=\"https:\/\/etxebetea.com\/wp-content\/uploads\/2025\/12\/adriana.jpg\" alt=\"\" class=\"wp-image-2224\" srcset=\"https:\/\/etxebetea.com\/wp-content\/uploads\/2025\/12\/adriana.jpg 697w, https:\/\/etxebetea.com\/wp-content\/uploads\/2025\/12\/adriana-300x282.jpg 300w\" sizes=\"auto, (max-width: 697px) 100vw, 697px\" \/><\/figure>\n<\/div>\n\n\n\n<div class=\"wp-block-column is-vertically-aligned-center is-layout-flow wp-block-column-is-layout-flow\" style=\"flex-basis:55%\">\n<h1 class=\"wp-block-heading\">Adriana Laespada<\/h1>\n\n\n\n<p class=\"link-arrow\"><a href=\"https:\/\/etxebetea.com\/es\/elkarrekin-sortzen\/\" data-type=\"page\" data-id=\"625\">Elkarrekin Sortzen<\/a><\/p>\n<\/div>\n<\/div>\n\n\n\n<div style=\"height:5vh\" aria-hidden=\"true\" class=\"wp-block-spacer\"><\/div>\n\n\n\n<div class=\"wp-block-columns is-layout-flex wp-container-core-columns-is-layout-9d6595d7 wp-block-columns-is-layout-flex\">\n<div class=\"wp-block-column is-layout-flow wp-block-column-is-layout-flow\" style=\"flex-basis:10%\"><\/div>\n\n\n\n<div class=\"wp-block-column is-layout-flow wp-block-column-is-layout-flow\" style=\"flex-basis:90%\">\n<p>Actriz, soprano, dramaturga y directora, graduada en Bellas Artes por la Universidad del Pa\u00eds Vasco. Su formaci\u00f3n abarca el Canto l\u00edrico (Conservatorio Juan Cris\u00f3stomo de Arriaga, Bilbao), la Direcci\u00f3n de Escena para \u00d3pera (Accademia Verona per l&#8217;Opera), e Interpretaci\u00f3n en Teatro Azione Scuola di Recitazione (Roma). Posteriormente, profundiza en la T\u00e9cnica Meisner en Londres con Gary Condes y Tom Radcliffe.<\/p>\n\n\n\n<p>En televisi\u00f3n, ha interpretado recientemente a Luciana Garc\u00eda en la serie Signora Volpe. En el teatro, el el futuro pr\u00f3ximo va a dirigir su versi\u00f3n de El Despertar de la Primavera con la Gazte Kontainia de Pabell\u00f3n 6, que se estrenar\u00e1 en el Teatro Arriaga el 11 de marzo de 2026.&nbsp;<\/p>\n\n\n\n<p>Ha trabajado como asistente de direcci\u00f3n en prestigiosas instituciones como el Teatro Alla Scala, el Teatro dell&#8217;Opera di Roma y el Macerata Opera Festival, entre muchas otras. Adem\u00e1s, compagina su actividad art\u00edstica con la gesti\u00f3n cultural y la organizaci\u00f3n de eventos musicales, colaborando con instituciones como la Real Academia de Espa\u00f1a en Roma, la Embajada de Espa\u00f1a ante Italia o la Sociedad Coral de Bilbao.<\/p>\n<\/div>\n<\/div>\n\n\n\n<div style=\"height:10vh\" aria-hidden=\"true\" class=\"wp-block-spacer\"><\/div>\n\n\n\n<div id=\"block-marquee-block_99f1931715310a66f47ac0ccb06c3552\" class=\"cc-block-marquee alignfull\" >\n\n    <div class=\"cc-block-marquee-wrapper\">\n\n        <a href=\"https:\/\/etxebetea.com\/es\/\" >Vuelve al inicio de ETXE BETEA<\/a>\n\n    <\/div><!-- .cc-block-marquee-wrapper -->\n<\/div>","protected":false},"excerpt":{"rendered":"<p>Adriana Laespada Elkarrekin Sortzen Actriz, soprano, dramaturga y directora, graduada en Bellas Artes por la Universidad del Pa\u00eds Vasco. Su formaci\u00f3n abarca el Canto l\u00edrico (Conservatorio Juan Cris\u00f3stomo de Arriaga, Bilbao), la Direcci\u00f3n de Escena para \u00d3pera (Accademia Verona per l&#8217;Opera), e Interpretaci\u00f3n en Teatro Azione Scuola di Recitazione (Roma). Posteriormente, profundiza en la T\u00e9cnica [&hellip;]<\/p>\n","protected":false},"author":2,"featured_media":0,"parent":0,"menu_order":0,"comment_status":"closed","ping_status":"closed","template":"","meta":{"_acf_changed":false,"inline_featured_image":false,"_genesis_hide_title":true,"_genesis_hide_breadcrumbs":false,"_genesis_hide_singular_image":false,"_genesis_hide_footer_widgets":false,"_genesis_custom_body_class":"","_genesis_custom_post_class":"","_genesis_layout":"","footnotes":""},"class_list":{"0":"post-2283","1":"page","2":"type-page","3":"status-publish","5":"entry"},"acf":[],"_links":{"self":[{"href":"https:\/\/etxebetea.com\/es\/wp-json\/wp\/v2\/pages\/2283","targetHints":{"allow":["GET"]}}],"collection":[{"href":"https:\/\/etxebetea.com\/es\/wp-json\/wp\/v2\/pages"}],"about":[{"href":"https:\/\/etxebetea.com\/es\/wp-json\/wp\/v2\/types\/page"}],"author":[{"embeddable":true,"href":"https:\/\/etxebetea.com\/es\/wp-json\/wp\/v2\/users\/2"}],"replies":[{"embeddable":true,"href":"https:\/\/etxebetea.com\/es\/wp-json\/wp\/v2\/comments?post=2283"}],"version-history":[{"count":1,"href":"https:\/\/etxebetea.com\/es\/wp-json\/wp\/v2\/pages\/2283\/revisions"}],"predecessor-version":[{"id":2284,"href":"https:\/\/etxebetea.com\/es\/wp-json\/wp\/v2\/pages\/2283\/revisions\/2284"}],"wp:attachment":[{"href":"https:\/\/etxebetea.com\/es\/wp-json\/wp\/v2\/media?parent=2283"}],"curies":[{"name":"wp","href":"https:\/\/api.w.org\/{rel}","templated":true}]}}