{"id":2287,"date":"2025-12-03T11:02:04","date_gmt":"2025-12-03T10:02:04","guid":{"rendered":"https:\/\/etxebetea.com\/?page_id=2287"},"modified":"2025-12-03T11:02:05","modified_gmt":"2025-12-03T10:02:05","slug":"noelia-chane","status":"publish","type":"page","link":"https:\/\/etxebetea.com\/es\/noelia-chane\/","title":{"rendered":"Noelia Cha\u00f1e"},"content":{"rendered":"\n<div class=\"wp-block-columns are-vertically-aligned-center cabecera--small is-layout-flex wp-container-core-columns-is-layout-9d6595d7 wp-block-columns-is-layout-flex\" id=\"cabecera\">\n<div class=\"wp-block-column is-vertically-aligned-center is-layout-flow wp-block-column-is-layout-flow\" style=\"flex-basis:45%\">\n<figure class=\"wp-block-image alignfull size-full\"><img loading=\"lazy\" decoding=\"async\" width=\"697\" height=\"655\" src=\"https:\/\/etxebetea.com\/wp-content\/uploads\/2025\/12\/noelia.jpg\" alt=\"\" class=\"wp-image-2233\" srcset=\"https:\/\/etxebetea.com\/wp-content\/uploads\/2025\/12\/noelia.jpg 697w, https:\/\/etxebetea.com\/wp-content\/uploads\/2025\/12\/noelia-300x282.jpg 300w\" sizes=\"auto, (max-width: 697px) 100vw, 697px\" \/><\/figure>\n<\/div>\n\n\n\n<div class=\"wp-block-column is-vertically-aligned-center is-layout-flow wp-block-column-is-layout-flow\" style=\"flex-basis:55%\">\n<h1 class=\"wp-block-heading\">Noelia Cha\u00f1e<\/h1>\n\n\n\n<p class=\"link-arrow\"><a href=\"https:\/\/etxebetea.com\/es\/elkarrekin-sortzen\/\" data-type=\"page\" data-id=\"625\">Elkarrekin Sortzen<\/a><\/p>\n<\/div>\n<\/div>\n\n\n\n<div style=\"height:5vh\" aria-hidden=\"true\" class=\"wp-block-spacer\"><\/div>\n\n\n\n<div class=\"wp-block-columns is-layout-flex wp-container-core-columns-is-layout-9d6595d7 wp-block-columns-is-layout-flex\">\n<div class=\"wp-block-column is-layout-flow wp-block-column-is-layout-flow\" style=\"flex-basis:10%\"><\/div>\n\n\n\n<div class=\"wp-block-column is-layout-flow wp-block-column-is-layout-flow\" style=\"flex-basis:90%\">\n<p>Madrid, 1998. Directora y guionista graduada en Direcci\u00f3n Cinematograf\u00eda y Artes Audiovisuales por TAI. Lleva m\u00e1s de cinco a\u00f1os trabajando en publicidad, videoclips y ficci\u00f3n como ayudante y 2\u00ba ayudante de direcci\u00f3n, en numerosos rodajes. Asimismo, ha complementado su formaci\u00f3n con talleres de direcci\u00f3n y direcci\u00f3n de actores junto a profesionales como Javier Fesser y Cristina Perales. Su trabajo ha sido reconocido en festivales como el Notodofilmfest, donde su cortometraje \u00abEsta voz de mi cabeza\u00bb fue finalista y nominado al Premio TVE C\u00e1mara Abierta 2.0 al Mejor Documental. Tambi\u00e9n ha dirigido dos videoclips para el grupo Taburete (En mi cama y Aviones sin fuel) y la serie de comedia para TikTok Trini la Becaria.&nbsp;<\/p>\n\n\n\n<p>Magma es su primer cortometraje autoral fuera del \u00e1mbito acad\u00e9mico, y supone el inicio de una l\u00ednea de trabajo m\u00e1s personal, centrada en lo sensorial, el cuerpo y las identidades no normativas. Su mirada como creadora se nutre de las peque\u00f1as cosas que nos transforman y de los v\u00ednculos que nos definen.<\/p>\n<\/div>\n<\/div>\n\n\n\n<div style=\"height:10vh\" aria-hidden=\"true\" class=\"wp-block-spacer\"><\/div>\n\n\n\n<div id=\"block-marquee-block_d20590c1f1a2d7808604a2abd810c4aa\" class=\"cc-block-marquee alignfull\" >\n\n    <div class=\"cc-block-marquee-wrapper\">\n\n        <a href=\"https:\/\/etxebetea.com\/es\/\" >Vuelve al inicio de ETXE BETEA<\/a>\n\n    <\/div><!-- .cc-block-marquee-wrapper -->\n<\/div>","protected":false},"excerpt":{"rendered":"<p>Noelia Cha\u00f1e Elkarrekin Sortzen Madrid, 1998. Directora y guionista graduada en Direcci\u00f3n Cinematograf\u00eda y Artes Audiovisuales por TAI. Lleva m\u00e1s de cinco a\u00f1os trabajando en publicidad, videoclips y ficci\u00f3n como ayudante y 2\u00ba ayudante de direcci\u00f3n, en numerosos rodajes. Asimismo, ha complementado su formaci\u00f3n con talleres de direcci\u00f3n y direcci\u00f3n de actores junto a profesionales [&hellip;]<\/p>\n","protected":false},"author":2,"featured_media":0,"parent":0,"menu_order":0,"comment_status":"closed","ping_status":"closed","template":"","meta":{"_acf_changed":false,"inline_featured_image":false,"_genesis_hide_title":true,"_genesis_hide_breadcrumbs":false,"_genesis_hide_singular_image":false,"_genesis_hide_footer_widgets":false,"_genesis_custom_body_class":"","_genesis_custom_post_class":"","_genesis_layout":"","footnotes":""},"class_list":{"0":"post-2287","1":"page","2":"type-page","3":"status-publish","5":"entry"},"acf":[],"_links":{"self":[{"href":"https:\/\/etxebetea.com\/es\/wp-json\/wp\/v2\/pages\/2287","targetHints":{"allow":["GET"]}}],"collection":[{"href":"https:\/\/etxebetea.com\/es\/wp-json\/wp\/v2\/pages"}],"about":[{"href":"https:\/\/etxebetea.com\/es\/wp-json\/wp\/v2\/types\/page"}],"author":[{"embeddable":true,"href":"https:\/\/etxebetea.com\/es\/wp-json\/wp\/v2\/users\/2"}],"replies":[{"embeddable":true,"href":"https:\/\/etxebetea.com\/es\/wp-json\/wp\/v2\/comments?post=2287"}],"version-history":[{"count":1,"href":"https:\/\/etxebetea.com\/es\/wp-json\/wp\/v2\/pages\/2287\/revisions"}],"predecessor-version":[{"id":2288,"href":"https:\/\/etxebetea.com\/es\/wp-json\/wp\/v2\/pages\/2287\/revisions\/2288"}],"wp:attachment":[{"href":"https:\/\/etxebetea.com\/es\/wp-json\/wp\/v2\/media?parent=2287"}],"curies":[{"name":"wp","href":"https:\/\/api.w.org\/{rel}","templated":true}]}}