{"id":2291,"date":"2025-12-03T11:03:32","date_gmt":"2025-12-03T10:03:32","guid":{"rendered":"https:\/\/etxebetea.com\/?page_id=2291"},"modified":"2025-12-03T11:03:33","modified_gmt":"2025-12-03T10:03:33","slug":"ana-serna","status":"publish","type":"page","link":"https:\/\/etxebetea.com\/es\/ana-serna\/","title":{"rendered":"Ana Serna"},"content":{"rendered":"\n<div class=\"wp-block-columns are-vertically-aligned-center cabecera--small is-layout-flex wp-container-core-columns-is-layout-9d6595d7 wp-block-columns-is-layout-flex\" id=\"cabecera\">\n<div class=\"wp-block-column is-vertically-aligned-center is-layout-flow wp-block-column-is-layout-flow\" style=\"flex-basis:45%\">\n<figure class=\"wp-block-image alignfull size-full\"><img loading=\"lazy\" decoding=\"async\" width=\"697\" height=\"655\" src=\"https:\/\/etxebetea.com\/wp-content\/uploads\/2025\/12\/ana-serna.jpg\" alt=\"\" class=\"wp-image-2230\" srcset=\"https:\/\/etxebetea.com\/wp-content\/uploads\/2025\/12\/ana-serna.jpg 697w, https:\/\/etxebetea.com\/wp-content\/uploads\/2025\/12\/ana-serna-300x282.jpg 300w\" sizes=\"auto, (max-width: 697px) 100vw, 697px\" \/><\/figure>\n<\/div>\n\n\n\n<div class=\"wp-block-column is-vertically-aligned-center is-layout-flow wp-block-column-is-layout-flow\" style=\"flex-basis:55%\">\n<h1 class=\"wp-block-heading\">Ana Serna<\/h1>\n\n\n\n<p class=\"link-arrow\"><a href=\"https:\/\/etxebetea.com\/es\/elkarrekin-sortzen\/\" data-type=\"page\" data-id=\"625\">Elkarrekin Sortzen<\/a><\/p>\n<\/div>\n<\/div>\n\n\n\n<div style=\"height:5vh\" aria-hidden=\"true\" class=\"wp-block-spacer\"><\/div>\n\n\n\n<div class=\"wp-block-columns is-layout-flex wp-container-core-columns-is-layout-9d6595d7 wp-block-columns-is-layout-flex\">\n<div class=\"wp-block-column is-layout-flow wp-block-column-is-layout-flow\" style=\"flex-basis:10%\"><\/div>\n\n\n\n<div class=\"wp-block-column is-layout-flow wp-block-column-is-layout-flow\" style=\"flex-basis:90%\">\n<p>Ana Serna Reinares (Bilbao, 1988)\u00a0 es productora, guionista y directora. Se adentra en el mundo de la publicidad y el cine, especializ\u00e1ndose en el \u00e1rea de producci\u00f3n y direcci\u00f3n con productoras como Morituri, Basque Films, MOD, Kowalski, Pokeepsie e Irusoin entre otras. Los \u00faltimos a\u00f1os, ha trabajado en el dise\u00f1o de localizaciones con directoras como Alauda Ru\u00edz de Az\u00faa (Querer, Los Domingos) e Ic\u00edar Bolla\u00edn (Soy Nevenka). En paralelo a la producci\u00f3n cinematogr\u00e1fica y publicitaria, decide lanzarse al emprendizaje, co-creando en 2012 de la productora cultural Histeria Kolektiboa y en 2015 Al Borde films. Dentro de la productora ha participado de la escritura y la direcci\u00f3n de documentales como \u201cNorte Salvaje\u201d, \u201cLanbroa\u201d, \u201cFabricando mujeres\u201d, \u201cEl aleteo de la mariposa\u201d o \u201cSolo son peces\u201d, nominado a los Goya y galardonado con el Gran Premio del cine espa\u00f1ol en 2020 en Zinebi.<\/p>\n<\/div>\n<\/div>\n\n\n\n<div style=\"height:10vh\" aria-hidden=\"true\" class=\"wp-block-spacer\"><\/div>\n\n\n\n<div id=\"block-marquee-block_1ee68b5cf63d1e7312a3d0203627b28c\" class=\"cc-block-marquee alignfull\" >\n\n    <div class=\"cc-block-marquee-wrapper\">\n\n        <a href=\"https:\/\/etxebetea.com\/es\/\" >Vuelve al inicio de ETXE BETEA<\/a>\n\n    <\/div><!-- .cc-block-marquee-wrapper -->\n<\/div>","protected":false},"excerpt":{"rendered":"<p>Ana Serna Elkarrekin Sortzen Ana Serna Reinares (Bilbao, 1988)\u00a0 es productora, guionista y directora. Se adentra en el mundo de la publicidad y el cine, especializ\u00e1ndose en el \u00e1rea de producci\u00f3n y direcci\u00f3n con productoras como Morituri, Basque Films, MOD, Kowalski, Pokeepsie e Irusoin entre otras. Los \u00faltimos a\u00f1os, ha trabajado en el dise\u00f1o de [&hellip;]<\/p>\n","protected":false},"author":2,"featured_media":0,"parent":0,"menu_order":0,"comment_status":"closed","ping_status":"closed","template":"","meta":{"_acf_changed":false,"inline_featured_image":false,"_genesis_hide_title":true,"_genesis_hide_breadcrumbs":false,"_genesis_hide_singular_image":false,"_genesis_hide_footer_widgets":false,"_genesis_custom_body_class":"","_genesis_custom_post_class":"","_genesis_layout":"","footnotes":""},"class_list":{"0":"post-2291","1":"page","2":"type-page","3":"status-publish","5":"entry"},"acf":[],"_links":{"self":[{"href":"https:\/\/etxebetea.com\/es\/wp-json\/wp\/v2\/pages\/2291","targetHints":{"allow":["GET"]}}],"collection":[{"href":"https:\/\/etxebetea.com\/es\/wp-json\/wp\/v2\/pages"}],"about":[{"href":"https:\/\/etxebetea.com\/es\/wp-json\/wp\/v2\/types\/page"}],"author":[{"embeddable":true,"href":"https:\/\/etxebetea.com\/es\/wp-json\/wp\/v2\/users\/2"}],"replies":[{"embeddable":true,"href":"https:\/\/etxebetea.com\/es\/wp-json\/wp\/v2\/comments?post=2291"}],"version-history":[{"count":1,"href":"https:\/\/etxebetea.com\/es\/wp-json\/wp\/v2\/pages\/2291\/revisions"}],"predecessor-version":[{"id":2292,"href":"https:\/\/etxebetea.com\/es\/wp-json\/wp\/v2\/pages\/2291\/revisions\/2292"}],"wp:attachment":[{"href":"https:\/\/etxebetea.com\/es\/wp-json\/wp\/v2\/media?parent=2291"}],"curies":[{"name":"wp","href":"https:\/\/api.w.org\/{rel}","templated":true}]}}