{"id":2295,"date":"2025-12-03T11:04:49","date_gmt":"2025-12-03T10:04:49","guid":{"rendered":"https:\/\/etxebetea.com\/?page_id=2295"},"modified":"2025-12-03T11:04:50","modified_gmt":"2025-12-03T10:04:50","slug":"zaira-zanguitu","status":"publish","type":"page","link":"https:\/\/etxebetea.com\/es\/zaira-zanguitu\/","title":{"rendered":"Zaira Zanguitu"},"content":{"rendered":"\n<div class=\"wp-block-columns are-vertically-aligned-center cabecera--small is-layout-flex wp-container-core-columns-is-layout-9d6595d7 wp-block-columns-is-layout-flex\" id=\"cabecera\">\n<div class=\"wp-block-column is-vertically-aligned-center is-layout-flow wp-block-column-is-layout-flow\" style=\"flex-basis:45%\">\n<figure class=\"wp-block-image alignfull size-full\"><img loading=\"lazy\" decoding=\"async\" width=\"697\" height=\"655\" src=\"https:\/\/etxebetea.com\/wp-content\/uploads\/2025\/12\/zaira.jpg\" alt=\"\" class=\"wp-image-2236\" srcset=\"https:\/\/etxebetea.com\/wp-content\/uploads\/2025\/12\/zaira.jpg 697w, https:\/\/etxebetea.com\/wp-content\/uploads\/2025\/12\/zaira-300x282.jpg 300w\" sizes=\"auto, (max-width: 697px) 100vw, 697px\" \/><\/figure>\n<\/div>\n\n\n\n<div class=\"wp-block-column is-vertically-aligned-center is-layout-flow wp-block-column-is-layout-flow\" style=\"flex-basis:55%\">\n<h1 class=\"wp-block-heading\">Zaira Zanguitu<\/h1>\n\n\n\n<p class=\"link-arrow\"><a href=\"https:\/\/etxebetea.com\/es\/elkarrekin-sortzen\/\" data-type=\"page\" data-id=\"625\">Elkarrekin Sortzen<\/a><\/p>\n<\/div>\n<\/div>\n\n\n\n<div style=\"height:5vh\" aria-hidden=\"true\" class=\"wp-block-spacer\"><\/div>\n\n\n\n<div class=\"wp-block-columns is-layout-flex wp-container-core-columns-is-layout-9d6595d7 wp-block-columns-is-layout-flex\">\n<div class=\"wp-block-column is-layout-flow wp-block-column-is-layout-flow\" style=\"flex-basis:10%\"><\/div>\n\n\n\n<div class=\"wp-block-column is-layout-flow wp-block-column-is-layout-flow\" style=\"flex-basis:90%\">\n<p>Zaira Zanguitu, profesional del mundo audiovisual, lleva 18 a\u00f1os entre c\u00e1maras, guiones y festivales como ayudante de direcci\u00f3n, ahora, trabaja en su propio documental Pajarracos, con el que est\u00e1 nominada a volar alto en 2025. Un proyecto que pretende sorprender y emocionar a partes iguales. Ha participado, como ayudante de direcci\u00f3n, en m\u00e1s de 45 proyectos audiovisuales, tanto en largometrajes como en series de ficci\u00f3n. Maspalomas, Marco o Los \u00daltimos Rom\u00e1nticos son los \u00faltimos proyectos estrenados en los que ha participado.<\/p>\n\n\n\n<p>El proyecto <em>Pajarracos<\/em>, est\u00e1 finalizando su paso por el laboratorio Noka Ekoizpena de Zineuskadi, se presentar\u00e1 en octubre en el mercado audiovisual de Abycine, mientras inicia una nueva etapa en el grupo de trabajo de cineastas vascas en Elkarrekin Sortzen.<\/p>\n<\/div>\n<\/div>\n\n\n\n<div style=\"height:10vh\" aria-hidden=\"true\" class=\"wp-block-spacer\"><\/div>\n\n\n\n<div id=\"block-marquee-block_d83cdb5f9a23334b0f6e98031b1be81a\" class=\"cc-block-marquee alignfull\" >\n\n    <div class=\"cc-block-marquee-wrapper\">\n\n        <a href=\"https:\/\/etxebetea.com\/es\/\" >Vuelve al inicio de ETXE BETEA<\/a>\n\n    <\/div><!-- .cc-block-marquee-wrapper -->\n<\/div>","protected":false},"excerpt":{"rendered":"<p>Zaira Zanguitu Elkarrekin Sortzen Zaira Zanguitu, profesional del mundo audiovisual, lleva 18 a\u00f1os entre c\u00e1maras, guiones y festivales como ayudante de direcci\u00f3n, ahora, trabaja en su propio documental Pajarracos, con el que est\u00e1 nominada a volar alto en 2025. Un proyecto que pretende sorprender y emocionar a partes iguales. Ha participado, como ayudante de direcci\u00f3n, [&hellip;]<\/p>\n","protected":false},"author":2,"featured_media":0,"parent":0,"menu_order":0,"comment_status":"closed","ping_status":"closed","template":"","meta":{"_acf_changed":false,"inline_featured_image":false,"_genesis_hide_title":true,"_genesis_hide_breadcrumbs":false,"_genesis_hide_singular_image":false,"_genesis_hide_footer_widgets":false,"_genesis_custom_body_class":"","_genesis_custom_post_class":"","_genesis_layout":"","footnotes":""},"class_list":{"0":"post-2295","1":"page","2":"type-page","3":"status-publish","5":"entry"},"acf":[],"_links":{"self":[{"href":"https:\/\/etxebetea.com\/es\/wp-json\/wp\/v2\/pages\/2295","targetHints":{"allow":["GET"]}}],"collection":[{"href":"https:\/\/etxebetea.com\/es\/wp-json\/wp\/v2\/pages"}],"about":[{"href":"https:\/\/etxebetea.com\/es\/wp-json\/wp\/v2\/types\/page"}],"author":[{"embeddable":true,"href":"https:\/\/etxebetea.com\/es\/wp-json\/wp\/v2\/users\/2"}],"replies":[{"embeddable":true,"href":"https:\/\/etxebetea.com\/es\/wp-json\/wp\/v2\/comments?post=2295"}],"version-history":[{"count":1,"href":"https:\/\/etxebetea.com\/es\/wp-json\/wp\/v2\/pages\/2295\/revisions"}],"predecessor-version":[{"id":2296,"href":"https:\/\/etxebetea.com\/es\/wp-json\/wp\/v2\/pages\/2295\/revisions\/2296"}],"wp:attachment":[{"href":"https:\/\/etxebetea.com\/es\/wp-json\/wp\/v2\/media?parent=2295"}],"curies":[{"name":"wp","href":"https:\/\/api.w.org\/{rel}","templated":true}]}}