{"id":623,"date":"2024-12-11T09:20:01","date_gmt":"2024-12-11T08:20:01","guid":{"rendered":"https:\/\/etxebetea.com\/?page_id=623"},"modified":"2025-12-03T09:54:44","modified_gmt":"2025-12-03T08:54:44","slug":"una-habitacion-propia","status":"publish","type":"page","link":"https:\/\/etxebetea.com\/es\/una-habitacion-propia\/","title":{"rendered":"Una habitaci\u00f3n propia"},"content":{"rendered":"\n<div class=\"wp-block-group alignfull page-header bg-green\" id=\"cabecera\"><div class=\"wp-block-group__inner-container is-layout-constrained wp-block-group-is-layout-constrained\">\n<p class=\"page-header-tag\">Convocatoria cerrada<\/p>\n\n\n\n<div class=\"wp-block-columns is-layout-flex wp-container-core-columns-is-layout-9d6595d7 wp-block-columns-is-layout-flex\">\n<div class=\"wp-block-column page-header-coltext is-layout-flow wp-block-column-is-layout-flow\">\n<p class=\"page-header-subtitle\">Proyectos<\/p>\n\n\n\n<h1 class=\"wp-block-heading\">Una habitaci\u00f3n propia<\/h1>\n<\/div>\n\n\n\n<div class=\"wp-block-column page-header-colimg is-layout-flow wp-block-column-is-layout-flow\" style=\"flex-basis:60%\">\n<figure class=\"wp-block-image size-full\"><img loading=\"lazy\" decoding=\"async\" width=\"900\" height=\"620\" src=\"https:\/\/etxebetea.com\/wp-content\/uploads\/2024\/12\/una-habitacion-propia.jpg\" alt=\"\" class=\"wp-image-668\" srcset=\"https:\/\/etxebetea.com\/wp-content\/uploads\/2024\/12\/una-habitacion-propia.jpg 900w, https:\/\/etxebetea.com\/wp-content\/uploads\/2024\/12\/una-habitacion-propia-300x207.jpg 300w, https:\/\/etxebetea.com\/wp-content\/uploads\/2024\/12\/una-habitacion-propia-768x529.jpg 768w\" sizes=\"auto, (max-width: 900px) 100vw, 900px\" \/><\/figure>\n<\/div>\n<\/div>\n\n\n\n<div class=\"wp-block-buttons is-content-justification-center is-layout-flex wp-container-core-buttons-is-layout-16018d1d wp-block-buttons-is-layout-flex\">\n<div class=\"wp-block-button\"><a class=\"wp-block-button__link wp-element-button\" href=\"https:\/\/etxebetea.com\/wp-content\/uploads\/2025\/07\/01_Bases_2025_ES-.pdf\">Bases 2025 &#8211; 2026<\/a><\/div>\n<\/div>\n<\/div><\/div>\n\n\n\n<div style=\"height:10vh\" aria-hidden=\"true\" class=\"wp-block-spacer\"><\/div>\n\n\n\n<div class=\"wp-block-columns is-layout-flex wp-container-core-columns-is-layout-9d6595d7 wp-block-columns-is-layout-flex\">\n<div class=\"wp-block-column is-layout-flow wp-block-column-is-layout-flow\" style=\"flex-basis:60%\">\n<p>La residencia art\u00edstica Una Habitaci\u00f3n Propia es el sue\u00f1o de un grupo de mujeres cineastas inspirado por Virginia Woolf. Un sue\u00f1o que cambia de forma a\u00f1o tras a\u00f1o, gracias a las mujeres que forman parte de la residencia.<\/p>\n<\/div>\n\n\n\n<div class=\"wp-block-column is-layout-flow wp-block-column-is-layout-flow\" style=\"flex-basis:33.33%\"><\/div>\n<\/div>\n\n\n\n<div class=\"wp-block-columns is-layout-flex wp-container-core-columns-is-layout-9d6595d7 wp-block-columns-is-layout-flex\">\n<div class=\"wp-block-column is-layout-flow wp-block-column-is-layout-flow\" style=\"flex-basis:40%\"><\/div>\n\n\n\n<div class=\"wp-block-column is-layout-flow wp-block-column-is-layout-flow\" style=\"flex-basis:60%\">\n<p>Desde su cuarta edici\u00f3n en 2023, Una Habitaci\u00f3n Propia acoge a dos mujeres cineastas para el desarrollo de su largometraje. Una residencia est\u00e1 destinada a una cineasta con proyecto en euskara y otra destinada a una cineasta con proyecto en cualquier otro idioma (castellano, catal\u00e1n, gallego, aran\u00e9s, valenciano, ingl\u00e9s, otros\u2026). <\/p>\n\n\n\n<p>El programa est\u00e1 destinado a proyectos en primera fase de escritura.<\/p>\n<\/div>\n<\/div>\n\n\n\n<div style=\"height:10vh\" aria-hidden=\"true\" class=\"wp-block-spacer\"><\/div>\n\n\n\n<h3 class=\"wp-block-heading\">La residencia art\u00edstica ofrece:<\/h3>\n\n\n\n<div class=\"wp-block-columns is-layout-flex wp-container-core-columns-is-layout-9d6595d7 wp-block-columns-is-layout-flex\">\n<div class=\"wp-block-column is-layout-flow wp-block-column-is-layout-flow\" style=\"flex-basis:20%\"><\/div>\n\n\n\n<div class=\"wp-block-column is-layout-flow wp-block-column-is-layout-flow\" style=\"flex-basis:80%\">\n<ul class=\"wp-block-list\">\n<li>Una habitaci\u00f3n propia en el centro de Bilbao durante 9 meses<\/li>\n\n\n\n<li>Sesiones presenciales en Etxe Betea<\/li>\n\n\n\n<li>Mentor\u00edas personalizadas<\/li>\n\n\n\n<li>5.000\u20ac para el desarrollo de un largometraje en euskera<\/li>\n\n\n\n<li>5.000\u20ac para el desarrollo de un largometraje en otro idioma<\/li>\n<\/ul>\n\n\n\n<div class=\"wp-block-buttons alignfull is-content-justification-left is-layout-flex wp-container-core-buttons-is-layout-fdcfc74e wp-block-buttons-is-layout-flex\">\n<div class=\"wp-block-button\"><a class=\"wp-block-button__link wp-element-button\" href=\"https:\/\/etxebetea.com\/wp-content\/uploads\/2025\/07\/01_Bases_2025_ES-.pdf\">Bases 2025 &#8211; 2026<\/a><\/div>\n<\/div>\n<\/div>\n<\/div>\n\n\n\n<div style=\"height:10vh\" aria-hidden=\"true\" class=\"wp-block-spacer\"><\/div>\n\n\n\n<div id=\"accordion-block-block_ddea462cd54543c87f64a198d2e57bbc\" class=\"cc-accordion-block alignfull\">\n\n    <div class=\"accordion-wrap\">\n        \n        <div class=\"cc-area\" id=\"actual\">\n            <div class=\"area-title-wrap\" aria-expanded=\"false\">\n                                    <h2 class=\"area-title\">Sexta edici\u00f3n<span class=\"cc-icon icon-arrow-right\"><\/span><\/h2>\n                            <\/div>\n\n            <div class=\"area-content\">\n                \n\n<div class=\"wp-block-columns fitxas is-layout-flex wp-container-core-columns-is-layout-9d6595d7 wp-block-columns-is-layout-flex\">\n<div class=\"wp-block-column fitxa is-layout-flow wp-block-column-is-layout-flow\">\n<p class=\"fitxa-lang\">euskera<\/p>\n\n\n\n<div class=\"wp-block-group fitxa-img-wrapper\"><div class=\"wp-block-group__inner-container is-layout-constrained wp-block-group-is-layout-constrained\">\n<figure class=\"wp-block-image size-full fitxa-img\"><img loading=\"lazy\" decoding=\"async\" width=\"697\" height=\"655\" src=\"https:\/\/etxebetea.com\/wp-content\/uploads\/2025\/12\/alba-.jpg\" alt=\"\" class=\"wp-image-2176\" srcset=\"https:\/\/etxebetea.com\/wp-content\/uploads\/2025\/12\/alba-.jpg 697w, https:\/\/etxebetea.com\/wp-content\/uploads\/2025\/12\/alba--300x282.jpg 300w\" sizes=\"auto, (max-width: 697px) 100vw, 697px\" \/><\/figure>\n\n\n\n<p class=\"fitxa-link\"><a href=\"https:\/\/etxebetea.com\/es\/alba-lozano\/\" data-type=\"page\" data-id=\"1024\">Ver m\u00e1s<\/a><\/p>\n<\/div><\/div>\n\n\n\n<h4 class=\"wp-block-heading fitxa-name\">Alba Lozano<\/h4>\n\n\n\n<p class=\"fitxa-project\"><em><em>Utl\u00e4ndsk<\/em><\/em><\/p>\n<\/div>\n\n\n\n<div class=\"wp-block-column fitxa is-layout-flow wp-block-column-is-layout-flow\">\n<div style=\"height:5vh\" aria-hidden=\"true\" class=\"wp-block-spacer\"><\/div>\n\n\n\n<p class=\"fitxa-lang\">castellano<\/p>\n\n\n\n<div class=\"wp-block-group fitxa-img-wrapper\"><div class=\"wp-block-group__inner-container is-layout-constrained wp-block-group-is-layout-constrained\">\n<figure class=\"wp-block-gallery has-nested-images columns-default is-cropped wp-block-gallery-1 is-layout-flex wp-block-gallery-is-layout-flex\">\n<figure class=\"wp-block-image size-full fitxa-img is-style-default\"><img loading=\"lazy\" decoding=\"async\" width=\"697\" height=\"655\" data-id=\"2180\" src=\"https:\/\/etxebetea.com\/wp-content\/uploads\/2025\/12\/natalia-grande.jpg\" alt=\"\" class=\"wp-image-2180\" srcset=\"https:\/\/etxebetea.com\/wp-content\/uploads\/2025\/12\/natalia-grande.jpg 697w, https:\/\/etxebetea.com\/wp-content\/uploads\/2025\/12\/natalia-grande-300x282.jpg 300w\" sizes=\"auto, (max-width: 697px) 100vw, 697px\" \/><\/figure>\n<\/figure>\n\n\n\n<p class=\"fitxa-link\"><a href=\"https:\/\/etxebetea.com\/es\/natalia-grande\/\" data-type=\"page\" data-id=\"1004\">Ver m\u00e1s<\/a><\/p>\n<\/div><\/div>\n\n\n\n<h4 class=\"wp-block-heading fitxa-name\">Natalia Grande<\/h4>\n\n\n\n<p class=\"fitxa-project\"><em><em>Pr\u00e9stame tus ojos<\/em><\/em><\/p>\n<\/div>\n<\/div>\n\n\n                            <\/div>\n        <\/div>\n\n    <\/div><!-- .accordion-wrap -->\n\n\n<\/div>\n\n\n<div id=\"accordion-block-block_327521f2ac0ed583a772635d3da224fe\" class=\"cc-accordion-block alignfull\">\n\n    <div class=\"accordion-wrap\">\n        \n        <div class=\"cc-area\" id=\"actual\">\n            <div class=\"area-title-wrap\" aria-expanded=\"false\">\n                                    <h2 class=\"area-title\">Quinta edici\u00f3n<span class=\"cc-icon icon-arrow-right\"><\/span><\/h2>\n                            <\/div>\n\n            <div class=\"area-content\">\n                \n\n<div class=\"wp-block-columns fitxas is-layout-flex wp-container-core-columns-is-layout-9d6595d7 wp-block-columns-is-layout-flex\">\n<div class=\"wp-block-column fitxa is-layout-flow wp-block-column-is-layout-flow\">\n<p class=\"fitxa-lang\">euskera<\/p>\n\n\n\n<div class=\"wp-block-group fitxa-img-wrapper\"><div class=\"wp-block-group__inner-container is-layout-constrained wp-block-group-is-layout-constrained\">\n<figure class=\"wp-block-image size-full fitxa-img\"><img loading=\"lazy\" decoding=\"async\" width=\"697\" height=\"655\" src=\"https:\/\/etxebetea.com\/wp-content\/uploads\/2024\/12\/naia-arantzmendi.jpg\" alt=\"Naia Arantzmendi\" class=\"wp-image-966\" srcset=\"https:\/\/etxebetea.com\/wp-content\/uploads\/2024\/12\/naia-arantzmendi.jpg 697w, https:\/\/etxebetea.com\/wp-content\/uploads\/2024\/12\/naia-arantzmendi-300x282.jpg 300w\" sizes=\"auto, (max-width: 697px) 100vw, 697px\" \/><\/figure>\n\n\n\n<p class=\"fitxa-link\"><a href=\"https:\/\/etxebetea.com\/es\/naia-arantzmendi\/\" data-type=\"page\" data-id=\"1024\">Ver m\u00e1s<\/a><\/p>\n<\/div><\/div>\n\n\n\n<h4 class=\"wp-block-heading fitxa-name\">Naia Arantzmendi<\/h4>\n\n\n\n<p class=\"fitxa-project\"><em><em>KOAXI<\/em><\/em><\/p>\n<\/div>\n\n\n\n<div class=\"wp-block-column fitxa is-layout-flow wp-block-column-is-layout-flow\">\n<div style=\"height:5vh\" aria-hidden=\"true\" class=\"wp-block-spacer\"><\/div>\n\n\n\n<p class=\"fitxa-lang\">castellano<\/p>\n\n\n\n<div class=\"wp-block-group fitxa-img-wrapper\"><div class=\"wp-block-group__inner-container is-layout-constrained wp-block-group-is-layout-constrained\">\n<figure class=\"wp-block-gallery has-nested-images columns-default is-cropped wp-block-gallery-2 is-layout-flex wp-block-gallery-is-layout-flex\">\n<figure class=\"wp-block-image size-full fitxa-img is-style-default\"><img loading=\"lazy\" decoding=\"async\" width=\"697\" height=\"655\" data-id=\"2191\" src=\"https:\/\/etxebetea.com\/wp-content\/uploads\/2025\/12\/tamara.jpg\" alt=\"\" class=\"wp-image-2191\" srcset=\"https:\/\/etxebetea.com\/wp-content\/uploads\/2025\/12\/tamara.jpg 697w, https:\/\/etxebetea.com\/wp-content\/uploads\/2025\/12\/tamara-300x282.jpg 300w\" sizes=\"auto, (max-width: 697px) 100vw, 697px\" \/><\/figure>\n<\/figure>\n\n\n\n<p class=\"fitxa-link\"><a href=\"https:\/\/etxebetea.com\/es\/tamara-lucarini\/\" data-type=\"page\" data-id=\"1004\">Ver m\u00e1s<\/a><\/p>\n<\/div><\/div>\n\n\n\n<h4 class=\"wp-block-heading fitxa-name\">Tamara Lucarini<\/h4>\n\n\n\n<p class=\"fitxa-project\"><em><em>La Gotera<\/em><\/em><\/p>\n<\/div>\n<\/div>\n\n\n                            <\/div>\n        <\/div>\n\n    <\/div><!-- .accordion-wrap -->\n\n\n<\/div>\n\n\n<div id=\"accordion-block-block_551db179caa30955cd287e0d32fa793b\" class=\"cc-accordion-block alignfull\">\n\n    <div class=\"accordion-wrap\">\n        \n        <div class=\"cc-area\" id=\"cuarta\">\n            <div class=\"area-title-wrap\" aria-expanded=\"false\">\n                                    <h2 class=\"area-title\">Cuarta edici\u00f3n<span class=\"cc-icon icon-arrow-right\"><\/span><\/h2>\n                            <\/div>\n\n            <div class=\"area-content\">\n                \n\n<div class=\"wp-block-columns fitxas is-layout-flex wp-container-core-columns-is-layout-9d6595d7 wp-block-columns-is-layout-flex\">\n<div class=\"wp-block-column fitxa is-layout-flow wp-block-column-is-layout-flow\">\n<p class=\"fitxa-lang\">euskera<\/p>\n\n\n\n<div class=\"wp-block-group fitxa-img-wrapper\"><div class=\"wp-block-group__inner-container is-layout-constrained wp-block-group-is-layout-constrained\">\n<figure class=\"wp-block-image size-full fitxa-img\"><img loading=\"lazy\" decoding=\"async\" width=\"697\" height=\"655\" src=\"https:\/\/etxebetea.com\/wp-content\/uploads\/2024\/12\/mikele-landa.jpg\" alt=\"Mikele Landa\" class=\"wp-image-960\" srcset=\"https:\/\/etxebetea.com\/wp-content\/uploads\/2024\/12\/mikele-landa.jpg 697w, https:\/\/etxebetea.com\/wp-content\/uploads\/2024\/12\/mikele-landa-300x282.jpg 300w\" sizes=\"auto, (max-width: 697px) 100vw, 697px\" \/><\/figure>\n\n\n\n<p class=\"fitxa-link\"><a href=\"https:\/\/etxebetea.com\/es\/mikele-landa-eiguren\/\" data-type=\"page\" data-id=\"908\">Ver m\u00e1s<\/a><\/p>\n<\/div><\/div>\n\n\n\n<h4 class=\"wp-block-heading fitxa-name\">Mikele Landa Eiguren<\/h4>\n\n\n\n<p class=\"fitxa-project\"><em><em>Senda<\/em><\/em><\/p>\n<\/div>\n\n\n\n<div class=\"wp-block-column fitxa is-layout-flow wp-block-column-is-layout-flow\">\n<div style=\"height:5vh\" aria-hidden=\"true\" class=\"wp-block-spacer\"><\/div>\n\n\n\n<p class=\"fitxa-lang\">castellano<\/p>\n\n\n\n<div class=\"wp-block-group fitxa-img-wrapper\"><div class=\"wp-block-group__inner-container is-layout-constrained wp-block-group-is-layout-constrained\">\n<figure class=\"wp-block-image size-full fitxa-img\"><img loading=\"lazy\" decoding=\"async\" width=\"697\" height=\"655\" src=\"https:\/\/etxebetea.com\/wp-content\/uploads\/2024\/12\/maria-herrera.jpg\" alt=\"Mar\u00eda Herrera\" class=\"wp-image-954\" srcset=\"https:\/\/etxebetea.com\/wp-content\/uploads\/2024\/12\/maria-herrera.jpg 697w, https:\/\/etxebetea.com\/wp-content\/uploads\/2024\/12\/maria-herrera-300x282.jpg 300w\" sizes=\"auto, (max-width: 697px) 100vw, 697px\" \/><\/figure>\n\n\n\n<p class=\"fitxa-link\"><a href=\"https:\/\/etxebetea.com\/es\/maria-herrera\/\" data-type=\"page\" data-id=\"1110\">Ver m\u00e1s<\/a><\/p>\n<\/div><\/div>\n\n\n\n<h4 class=\"wp-block-heading fitxa-name\">Mar\u00eda Herrera<\/h4>\n\n\n\n<p class=\"fitxa-project\"><em><em>Desde que t\u00fa te has ido<\/em><\/em><\/p>\n<\/div>\n<\/div>\n\n\n                            <\/div>\n        <\/div>\n\n    <\/div><!-- .accordion-wrap -->\n\n\n<\/div>\n\n\n<div id=\"accordion-block-block_b2443e02161f2632410083074fc7f3fc\" class=\"cc-accordion-block alignfull\">\n\n    <div class=\"accordion-wrap\">\n        \n        <div class=\"cc-area\" id=\"anteriores\">\n            <div class=\"area-title-wrap\" aria-expanded=\"false\">\n                                    <h2 class=\"area-title\">Ediciones anteriores<span class=\"cc-icon icon-arrow-right\"><\/span><\/h2>\n                            <\/div>\n\n            <div class=\"area-content\">\n                \n\n<div class=\"wp-block-columns fitxas is-layout-flex wp-container-core-columns-is-layout-9d6595d7 wp-block-columns-is-layout-flex\">\n<div class=\"wp-block-column fitxa is-layout-flow wp-block-column-is-layout-flow\">\n<div class=\"wp-block-group fitxa-img-wrapper\"><div class=\"wp-block-group__inner-container is-layout-constrained wp-block-group-is-layout-constrained\">\n<figure class=\"wp-block-image size-full fitxa-img\"><img loading=\"lazy\" decoding=\"async\" width=\"697\" height=\"655\" src=\"https:\/\/etxebetea.com\/wp-content\/uploads\/2024\/12\/naiara-carmona.jpg\" alt=\"Naiara Carmona\" class=\"wp-image-969\" srcset=\"https:\/\/etxebetea.com\/wp-content\/uploads\/2024\/12\/naiara-carmona.jpg 697w, https:\/\/etxebetea.com\/wp-content\/uploads\/2024\/12\/naiara-carmona-300x282.jpg 300w\" sizes=\"auto, (max-width: 697px) 100vw, 697px\" \/><\/figure>\n\n\n\n<p class=\"fitxa-link\"><a href=\"https:\/\/etxebetea.com\/es\/naiara-carmona\/\" data-type=\"page\" data-id=\"1010\">Ver m\u00e1s<\/a><\/p>\n<\/div><\/div>\n\n\n\n<h4 class=\"wp-block-heading fitxa-name\"><strong>Naiara Carmona<\/strong><\/h4>\n\n\n\n<p class=\"fitxa-project\"><em><em><em>Ella tiene un plan<\/em><\/em><\/em><\/p>\n<\/div>\n\n\n\n<div class=\"wp-block-column fitxa is-layout-flow wp-block-column-is-layout-flow\">\n<div style=\"height:5vh\" aria-hidden=\"true\" class=\"wp-block-spacer\"><\/div>\n\n\n\n<div class=\"wp-block-group fitxa-img-wrapper\"><div class=\"wp-block-group__inner-container is-layout-constrained wp-block-group-is-layout-constrained\">\n<figure class=\"wp-block-image size-full fitxa-img\"><img loading=\"lazy\" decoding=\"async\" width=\"697\" height=\"655\" src=\"https:\/\/etxebetea.com\/wp-content\/uploads\/2024\/12\/estibaliz-urresola.jpg\" alt=\"Estibaliz Urresola \" class=\"wp-image-936\" srcset=\"https:\/\/etxebetea.com\/wp-content\/uploads\/2024\/12\/estibaliz-urresola.jpg 697w, https:\/\/etxebetea.com\/wp-content\/uploads\/2024\/12\/estibaliz-urresola-300x282.jpg 300w\" sizes=\"auto, (max-width: 697px) 100vw, 697px\" \/><\/figure>\n\n\n\n<p class=\"fitxa-link\"><a href=\"https:\/\/etxebetea.com\/es\/estibaliz-urresola\/\" data-type=\"page\" data-id=\"1117\">Ver m\u00e1s<\/a><\/p>\n<\/div><\/div>\n\n\n\n<h4 class=\"wp-block-heading fitxa-name\"><strong>Estibaliz Urresola<\/strong>&nbsp;<\/h4>\n\n\n\n<p class=\"fitxa-project\"><em>20.000 especies de abejas<\/em><\/p>\n<\/div>\n<\/div>\n\n\n\n<div class=\"wp-block-columns fitxas is-layout-flex wp-container-core-columns-is-layout-9d6595d7 wp-block-columns-is-layout-flex\">\n<div class=\"wp-block-column fitxa is-layout-flow wp-block-column-is-layout-flow\">\n<div class=\"wp-block-group fitxa-img-wrapper\"><div class=\"wp-block-group__inner-container is-layout-constrained wp-block-group-is-layout-constrained\">\n<figure class=\"wp-block-image size-full fitxa-img\"><img loading=\"lazy\" decoding=\"async\" width=\"697\" height=\"655\" src=\"https:\/\/etxebetea.com\/wp-content\/uploads\/2024\/12\/ainhoa-rodriguez.jpg\" alt=\"Ainhoa Rodr\u00edguez \" class=\"wp-image-924\" srcset=\"https:\/\/etxebetea.com\/wp-content\/uploads\/2024\/12\/ainhoa-rodriguez.jpg 697w, https:\/\/etxebetea.com\/wp-content\/uploads\/2024\/12\/ainhoa-rodriguez-300x282.jpg 300w\" sizes=\"auto, (max-width: 697px) 100vw, 697px\" \/><\/figure>\n\n\n\n<p class=\"fitxa-link\"><a href=\"https:\/\/etxebetea.com\/es\/ainhoa-rodriguez\/\" data-type=\"page\" data-id=\"1115\">Ver m\u00e1s<\/a><\/p>\n<\/div><\/div>\n\n\n\n<h4 class=\"wp-block-heading fitxa-name\"><strong><strong>Ainhoa Rodr\u00edguez<\/strong>&nbsp;<\/strong><\/h4>\n\n\n\n<p class=\"fitxa-project\"><em><em>Ni\u00f1a, no juegues<\/em><\/em><\/p>\n<\/div>\n\n\n\n<div class=\"wp-block-column fitxa is-layout-flow wp-block-column-is-layout-flow\"><\/div>\n<\/div>\n\n\n                            <\/div>\n        <\/div>\n\n    <\/div><!-- .accordion-wrap -->\n\n\n<\/div>\n\n\n<div class=\"wp-block-columns alignfull cta-footer-cols is-layout-flex wp-container-core-columns-is-layout-9d6595d7 wp-block-columns-is-layout-flex\">\n<div class=\"wp-block-column is-layout-flow wp-block-column-is-layout-flow\">\n<div class=\"wp-block-cover alignfull has-custom-content-position is-position-top-center cta-footer cta-footer--cam\" style=\"min-height:100vh;aspect-ratio:unset;\"><img loading=\"lazy\" decoding=\"async\" width=\"960\" height=\"1066\" class=\"wp-block-cover__image-background wp-image-808\" alt=\"\" src=\"https:\/\/etxebetea.com\/wp-content\/uploads\/2024\/12\/footer-elkarrekin-sortzen.jpg\" data-object-fit=\"cover\" srcset=\"https:\/\/etxebetea.com\/wp-content\/uploads\/2024\/12\/footer-elkarrekin-sortzen.jpg 960w, https:\/\/etxebetea.com\/wp-content\/uploads\/2024\/12\/footer-elkarrekin-sortzen-270x300.jpg 270w, https:\/\/etxebetea.com\/wp-content\/uploads\/2024\/12\/footer-elkarrekin-sortzen-922x1024.jpg 922w, https:\/\/etxebetea.com\/wp-content\/uploads\/2024\/12\/footer-elkarrekin-sortzen-768x853.jpg 768w\" sizes=\"auto, (max-width: 960px) 100vw, 960px\" \/><span aria-hidden=\"true\" class=\"wp-block-cover__background has-background-dim-0 has-background-dim\" style=\"background-color:#716865\"><\/span><div class=\"wp-block-cover__inner-container is-layout-constrained wp-block-cover-is-layout-constrained\">\n<p class=\"cta-footer--link\"><a href=\"https:\/\/etxebetea.com\/es\/elkarrekin-sortzen\/\" data-type=\"page\" data-id=\"625\">Elkarrekin Sortzen<\/a><\/p>\n<\/div><\/div>\n<\/div>\n\n\n\n<div class=\"wp-block-column is-layout-flow wp-block-column-is-layout-flow\">\n<div class=\"wp-block-cover alignfull is-light has-custom-content-position is-position-top-center cta-footer cta-footer--globe\" style=\"min-height:100vh;aspect-ratio:unset;\"><img loading=\"lazy\" decoding=\"async\" width=\"2560\" height=\"1707\" class=\"wp-block-cover__image-background wp-image-1744\" alt=\"\" src=\"https:\/\/etxebetea.com\/wp-content\/uploads\/2025\/03\/Residencia-internacional-2024_43-scaled.jpg\" data-object-fit=\"cover\" srcset=\"https:\/\/etxebetea.com\/wp-content\/uploads\/2025\/03\/Residencia-internacional-2024_43-scaled.jpg 2560w, https:\/\/etxebetea.com\/wp-content\/uploads\/2025\/03\/Residencia-internacional-2024_43-300x200.jpg 300w, https:\/\/etxebetea.com\/wp-content\/uploads\/2025\/03\/Residencia-internacional-2024_43-1024x683.jpg 1024w, https:\/\/etxebetea.com\/wp-content\/uploads\/2025\/03\/Residencia-internacional-2024_43-768x512.jpg 768w, https:\/\/etxebetea.com\/wp-content\/uploads\/2025\/03\/Residencia-internacional-2024_43-1536x1024.jpg 1536w, https:\/\/etxebetea.com\/wp-content\/uploads\/2025\/03\/Residencia-internacional-2024_43-2048x1365.jpg 2048w\" sizes=\"auto, (max-width: 2560px) 100vw, 2560px\" \/><span aria-hidden=\"true\" class=\"wp-block-cover__background has-background-dim-0 has-background-dim\" style=\"background-color:#928275\"><\/span><div class=\"wp-block-cover__inner-container is-layout-constrained wp-block-cover-is-layout-constrained\">\n<p class=\"cta-footer--link\"><a href=\"https:\/\/etxebetea.com\/es\/two-week-international-residency\/\" data-type=\"page\" data-id=\"627\">Two week international residency<\/a><\/p>\n<\/div><\/div>\n<\/div>\n<\/div>\n","protected":false},"excerpt":{"rendered":"<p>Convocatoria cerrada Proyectos Una habitaci\u00f3n propia La residencia art\u00edstica Una Habitaci\u00f3n Propia es el sue\u00f1o de un grupo de mujeres cineastas inspirado por Virginia Woolf. Un sue\u00f1o que cambia de forma a\u00f1o tras a\u00f1o, gracias a las mujeres que forman parte de la residencia. Desde su cuarta edici\u00f3n en 2023, Una Habitaci\u00f3n Propia acoge a [&hellip;]<\/p>\n","protected":false},"author":1,"featured_media":0,"parent":0,"menu_order":0,"comment_status":"closed","ping_status":"closed","template":"","meta":{"_acf_changed":false,"inline_featured_image":false,"_genesis_hide_title":true,"_genesis_hide_breadcrumbs":false,"_genesis_hide_singular_image":false,"_genesis_hide_footer_widgets":false,"_genesis_custom_body_class":"bg-green","_genesis_custom_post_class":"","_genesis_layout":"","footnotes":""},"class_list":{"0":"post-623","1":"page","2":"type-page","3":"status-publish","5":"entry","6":"has-post-thumbnail"},"acf":[],"_links":{"self":[{"href":"https:\/\/etxebetea.com\/es\/wp-json\/wp\/v2\/pages\/623","targetHints":{"allow":["GET"]}}],"collection":[{"href":"https:\/\/etxebetea.com\/es\/wp-json\/wp\/v2\/pages"}],"about":[{"href":"https:\/\/etxebetea.com\/es\/wp-json\/wp\/v2\/types\/page"}],"author":[{"embeddable":true,"href":"https:\/\/etxebetea.com\/es\/wp-json\/wp\/v2\/users\/1"}],"replies":[{"embeddable":true,"href":"https:\/\/etxebetea.com\/es\/wp-json\/wp\/v2\/comments?post=623"}],"version-history":[{"count":70,"href":"https:\/\/etxebetea.com\/es\/wp-json\/wp\/v2\/pages\/623\/revisions"}],"predecessor-version":[{"id":2195,"href":"https:\/\/etxebetea.com\/es\/wp-json\/wp\/v2\/pages\/623\/revisions\/2195"}],"wp:attachment":[{"href":"https:\/\/etxebetea.com\/es\/wp-json\/wp\/v2\/media?parent=623"}],"curies":[{"name":"wp","href":"https:\/\/api.w.org\/{rel}","templated":true}]}}