{"id":627,"date":"2024-12-11T09:20:18","date_gmt":"2024-12-11T08:20:18","guid":{"rendered":"https:\/\/etxebetea.com\/?page_id=627"},"modified":"2026-02-09T08:34:52","modified_gmt":"2026-02-09T07:34:52","slug":"a-shelter-of-ones-own","status":"publish","type":"page","link":"https:\/\/etxebetea.com\/es\/a-shelter-of-ones-own\/","title":{"rendered":"A shelter of one&#8217;s own"},"content":{"rendered":"\n<div class=\"wp-block-group alignfull page-header bg-green\" id=\"cabecera\"><div class=\"wp-block-group__inner-container is-layout-constrained wp-block-group-is-layout-constrained\">\n<div class=\"wp-block-columns is-layout-flex wp-container-core-columns-is-layout-9d6595d7 wp-block-columns-is-layout-flex\">\n<div class=\"wp-block-column page-header-coltext is-layout-flow wp-block-column-is-layout-flow\">\n<p class=\"page-header-subtitle\">Proyectos<\/p>\n\n\n\n<h1 class=\"wp-block-heading\">A SHELTER OF ONE&#8217;S OWN&nbsp;<\/h1>\n<\/div>\n\n\n\n<div class=\"wp-block-column page-header-colimg is-layout-flow wp-block-column-is-layout-flow\" style=\"flex-basis:60%\">\n<figure class=\"wp-block-image size-full\"><img loading=\"lazy\" decoding=\"async\" width=\"1000\" height=\"895\" src=\"https:\/\/etxebetea.com\/wp-content\/uploads\/2025\/07\/lacasallena_10.jpg\" alt=\"\" class=\"wp-image-1912\" srcset=\"https:\/\/etxebetea.com\/wp-content\/uploads\/2025\/07\/lacasallena_10.jpg 1000w, https:\/\/etxebetea.com\/wp-content\/uploads\/2025\/07\/lacasallena_10-300x269.jpg 300w, https:\/\/etxebetea.com\/wp-content\/uploads\/2025\/07\/lacasallena_10-768x687.jpg 768w\" sizes=\"auto, (max-width: 1000px) 100vw, 1000px\" \/><\/figure>\n<\/div>\n<\/div>\n\n\n\n<div class=\"wp-block-buttons is-content-justification-center is-layout-flex wp-container-core-buttons-is-layout-16018d1d wp-block-buttons-is-layout-flex\"><\/div>\n<\/div><\/div>\n\n\n\n<div style=\"height:10vh\" aria-hidden=\"true\" class=\"wp-block-spacer\"><\/div>\n\n\n\n<div class=\"wp-block-columns is-layout-flex wp-container-core-columns-is-layout-9d6595d7 wp-block-columns-is-layout-flex\">\n<div class=\"wp-block-column is-layout-flow wp-block-column-is-layout-flow\" style=\"flex-basis:60%\">\n<p>Etxe Betea lanza la primera convocatoria de <em>A Shelter of One\u2019s Own<\/em>. Una residencia art\u00edstica internacional cuyo objetivo principal es brindar un <strong>espacio seguro, de creaci\u00f3n y reflexi\u00f3n, exclusivo para mujeres cineastas provenientes de pa\u00edses en conflicto armado, contextos de represi\u00f3n pol\u00edtica, ausencia de libertad de expresi\u00f3n<\/strong>, o <strong>con escasa infraestructura y apoyo para la producci\u00f3n cinematogr\u00e1fica.<\/strong><\/p>\n<\/div>\n\n\n\n<div class=\"wp-block-column is-layout-flow wp-block-column-is-layout-flow\" style=\"flex-basis:33.33%\"><\/div>\n<\/div>\n\n\n\n<div class=\"wp-block-columns is-layout-flex wp-container-core-columns-is-layout-9d6595d7 wp-block-columns-is-layout-flex\">\n<div class=\"wp-block-column is-layout-flow wp-block-column-is-layout-flow\" style=\"flex-basis:40%\"><\/div>\n\n\n\n<div class=\"wp-block-column is-layout-flow wp-block-column-is-layout-flow\" style=\"flex-basis:60%\">\n<p>Este programa toma como referencia la experiencia y el aprendizaje acumulados durante seis ediciones de la residencia <strong><em>Una Habitaci\u00f3n Propia<\/em><\/strong><em>, <\/em><strong>consolidada como un espacio de referencia para el desarrollo de cine hecho por mujeres<\/strong>.<\/p>\n\n\n\n<p>En esta primera edici\u00f3n han sido seleccionadas las siguiente 4 cineastas palestinas: <strong>Safaa Khatib<\/strong>, <strong>Shuruq Harb, Amal Al-Nakhala <\/strong>y<strong> Shereen Abedalkareem<\/strong>.<\/p>\n<\/div>\n<\/div>\n\n\n\n<div style=\"height:10vh\" aria-hidden=\"true\" class=\"wp-block-spacer\"><\/div>\n\n\n\n<h3 class=\"wp-block-heading\">La residencia art\u00edstica ofrece:<\/h3>\n\n\n\n<div class=\"wp-block-columns is-layout-flex wp-container-core-columns-is-layout-9d6595d7 wp-block-columns-is-layout-flex\">\n<div class=\"wp-block-column is-layout-flow wp-block-column-is-layout-flow\" style=\"flex-basis:20%\"><\/div>\n\n\n\n<div class=\"wp-block-column is-layout-flow wp-block-column-is-layout-flow\" style=\"flex-basis:80%\">\n<ul class=\"wp-block-list\">\n<li>Una dotaci\u00f3n econ\u00f3mica.<\/li>\n\n\n\n<li><strong>alojamiento <\/strong>en uno de los edificios m\u00e1s emblem\u00e1ticos de Bilbao durante la duraci\u00f3n de la residencia art\u00edstica. <\/li>\n\n\n\n<li><strong>Mentor\u00edas mensuales<\/strong>. <\/li>\n<\/ul>\n\n\n\n<div class=\"wp-block-buttons alignfull is-content-justification-left is-layout-flex wp-container-core-buttons-is-layout-fdcfc74e wp-block-buttons-is-layout-flex\"><\/div>\n<\/div>\n<\/div>\n\n\n\n<figure class=\"wp-block-gallery has-nested-images columns-default is-cropped wp-block-gallery-1 is-layout-flex wp-block-gallery-is-layout-flex\">\n<figure class=\"wp-block-image size-large\"><img loading=\"lazy\" decoding=\"async\" width=\"768\" height=\"1024\" data-id=\"2472\" src=\"https:\/\/etxebetea.com\/wp-content\/uploads\/2026\/02\/DSC05716-768x1024.jpg\" alt=\"\" class=\"wp-image-2472\" srcset=\"https:\/\/etxebetea.com\/wp-content\/uploads\/2026\/02\/DSC05716-768x1024.jpg 768w, https:\/\/etxebetea.com\/wp-content\/uploads\/2026\/02\/DSC05716-225x300.jpg 225w, https:\/\/etxebetea.com\/wp-content\/uploads\/2026\/02\/DSC05716-1152x1536.jpg 1152w, https:\/\/etxebetea.com\/wp-content\/uploads\/2026\/02\/DSC05716-1536x2048.jpg 1536w, https:\/\/etxebetea.com\/wp-content\/uploads\/2026\/02\/DSC05716-scaled.jpg 1920w\" sizes=\"auto, (max-width: 768px) 100vw, 768px\" \/><\/figure>\n\n\n\n<figure class=\"wp-block-image size-large\"><img loading=\"lazy\" decoding=\"async\" width=\"1024\" height=\"768\" data-id=\"2469\" src=\"https:\/\/etxebetea.com\/wp-content\/uploads\/2026\/02\/DSC05699-1024x768.jpg\" alt=\"\" class=\"wp-image-2469\" srcset=\"https:\/\/etxebetea.com\/wp-content\/uploads\/2026\/02\/DSC05699-1024x768.jpg 1024w, https:\/\/etxebetea.com\/wp-content\/uploads\/2026\/02\/DSC05699-300x225.jpg 300w, https:\/\/etxebetea.com\/wp-content\/uploads\/2026\/02\/DSC05699-768x576.jpg 768w, https:\/\/etxebetea.com\/wp-content\/uploads\/2026\/02\/DSC05699-1536x1152.jpg 1536w, https:\/\/etxebetea.com\/wp-content\/uploads\/2026\/02\/DSC05699-2048x1536.jpg 2048w, https:\/\/etxebetea.com\/wp-content\/uploads\/2026\/02\/DSC05699-702x526.jpg 702w\" sizes=\"auto, (max-width: 1024px) 100vw, 1024px\" \/><\/figure>\n\n\n\n<figure class=\"wp-block-image size-large\"><img loading=\"lazy\" decoding=\"async\" width=\"768\" height=\"1024\" data-id=\"2466\" src=\"https:\/\/etxebetea.com\/wp-content\/uploads\/2026\/02\/DSC05725-768x1024.jpg\" alt=\"\" class=\"wp-image-2466\" srcset=\"https:\/\/etxebetea.com\/wp-content\/uploads\/2026\/02\/DSC05725-768x1024.jpg 768w, https:\/\/etxebetea.com\/wp-content\/uploads\/2026\/02\/DSC05725-225x300.jpg 225w, https:\/\/etxebetea.com\/wp-content\/uploads\/2026\/02\/DSC05725-1152x1536.jpg 1152w, https:\/\/etxebetea.com\/wp-content\/uploads\/2026\/02\/DSC05725.jpg 1536w\" sizes=\"auto, (max-width: 768px) 100vw, 768px\" \/><\/figure>\n\n\n\n<figure class=\"wp-block-image size-large\"><img loading=\"lazy\" decoding=\"async\" width=\"768\" height=\"1024\" data-id=\"2475\" src=\"https:\/\/etxebetea.com\/wp-content\/uploads\/2026\/02\/DSC05698-768x1024.jpg\" alt=\"\" class=\"wp-image-2475\" srcset=\"https:\/\/etxebetea.com\/wp-content\/uploads\/2026\/02\/DSC05698-768x1024.jpg 768w, https:\/\/etxebetea.com\/wp-content\/uploads\/2026\/02\/DSC05698-225x300.jpg 225w, https:\/\/etxebetea.com\/wp-content\/uploads\/2026\/02\/DSC05698-1152x1536.jpg 1152w, https:\/\/etxebetea.com\/wp-content\/uploads\/2026\/02\/DSC05698-1536x2048.jpg 1536w, https:\/\/etxebetea.com\/wp-content\/uploads\/2026\/02\/DSC05698-scaled.jpg 1920w\" sizes=\"auto, (max-width: 768px) 100vw, 768px\" \/><\/figure>\n<\/figure>\n\n\n\n<div class=\"wp-block-columns alignfull is-layout-flex wp-container-core-columns-is-layout-9d6595d7 wp-block-columns-is-layout-flex\">\n<div class=\"wp-block-column page-header-colimg is-layout-flow wp-block-column-is-layout-flow\" style=\"flex-basis:60%\"><\/div>\n\n\n\n<div class=\"wp-block-column page-header-coltext is-layout-flow wp-block-column-is-layout-flow\"><\/div>\n<\/div>\n\n\n\n<div id=\"accordion-block-block_e44ab2b4df8f2fc718138aa0463c9fc0\" class=\"cc-accordion-block alignfull\">\n\n    <div class=\"accordion-wrap\">\n        \n        <div class=\"cc-area\" id=\"actual\">\n            <div class=\"area-title-wrap\" aria-expanded=\"false\">\n                                    <h2 class=\"area-title\">PRIMERA EDICI\u00d3N<span class=\"cc-icon icon-arrow-right\"><\/span><\/h2>\n                            <\/div>\n\n            <div class=\"area-content\">\n                \n\n<p class=\"has-small-font-size\"><\/p>\n\n\n\n<div class=\"wp-block-columns is-layout-flex wp-container-core-columns-is-layout-9d6595d7 wp-block-columns-is-layout-flex\">\n<div class=\"wp-block-column is-layout-flow wp-block-column-is-layout-flow\" style=\"flex-basis:50%\">\n<figure class=\"wp-block-image size-full\"><img loading=\"lazy\" decoding=\"async\" width=\"697\" height=\"655\" src=\"https:\/\/etxebetea.com\/wp-content\/uploads\/2025\/12\/safa-khaib.jpg\" alt=\"\" class=\"wp-image-2388\" srcset=\"https:\/\/etxebetea.com\/wp-content\/uploads\/2025\/12\/safa-khaib.jpg 697w, https:\/\/etxebetea.com\/wp-content\/uploads\/2025\/12\/safa-khaib-300x282.jpg 300w\" sizes=\"auto, (max-width: 697px) 100vw, 697px\" \/><\/figure>\n\n\n\n<h4 class=\"wp-block-heading\">Safaa Khatib<\/h4>\n\n\n\n<p><em>A different colours of sabir<\/em><\/p>\n\n\n\n<figure class=\"wp-block-image size-full\"><img loading=\"lazy\" decoding=\"async\" width=\"697\" height=\"655\" src=\"https:\/\/etxebetea.com\/wp-content\/uploads\/2025\/12\/amal.jpg\" alt=\"\" class=\"wp-image-2399\" srcset=\"https:\/\/etxebetea.com\/wp-content\/uploads\/2025\/12\/amal.jpg 697w, https:\/\/etxebetea.com\/wp-content\/uploads\/2025\/12\/amal-300x282.jpg 300w\" sizes=\"auto, (max-width: 697px) 100vw, 697px\" \/><\/figure>\n\n\n\n<h4 class=\"wp-block-heading\">Amal Al-Nakhala<\/h4>\n\n\n\n<p><em>Delusion Illusion<\/em><\/p>\n<\/div>\n\n\n\n<div class=\"wp-block-column is-layout-flow wp-block-column-is-layout-flow\" style=\"flex-basis:50%\">\n<figure class=\"wp-block-image size-full\"><img loading=\"lazy\" decoding=\"async\" width=\"697\" height=\"655\" src=\"https:\/\/etxebetea.com\/wp-content\/uploads\/2025\/12\/shuruq-harb.jpg\" alt=\"\" class=\"wp-image-2391\" srcset=\"https:\/\/etxebetea.com\/wp-content\/uploads\/2025\/12\/shuruq-harb.jpg 697w, https:\/\/etxebetea.com\/wp-content\/uploads\/2025\/12\/shuruq-harb-300x282.jpg 300w\" sizes=\"auto, (max-width: 697px) 100vw, 697px\" \/><\/figure>\n\n\n\n<h4 class=\"wp-block-heading\">Shuruq Harb<\/h4>\n\n\n\n<p><em>Al Mashrou<\/em>&#8216;<\/p>\n\n\n\n<figure class=\"wp-block-image size-full\"><img loading=\"lazy\" decoding=\"async\" width=\"697\" height=\"655\" src=\"https:\/\/etxebetea.com\/wp-content\/uploads\/2025\/12\/shereen.jpg\" alt=\"\" class=\"wp-image-2396\" srcset=\"https:\/\/etxebetea.com\/wp-content\/uploads\/2025\/12\/shereen.jpg 697w, https:\/\/etxebetea.com\/wp-content\/uploads\/2025\/12\/shereen-300x282.jpg 300w\" sizes=\"auto, (max-width: 697px) 100vw, 697px\" \/><\/figure>\n\n\n\n<h4 class=\"wp-block-heading\">Shereen Abedalkareem <\/h4>\n\n\n\n<p><em>The memory of the city&#8217;s face<\/em><\/p>\n<\/div>\n<\/div>\n\n\n                            <\/div>\n        <\/div>\n\n    <\/div><!-- .accordion-wrap -->\n\n\n<\/div>\n\n\n<div class=\"wp-block-columns alignfull cta-footer-cols is-layout-flex wp-container-core-columns-is-layout-9d6595d7 wp-block-columns-is-layout-flex\">\n<div class=\"wp-block-column is-layout-flow wp-block-column-is-layout-flow\">\n<div class=\"wp-block-cover alignfull is-light has-custom-content-position is-position-top-center cta-footer cta-footer--door\" style=\"min-height:100vh;aspect-ratio:unset;\"><img loading=\"lazy\" decoding=\"async\" width=\"960\" height=\"1066\" class=\"wp-block-cover__image-background wp-image-805\" alt=\"\" src=\"https:\/\/etxebetea.com\/wp-content\/uploads\/2024\/12\/footer_una-habitacion-propia.jpg\" data-object-fit=\"cover\" srcset=\"https:\/\/etxebetea.com\/wp-content\/uploads\/2024\/12\/footer_una-habitacion-propia.jpg 960w, https:\/\/etxebetea.com\/wp-content\/uploads\/2024\/12\/footer_una-habitacion-propia-270x300.jpg 270w, https:\/\/etxebetea.com\/wp-content\/uploads\/2024\/12\/footer_una-habitacion-propia-922x1024.jpg 922w, https:\/\/etxebetea.com\/wp-content\/uploads\/2024\/12\/footer_una-habitacion-propia-768x853.jpg 768w\" sizes=\"auto, (max-width: 960px) 100vw, 960px\" \/><span aria-hidden=\"true\" class=\"wp-block-cover__background has-background-dim-0 has-background-dim\" style=\"background-color:#a59d95\"><\/span><div class=\"wp-block-cover__inner-container is-layout-constrained wp-block-cover-is-layout-constrained\">\n<p class=\"cta-footer--link\"><a href=\"https:\/\/etxebetea.com\/es\/una-habitacion-propia\/\" data-type=\"page\" data-id=\"623\">Una habitaci\u00f3n propia<\/a><\/p>\n<\/div><\/div>\n<\/div>\n\n\n\n<div class=\"wp-block-column is-layout-flow wp-block-column-is-layout-flow\">\n<div class=\"wp-block-cover alignfull has-custom-content-position is-position-top-center cta-footer cta-footer--cam\" style=\"min-height:100vh;aspect-ratio:unset;\"><img loading=\"lazy\" decoding=\"async\" width=\"960\" height=\"1066\" class=\"wp-block-cover__image-background wp-image-808\" alt=\"\" src=\"https:\/\/etxebetea.com\/wp-content\/uploads\/2024\/12\/footer-elkarrekin-sortzen.jpg\" data-object-fit=\"cover\" srcset=\"https:\/\/etxebetea.com\/wp-content\/uploads\/2024\/12\/footer-elkarrekin-sortzen.jpg 960w, https:\/\/etxebetea.com\/wp-content\/uploads\/2024\/12\/footer-elkarrekin-sortzen-270x300.jpg 270w, https:\/\/etxebetea.com\/wp-content\/uploads\/2024\/12\/footer-elkarrekin-sortzen-922x1024.jpg 922w, https:\/\/etxebetea.com\/wp-content\/uploads\/2024\/12\/footer-elkarrekin-sortzen-768x853.jpg 768w\" sizes=\"auto, (max-width: 960px) 100vw, 960px\" \/><span aria-hidden=\"true\" class=\"wp-block-cover__background has-background-dim-0 has-background-dim\" style=\"background-color:#716865\"><\/span><div class=\"wp-block-cover__inner-container is-layout-constrained wp-block-cover-is-layout-constrained\">\n<p class=\"cta-footer--link\"><a href=\"https:\/\/etxebetea.com\/es\/elkarrekin-sortzen\/\" data-type=\"page\" data-id=\"625\">Elkarrekin sortzen<\/a><\/p>\n<\/div><\/div>\n<\/div>\n<\/div>\n","protected":false},"excerpt":{"rendered":"<p>Proyectos A SHELTER OF ONE&#8217;S OWN&nbsp; Etxe Betea lanza la primera convocatoria de A Shelter of One\u2019s Own. Una residencia art\u00edstica internacional cuyo objetivo principal es brindar un espacio seguro, de creaci\u00f3n y reflexi\u00f3n, exclusivo para mujeres cineastas provenientes de pa\u00edses en conflicto armado, contextos de represi\u00f3n pol\u00edtica, ausencia de libertad de expresi\u00f3n, o con [&hellip;]<\/p>\n","protected":false},"author":5,"featured_media":0,"parent":0,"menu_order":0,"comment_status":"closed","ping_status":"closed","template":"","meta":{"_acf_changed":false,"inline_featured_image":false,"_genesis_hide_title":true,"_genesis_hide_breadcrumbs":false,"_genesis_hide_singular_image":false,"_genesis_hide_footer_widgets":false,"_genesis_custom_body_class":"bg-red","_genesis_custom_post_class":"","_genesis_layout":"","footnotes":""},"class_list":{"0":"post-627","1":"page","2":"type-page","3":"status-publish","5":"entry","6":"has-post-thumbnail"},"acf":[],"_links":{"self":[{"href":"https:\/\/etxebetea.com\/es\/wp-json\/wp\/v2\/pages\/627","targetHints":{"allow":["GET"]}}],"collection":[{"href":"https:\/\/etxebetea.com\/es\/wp-json\/wp\/v2\/pages"}],"about":[{"href":"https:\/\/etxebetea.com\/es\/wp-json\/wp\/v2\/types\/page"}],"author":[{"embeddable":true,"href":"https:\/\/etxebetea.com\/es\/wp-json\/wp\/v2\/users\/5"}],"replies":[{"embeddable":true,"href":"https:\/\/etxebetea.com\/es\/wp-json\/wp\/v2\/comments?post=627"}],"version-history":[{"count":27,"href":"https:\/\/etxebetea.com\/es\/wp-json\/wp\/v2\/pages\/627\/revisions"}],"predecessor-version":[{"id":2510,"href":"https:\/\/etxebetea.com\/es\/wp-json\/wp\/v2\/pages\/627\/revisions\/2510"}],"wp:attachment":[{"href":"https:\/\/etxebetea.com\/es\/wp-json\/wp\/v2\/media?parent=627"}],"curies":[{"name":"wp","href":"https:\/\/api.w.org\/{rel}","templated":true}]}}