{"id":629,"date":"2024-12-11T09:20:24","date_gmt":"2024-12-11T08:20:24","guid":{"rendered":"https:\/\/etxebetea.com\/?page_id=629"},"modified":"2026-01-30T12:55:41","modified_gmt":"2026-01-30T11:55:41","slug":"nosotras","status":"publish","type":"page","link":"https:\/\/etxebetea.com\/es\/nosotras\/","title":{"rendered":"Nosotras"},"content":{"rendered":"\n<div class=\"wp-block-group alignfull page-header bg-green\" id=\"cabecera\"><div class=\"wp-block-group__inner-container is-layout-constrained wp-block-group-is-layout-constrained\">\n<div class=\"wp-block-columns is-layout-flex wp-container-core-columns-is-layout-9d6595d7 wp-block-columns-is-layout-flex\">\n<div class=\"wp-block-column page-header-coltext is-layout-flow wp-block-column-is-layout-flow\">\n<h1 class=\"wp-block-heading\">Nosotras<\/h1>\n<\/div>\n\n\n\n<div class=\"wp-block-column page-header-colimg is-layout-flow wp-block-column-is-layout-flow\" style=\"flex-basis:60%\">\n<figure class=\"wp-block-image size-full\"><img loading=\"lazy\" decoding=\"async\" width=\"950\" height=\"679\" src=\"https:\/\/etxebetea.com\/wp-content\/uploads\/2024\/12\/header-nosotras.jpg\" alt=\"\" class=\"wp-image-829\" srcset=\"https:\/\/etxebetea.com\/wp-content\/uploads\/2024\/12\/header-nosotras.jpg 950w, https:\/\/etxebetea.com\/wp-content\/uploads\/2024\/12\/header-nosotras-300x214.jpg 300w, https:\/\/etxebetea.com\/wp-content\/uploads\/2024\/12\/header-nosotras-768x549.jpg 768w\" sizes=\"auto, (max-width: 950px) 100vw, 950px\" \/><\/figure>\n<\/div>\n<\/div>\n<\/div><\/div>\n\n\n\n<div style=\"height:10vh\" aria-hidden=\"true\" class=\"wp-block-spacer\"><\/div>\n\n\n\n<div class=\"wp-block-columns is-layout-flex wp-container-core-columns-is-layout-9d6595d7 wp-block-columns-is-layout-flex\">\n<div class=\"wp-block-column is-layout-flow wp-block-column-is-layout-flow\" style=\"flex-basis:60%\">\n<p>Es un \u00e1rea de trabajo \u00edntimo, cercano y feminista que acoge desde 2022 iniciativas de apoyo a la creaci\u00f3n y que promueve la emergencia de nuevos talentos y la creaci\u00f3n cinematogr\u00e1fica en euskera.<\/p>\n<\/div>\n\n\n\n<div class=\"wp-block-column is-layout-flow wp-block-column-is-layout-flow\" style=\"flex-basis:33.33%\"><\/div>\n<\/div>\n\n\n\n<div style=\"height:10vh\" aria-hidden=\"true\" class=\"wp-block-spacer\"><\/div>\n\n\n\n<div class=\"wp-block-cb-carousel alignfull\" data-slick=\"{&quot;slidesToShow&quot;:3,&quot;slidesToScroll&quot;:1,&quot;speed&quot;:300,&quot;arrows&quot;:false,&quot;dots&quot;:false,&quot;autoplay&quot;:true,&quot;autoplaySpeed&quot;:3000,&quot;infinite&quot;:true,&quot;responsive&quot;:[{&quot;breakpoint&quot;:769,&quot;settings&quot;:{&quot;slidesToShow&quot;:1,&quot;slidesToScroll&quot;:1}}]}\">\n<div class=\"wp-block-cb-slide\">\n<figure class=\"wp-block-image size-large\"><img loading=\"lazy\" decoding=\"async\" width=\"1024\" height=\"683\" src=\"https:\/\/etxebetea.com\/wp-content\/uploads\/2025\/07\/IMG_9918-1024x683.jpg\" alt=\"\" class=\"wp-image-2045\" srcset=\"https:\/\/etxebetea.com\/wp-content\/uploads\/2025\/07\/IMG_9918-1024x683.jpg 1024w, https:\/\/etxebetea.com\/wp-content\/uploads\/2025\/07\/IMG_9918-300x200.jpg 300w, https:\/\/etxebetea.com\/wp-content\/uploads\/2025\/07\/IMG_9918-768x512.jpg 768w, https:\/\/etxebetea.com\/wp-content\/uploads\/2025\/07\/IMG_9918-1536x1024.jpg 1536w, https:\/\/etxebetea.com\/wp-content\/uploads\/2025\/07\/IMG_9918-2048x1365.jpg 2048w\" sizes=\"auto, (max-width: 1024px) 100vw, 1024px\" \/><\/figure>\n<\/div>\n\n\n\n<div class=\"wp-block-cb-slide\">\n<figure class=\"wp-block-image size-large\"><img loading=\"lazy\" decoding=\"async\" width=\"1024\" height=\"683\" src=\"https:\/\/etxebetea.com\/wp-content\/uploads\/2025\/07\/la-casa-llena-2024_18-1024x683.jpg\" alt=\"\" class=\"wp-image-2049\" srcset=\"https:\/\/etxebetea.com\/wp-content\/uploads\/2025\/07\/la-casa-llena-2024_18-1024x683.jpg 1024w, https:\/\/etxebetea.com\/wp-content\/uploads\/2025\/07\/la-casa-llena-2024_18-300x200.jpg 300w, https:\/\/etxebetea.com\/wp-content\/uploads\/2025\/07\/la-casa-llena-2024_18-768x512.jpg 768w, https:\/\/etxebetea.com\/wp-content\/uploads\/2025\/07\/la-casa-llena-2024_18-1536x1024.jpg 1536w, https:\/\/etxebetea.com\/wp-content\/uploads\/2025\/07\/la-casa-llena-2024_18-2048x1365.jpg 2048w\" sizes=\"auto, (max-width: 1024px) 100vw, 1024px\" \/><\/figure>\n<\/div>\n\n\n\n<div class=\"wp-block-cb-slide\">\n<figure class=\"wp-block-image size-large\"><img loading=\"lazy\" decoding=\"async\" width=\"1024\" height=\"576\" src=\"https:\/\/etxebetea.com\/wp-content\/uploads\/2025\/07\/etxe-ebtea-50-1024x576.jpg\" alt=\"\" class=\"wp-image-2078\" style=\"aspect-ratio:3\/2;object-fit:cover\" srcset=\"https:\/\/etxebetea.com\/wp-content\/uploads\/2025\/07\/etxe-ebtea-50-1024x576.jpg 1024w, https:\/\/etxebetea.com\/wp-content\/uploads\/2025\/07\/etxe-ebtea-50-300x169.jpg 300w, https:\/\/etxebetea.com\/wp-content\/uploads\/2025\/07\/etxe-ebtea-50-768x432.jpg 768w, https:\/\/etxebetea.com\/wp-content\/uploads\/2025\/07\/etxe-ebtea-50-1536x864.jpg 1536w, https:\/\/etxebetea.com\/wp-content\/uploads\/2025\/07\/etxe-ebtea-50-2048x1152.jpg 2048w\" sizes=\"auto, (max-width: 1024px) 100vw, 1024px\" \/><\/figure>\n<\/div>\n\n\n\n<div class=\"wp-block-cb-slide\">\n<figure class=\"wp-block-image size-large\"><img loading=\"lazy\" decoding=\"async\" width=\"1024\" height=\"684\" src=\"https:\/\/etxebetea.com\/wp-content\/uploads\/2024\/12\/galeria-nosotras-04-1024x684.jpg\" alt=\"\" class=\"wp-image-1239\" srcset=\"https:\/\/etxebetea.com\/wp-content\/uploads\/2024\/12\/galeria-nosotras-04-1024x684.jpg 1024w, https:\/\/etxebetea.com\/wp-content\/uploads\/2024\/12\/galeria-nosotras-04-300x200.jpg 300w, https:\/\/etxebetea.com\/wp-content\/uploads\/2024\/12\/galeria-nosotras-04-768x513.jpg 768w, https:\/\/etxebetea.com\/wp-content\/uploads\/2024\/12\/galeria-nosotras-04.jpg 1430w\" sizes=\"auto, (max-width: 1024px) 100vw, 1024px\" \/><\/figure>\n<\/div>\n\n\n\n<div class=\"wp-block-cb-slide\">\n<figure class=\"wp-block-image size-large\"><img loading=\"lazy\" decoding=\"async\" width=\"1024\" height=\"896\" src=\"https:\/\/etxebetea.com\/wp-content\/uploads\/2025\/07\/IMG_6092-1024x896.jpg\" alt=\"\" class=\"wp-image-2065\" style=\"aspect-ratio:3\/2;object-fit:cover\" srcset=\"https:\/\/etxebetea.com\/wp-content\/uploads\/2025\/07\/IMG_6092-1024x896.jpg 1024w, https:\/\/etxebetea.com\/wp-content\/uploads\/2025\/07\/IMG_6092-300x263.jpg 300w, https:\/\/etxebetea.com\/wp-content\/uploads\/2025\/07\/IMG_6092-768x672.jpg 768w, https:\/\/etxebetea.com\/wp-content\/uploads\/2025\/07\/IMG_6092-1536x1344.jpg 1536w, https:\/\/etxebetea.com\/wp-content\/uploads\/2025\/07\/IMG_6092-2048x1792.jpg 2048w\" sizes=\"auto, (max-width: 1024px) 100vw, 1024px\" \/><\/figure>\n<\/div>\n\n\n\n<div class=\"wp-block-cb-slide\">\n<figure class=\"wp-block-image size-large\"><img loading=\"lazy\" decoding=\"async\" width=\"1024\" height=\"682\" src=\"https:\/\/etxebetea.com\/wp-content\/uploads\/2024\/12\/galeria-nosotras-06-1024x682.jpg\" alt=\"\" class=\"wp-image-1245\" srcset=\"https:\/\/etxebetea.com\/wp-content\/uploads\/2024\/12\/galeria-nosotras-06-1024x682.jpg 1024w, https:\/\/etxebetea.com\/wp-content\/uploads\/2024\/12\/galeria-nosotras-06-300x200.jpg 300w, https:\/\/etxebetea.com\/wp-content\/uploads\/2024\/12\/galeria-nosotras-06-768x512.jpg 768w, https:\/\/etxebetea.com\/wp-content\/uploads\/2024\/12\/galeria-nosotras-06.jpg 1433w\" sizes=\"auto, (max-width: 1024px) 100vw, 1024px\" \/><\/figure>\n<\/div>\n\n\n\n<div class=\"wp-block-cb-slide\">\n<figure class=\"wp-block-image size-large\"><img loading=\"lazy\" decoding=\"async\" width=\"1024\" height=\"576\" src=\"https:\/\/etxebetea.com\/wp-content\/uploads\/2025\/07\/etxe-betea0-1024x576.jpg\" alt=\"\" class=\"wp-image-2069\" style=\"aspect-ratio:3\/2;object-fit:cover\" srcset=\"https:\/\/etxebetea.com\/wp-content\/uploads\/2025\/07\/etxe-betea0-1024x576.jpg 1024w, https:\/\/etxebetea.com\/wp-content\/uploads\/2025\/07\/etxe-betea0-300x169.jpg 300w, https:\/\/etxebetea.com\/wp-content\/uploads\/2025\/07\/etxe-betea0-768x432.jpg 768w, https:\/\/etxebetea.com\/wp-content\/uploads\/2025\/07\/etxe-betea0-1536x864.jpg 1536w, https:\/\/etxebetea.com\/wp-content\/uploads\/2025\/07\/etxe-betea0-2048x1152.jpg 2048w\" sizes=\"auto, (max-width: 1024px) 100vw, 1024px\" \/><\/figure>\n<\/div>\n\n\n\n<div class=\"wp-block-cb-slide\">\n<figure class=\"wp-block-image size-large\"><img loading=\"lazy\" decoding=\"async\" width=\"1024\" height=\"684\" src=\"https:\/\/etxebetea.com\/wp-content\/uploads\/2025\/07\/DSC00690-1024x684.jpg\" alt=\"\" class=\"wp-image-2098\" style=\"aspect-ratio:3\/2;object-fit:cover\" srcset=\"https:\/\/etxebetea.com\/wp-content\/uploads\/2025\/07\/DSC00690-1024x684.jpg 1024w, https:\/\/etxebetea.com\/wp-content\/uploads\/2025\/07\/DSC00690-300x200.jpg 300w, https:\/\/etxebetea.com\/wp-content\/uploads\/2025\/07\/DSC00690-768x513.jpg 768w, https:\/\/etxebetea.com\/wp-content\/uploads\/2025\/07\/DSC00690-1536x1026.jpg 1536w, https:\/\/etxebetea.com\/wp-content\/uploads\/2025\/07\/DSC00690-2048x1368.jpg 2048w\" sizes=\"auto, (max-width: 1024px) 100vw, 1024px\" \/><\/figure>\n<\/div>\n<\/div>\n\n\n\n<div style=\"height:10vh\" aria-hidden=\"true\" class=\"wp-block-spacer\"><\/div>\n\n\n\n<div class=\"wp-block-columns is-layout-flex wp-container-core-columns-is-layout-9d6595d7 wp-block-columns-is-layout-flex\">\n<div class=\"wp-block-column is-layout-flow wp-block-column-is-layout-flow\" style=\"flex-basis:40%\"><\/div>\n\n\n\n<div class=\"wp-block-column is-layout-flow wp-block-column-is-layout-flow\" style=\"flex-basis:60%\">\n<p>En Etxe Betea se establecen el di\u00e1logo y la transmisi\u00f3n de ideas y conocimiento como herramientas para impulsar la creatividad a partir de las habilidades y el talento colectivo.<\/p>\n<\/div>\n<\/div>\n\n\n\n<div style=\"height:10vh\" aria-hidden=\"true\" class=\"wp-block-spacer\"><\/div>\n\n\n\n<figure class=\"wp-block-image alignfull size-large\"><img loading=\"lazy\" decoding=\"async\" width=\"1024\" height=\"684\" src=\"https:\/\/etxebetea.com\/wp-content\/uploads\/2025\/07\/DSC03111-2-1024x684.jpg\" alt=\"\" class=\"wp-image-2135\" srcset=\"https:\/\/etxebetea.com\/wp-content\/uploads\/2025\/07\/DSC03111-2-1024x684.jpg 1024w, https:\/\/etxebetea.com\/wp-content\/uploads\/2025\/07\/DSC03111-2-300x200.jpg 300w, https:\/\/etxebetea.com\/wp-content\/uploads\/2025\/07\/DSC03111-2-768x513.jpg 768w, https:\/\/etxebetea.com\/wp-content\/uploads\/2025\/07\/DSC03111-2-1536x1026.jpg 1536w, https:\/\/etxebetea.com\/wp-content\/uploads\/2025\/07\/DSC03111-2-2048x1368.jpg 2048w\" sizes=\"auto, (max-width: 1024px) 100vw, 1024px\" \/><\/figure>\n\n\n\n<div class=\"wp-block-group section-white\"><div class=\"wp-block-group__inner-container is-layout-constrained wp-block-group-is-layout-constrained\">\n<div style=\"height:20vh\" aria-hidden=\"true\" class=\"wp-block-spacer\"><\/div>\n\n\n\n<div class=\"wp-block-columns is-layout-flex wp-container-core-columns-is-layout-9d6595d7 wp-block-columns-is-layout-flex\">\n<div class=\"wp-block-column is-layout-flow wp-block-column-is-layout-flow\">\n<p class=\"has-larger-font-size\">Detr\u00e1s del proyecto Etxe Betea se encuentran Garazi Elorza, directora ejecutiva y Nerea Sciarra, coordinadora de las actividades y la gesti\u00f3n del espacio de creaci\u00f3n.<\/p>\n\n\n\n<div style=\"height:5vh\" aria-hidden=\"true\" class=\"wp-block-spacer\"><\/div>\n\n\n\n<div class=\"wp-block-columns is-layout-flex wp-container-core-columns-is-layout-9d6595d7 wp-block-columns-is-layout-flex\">\n<div class=\"wp-block-column is-layout-flow wp-block-column-is-layout-flow\" style=\"flex-basis:10%\"><\/div>\n\n\n\n<div class=\"wp-block-column is-layout-flow wp-block-column-is-layout-flow\" style=\"flex-basis:90%\">\n<figure class=\"wp-block-image alignfull size-full\"><img loading=\"lazy\" decoding=\"async\" width=\"697\" height=\"655\" src=\"https:\/\/etxebetea.com\/wp-content\/uploads\/2024\/12\/nerea-sciarra.jpg\" alt=\"Nerea Sciarra\" class=\"wp-image-972\" srcset=\"https:\/\/etxebetea.com\/wp-content\/uploads\/2024\/12\/nerea-sciarra.jpg 697w, https:\/\/etxebetea.com\/wp-content\/uploads\/2024\/12\/nerea-sciarra-300x282.jpg 300w\" sizes=\"auto, (max-width: 697px) 100vw, 697px\" \/><\/figure>\n\n\n\n<p>Nerea Sciarra<\/p>\n<\/div>\n<\/div>\n\n\n\n<div class=\"wp-block-group\"><div class=\"wp-block-group__inner-container is-layout-constrained wp-block-group-is-layout-constrained\"><\/div><\/div>\n<\/div>\n\n\n\n<div class=\"wp-block-column is-layout-flow wp-block-column-is-layout-flow\">\n<div class=\"wp-block-columns is-layout-flex wp-container-core-columns-is-layout-9d6595d7 wp-block-columns-is-layout-flex\">\n<div class=\"wp-block-column is-layout-flow wp-block-column-is-layout-flow\" style=\"flex-basis:10%\"><\/div>\n\n\n\n<div class=\"wp-block-column is-layout-flow wp-block-column-is-layout-flow\" style=\"flex-basis:90%\">\n<figure class=\"wp-block-image alignfull size-full\"><img loading=\"lazy\" decoding=\"async\" width=\"697\" height=\"655\" src=\"https:\/\/etxebetea.com\/wp-content\/uploads\/2024\/12\/garazi-elorza.jpg\" alt=\"Garazi Elorza\" class=\"wp-image-1123\" srcset=\"https:\/\/etxebetea.com\/wp-content\/uploads\/2024\/12\/garazi-elorza.jpg 697w, https:\/\/etxebetea.com\/wp-content\/uploads\/2024\/12\/garazi-elorza-300x282.jpg 300w\" sizes=\"auto, (max-width: 697px) 100vw, 697px\" \/><\/figure>\n\n\n\n<p>Garazi Elorza<\/p>\n<\/div>\n<\/div>\n<\/div>\n<\/div>\n\n\n\n<div style=\"height:5vh\" aria-hidden=\"true\" class=\"wp-block-spacer\"><\/div>\n\n\n\n<h3 class=\"wp-block-heading\">Colaboraciones y apoyos<\/h3>\n\n\n\n<div class=\"wp-block-columns is-layout-flex wp-container-core-columns-is-layout-9d6595d7 wp-block-columns-is-layout-flex\">\n<div class=\"wp-block-column is-layout-flow wp-block-column-is-layout-flow\" style=\"flex-basis:85%\">\n<p>Actualmente, la fundaci\u00f3n Basque Know How Fundazioa (BKHF) lidera el proyecto. Constituida en 2007, trabaja para promover, realizar, apoyar y financiar las buenas pr\u00e1cticas, saber hacer, las experiencias positivas y procedimientos exitosos de las diversas entidades vascas tanto p\u00fablicas como privadas, en todos los \u00e1mbitos de actuaci\u00f3n (cultural, deportivo, empresarial, educativo y sanitario), incorporando la perspectiva de g\u00e9nero y apoyando proyectos innovadores.<\/p>\n\n\n\n<p>En 2022, el espacio Etxe Betea fue impulsado por la productora independiente y feminista Gariza Films, creada por la cineasta Lara Izagirre Garizurieta, que trabaja con el objetivo de producir pel\u00edculas vascas de alcance internacional. Tras sus 5 exitosas convocatorias, a partir de 2025 Gariza decide externalizar esta actividad no lucrativa a la fundaci\u00f3n BKHF, y seguir colaborando con la misma para el desarrollo de la actividad de Etxe Betea. De esta forma, surge la alianza entre Gariza Films y Basque Know How Fundazioa.<\/p>\n\n\n\n<p>Adem\u00e1s, el proyecto Etxe Betea cuenta con el apoyo de entidades vascas como BBK, Diputaci\u00f3n Foral de Bizkaia y el Ayuntamiento de Bilbao.<\/p>\n<\/div>\n\n\n\n<div class=\"wp-block-column is-layout-flow wp-block-column-is-layout-flow\" style=\"flex-basis:15%\"><\/div>\n<\/div>\n\n\n\n<div style=\"height:5vh\" aria-hidden=\"true\" class=\"wp-block-spacer\"><\/div>\n<\/div><\/div>\n\n\n\n<hr class=\"wp-block-separator alignfull has-text-color has-alpha-channel-opacity has-background is-style-wide\" style=\"background-color:#000000;color:#000000\"\/>\n\n\n\n<div class=\"wp-block-group is-content-justification-space-between is-nowrap is-layout-flex wp-container-core-group-is-layout-0dfbf163 wp-block-group-is-layout-flex\">\n<figure class=\"wp-block-image size-large\"><img loading=\"lazy\" decoding=\"async\" width=\"195\" height=\"117\" src=\"https:\/\/etxebetea.com\/wp-content\/uploads\/2024\/12\/logo-basque-know-how-fundazioa.svg\" alt=\"\" class=\"wp-image-864\"\/><\/figure>\n\n\n\n<figure class=\"wp-block-image size-large\"><img loading=\"lazy\" decoding=\"async\" width=\"298\" height=\"61\" src=\"https:\/\/etxebetea.com\/wp-content\/uploads\/2024\/12\/logo-gariza.svg\" alt=\"\" class=\"wp-image-861\"\/><\/figure>\n\n\n\n<figure class=\"wp-block-image size-large\"><img loading=\"lazy\" decoding=\"async\" width=\"228\" height=\"65\" src=\"https:\/\/etxebetea.com\/wp-content\/uploads\/2024\/12\/logo-bbk.svg\" alt=\"\" class=\"wp-image-858\"\/><\/figure>\n\n\n\n<figure class=\"wp-block-image size-full is-resized\"><img decoding=\"async\" src=\"https:\/\/etxebetea.com\/wp-content\/uploads\/2026\/01\/dipu-bizkaia-1.svg\" alt=\"\" class=\"wp-image-2420\" style=\"width:170px;height:auto\"\/><\/figure>\n\n\n\n<figure class=\"wp-block-image size-full is-resized\"><img loading=\"lazy\" decoding=\"async\" width=\"642\" height=\"355\" src=\"https:\/\/etxebetea.com\/wp-content\/uploads\/2025\/07\/AYUNTAMIENTO-DE-BILBAO_Monocromo-Gris-Ca\u0301lido-3.png\" alt=\"\" class=\"wp-image-2036\" style=\"width:170px;height:auto\" srcset=\"https:\/\/etxebetea.com\/wp-content\/uploads\/2025\/07\/AYUNTAMIENTO-DE-BILBAO_Monocromo-Gris-Ca\u0301lido-3.png 642w, https:\/\/etxebetea.com\/wp-content\/uploads\/2025\/07\/AYUNTAMIENTO-DE-BILBAO_Monocromo-Gris-Ca\u0301lido-3-300x166.png 300w\" sizes=\"auto, (max-width: 642px) 100vw, 642px\" \/><\/figure>\n<\/div>\n\n\n\n<div style=\"height:1.65em\" aria-hidden=\"true\" class=\"wp-block-spacer\"><\/div>\n\n\n\n<div class=\"wp-block-columns alignfull cta-footer-cols is-layout-flex wp-container-core-columns-is-layout-9d6595d7 wp-block-columns-is-layout-flex\">\n<div class=\"wp-block-column is-layout-flow wp-block-column-is-layout-flow\">\n<div class=\"wp-block-cover alignfull has-custom-content-position is-position-top-center cta-footer cta-footer--globe\" style=\"min-height:100vh;aspect-ratio:unset;\"><img loading=\"lazy\" decoding=\"async\" width=\"683\" height=\"1024\" class=\"wp-block-cover__image-background wp-image-2095 size-large\" alt=\"\" src=\"https:\/\/etxebetea.com\/wp-content\/uploads\/2025\/07\/Residencia-internacional-2024_32-683x1024.jpg\" data-object-fit=\"cover\" srcset=\"https:\/\/etxebetea.com\/wp-content\/uploads\/2025\/07\/Residencia-internacional-2024_32-683x1024.jpg 683w, https:\/\/etxebetea.com\/wp-content\/uploads\/2025\/07\/Residencia-internacional-2024_32-200x300.jpg 200w, https:\/\/etxebetea.com\/wp-content\/uploads\/2025\/07\/Residencia-internacional-2024_32-768x1152.jpg 768w, https:\/\/etxebetea.com\/wp-content\/uploads\/2025\/07\/Residencia-internacional-2024_32-1024x1536.jpg 1024w, https:\/\/etxebetea.com\/wp-content\/uploads\/2025\/07\/Residencia-internacional-2024_32-1365x2048.jpg 1365w, https:\/\/etxebetea.com\/wp-content\/uploads\/2025\/07\/Residencia-internacional-2024_32-scaled.jpg 1707w\" sizes=\"auto, (max-width: 683px) 100vw, 683px\" \/><span aria-hidden=\"true\" class=\"wp-block-cover__background has-background-dim-0 has-background-dim\" style=\"background-color:#7b6c60\"><\/span><div class=\"wp-block-cover__inner-container is-layout-constrained wp-block-cover-is-layout-constrained\">\n<p class=\"cta-footer--link\"><a href=\"https:\/\/etxebetea.com\/es\/residencia-internacional\/\" data-type=\"page\" data-id=\"627\">Residencia internacional<\/a><\/p>\n<\/div><\/div>\n<\/div>\n\n\n\n<div class=\"wp-block-column is-layout-flow wp-block-column-is-layout-flow\">\n<div class=\"wp-block-cover alignfull is-light has-custom-content-position is-position-top-center cta-footer cta-footer--door\" style=\"min-height:100vh;aspect-ratio:unset;\"><img loading=\"lazy\" decoding=\"async\" width=\"960\" height=\"1066\" class=\"wp-block-cover__image-background wp-image-805\" alt=\"\" src=\"https:\/\/etxebetea.com\/wp-content\/uploads\/2024\/12\/footer_una-habitacion-propia.jpg\" data-object-fit=\"cover\" srcset=\"https:\/\/etxebetea.com\/wp-content\/uploads\/2024\/12\/footer_una-habitacion-propia.jpg 960w, https:\/\/etxebetea.com\/wp-content\/uploads\/2024\/12\/footer_una-habitacion-propia-270x300.jpg 270w, https:\/\/etxebetea.com\/wp-content\/uploads\/2024\/12\/footer_una-habitacion-propia-922x1024.jpg 922w, https:\/\/etxebetea.com\/wp-content\/uploads\/2024\/12\/footer_una-habitacion-propia-768x853.jpg 768w\" sizes=\"auto, (max-width: 960px) 100vw, 960px\" \/><span aria-hidden=\"true\" class=\"wp-block-cover__background has-background-dim-0 has-background-dim\" style=\"background-color:#a59d95\"><\/span><div class=\"wp-block-cover__inner-container is-layout-constrained wp-block-cover-is-layout-constrained\">\n<p class=\"cta-footer--link\"><a href=\"https:\/\/etxebetea.com\/es\/una-habitacion-propia\/\" data-type=\"page\" data-id=\"623\">Una habitaci\u00f3n propia<\/a><\/p>\n<\/div><\/div>\n<\/div>\n<\/div>\n","protected":false},"excerpt":{"rendered":"<p>Nosotras Es un \u00e1rea de trabajo \u00edntimo, cercano y feminista que acoge desde 2022 iniciativas de apoyo a la creaci\u00f3n y que promueve la emergencia de nuevos talentos y la creaci\u00f3n cinematogr\u00e1fica en euskera. En Etxe Betea se establecen el di\u00e1logo y la transmisi\u00f3n de ideas y conocimiento como herramientas para impulsar la creatividad a [&hellip;]<\/p>\n","protected":false},"author":1,"featured_media":0,"parent":0,"menu_order":0,"comment_status":"closed","ping_status":"closed","template":"","meta":{"_acf_changed":false,"inline_featured_image":false,"_genesis_hide_title":true,"_genesis_hide_breadcrumbs":false,"_genesis_hide_singular_image":false,"_genesis_hide_footer_widgets":false,"_genesis_custom_body_class":"bg-purple","_genesis_custom_post_class":"","_genesis_layout":"","footnotes":""},"class_list":{"0":"post-629","1":"page","2":"type-page","3":"status-publish","5":"entry","6":"has-post-thumbnail"},"acf":[],"_links":{"self":[{"href":"https:\/\/etxebetea.com\/es\/wp-json\/wp\/v2\/pages\/629","targetHints":{"allow":["GET"]}}],"collection":[{"href":"https:\/\/etxebetea.com\/es\/wp-json\/wp\/v2\/pages"}],"about":[{"href":"https:\/\/etxebetea.com\/es\/wp-json\/wp\/v2\/types\/page"}],"author":[{"embeddable":true,"href":"https:\/\/etxebetea.com\/es\/wp-json\/wp\/v2\/users\/1"}],"replies":[{"embeddable":true,"href":"https:\/\/etxebetea.com\/es\/wp-json\/wp\/v2\/comments?post=629"}],"version-history":[{"count":44,"href":"https:\/\/etxebetea.com\/es\/wp-json\/wp\/v2\/pages\/629\/revisions"}],"predecessor-version":[{"id":2430,"href":"https:\/\/etxebetea.com\/es\/wp-json\/wp\/v2\/pages\/629\/revisions\/2430"}],"wp:attachment":[{"href":"https:\/\/etxebetea.com\/es\/wp-json\/wp\/v2\/media?parent=629"}],"curies":[{"name":"wp","href":"https:\/\/api.w.org\/{rel}","templated":true}]}}