{"id":783,"date":"2024-12-19T10:39:03","date_gmt":"2024-12-19T09:39:03","guid":{"rendered":"https:\/\/etxebetea.com\/?page_id=783"},"modified":"2026-02-23T10:58:17","modified_gmt":"2026-02-23T09:58:17","slug":"nerea-sciarra","status":"publish","type":"page","link":"https:\/\/etxebetea.com\/es\/nerea-sciarra\/","title":{"rendered":"Nerea Sciarra"},"content":{"rendered":"\n<div class=\"wp-block-columns are-vertically-aligned-center cabecera--small is-layout-flex wp-container-core-columns-is-layout-9d6595d7 wp-block-columns-is-layout-flex\" id=\"cabecera\">\n<div class=\"wp-block-column is-vertically-aligned-center is-layout-flow wp-block-column-is-layout-flow\" style=\"flex-basis:45%\">\n<figure class=\"wp-block-image alignfull size-full\"><img loading=\"lazy\" decoding=\"async\" width=\"697\" height=\"655\" src=\"https:\/\/etxebetea.com\/wp-content\/uploads\/2024\/12\/nerea-sciarra.jpg\" alt=\"Nerea Sciarra\" class=\"wp-image-972\" srcset=\"https:\/\/etxebetea.com\/wp-content\/uploads\/2024\/12\/nerea-sciarra.jpg 697w, https:\/\/etxebetea.com\/wp-content\/uploads\/2024\/12\/nerea-sciarra-300x282.jpg 300w\" sizes=\"auto, (max-width: 697px) 100vw, 697px\" \/><\/figure>\n<\/div>\n\n\n\n<div class=\"wp-block-column is-vertically-aligned-center is-layout-flow wp-block-column-is-layout-flow\" style=\"flex-basis:55%\">\n<h1 class=\"wp-block-heading\">Nerea Sciarra<\/h1>\n\n\n\n<p class=\"link-arrow\"><a href=\"https:\/\/etxebetea.com\/es\/elkarrekin-sortzen\/\" data-type=\"page\" data-id=\"625\">Elkarrekin Sortzen<\/a><\/p>\n<\/div>\n<\/div>\n\n\n\n<div style=\"height:5vh\" aria-hidden=\"true\" class=\"wp-block-spacer\"><\/div>\n\n\n\n<div class=\"wp-block-columns is-layout-flex wp-container-core-columns-is-layout-9d6595d7 wp-block-columns-is-layout-flex\">\n<div class=\"wp-block-column is-layout-flow wp-block-column-is-layout-flow\" style=\"flex-basis:10%\"><\/div>\n\n\n\n<div class=\"wp-block-column is-layout-flow wp-block-column-is-layout-flow\" style=\"flex-basis:90%\">\n<p><br>Nerea Sciarra (Italia, 1995) se gradu\u00f3 en Comunicaci\u00f3n Audiovisual y realiz\u00f3 un m\u00e1ster en Arte Contempor\u00e1neo Tecnol\u00f3gico y Performativo en la Universidad del Pa\u00eds Vasco. Desarrolla su trabajo en el cine, la comunicaci\u00f3n y el dise\u00f1o.<\/p>\n\n\n\n<p>Empieza trabajando como directora art\u00edstica en varios cortometrajes y spots publicitarios. Tras estos primeros trabajos, dirige y realiza piezas audiovisuales propias como M\u00e1rmol negro (2019) o Io, le case e loro (2019).<\/p>\n\n\n\n<p>En 2021 su proyecto Pomo d\u2019oro viene seleccionado en el programa de mentor\u00edas AUKERA organizado por la asociaci\u00f3n (H)emen y un a\u00f1o despu\u00e9s en el residencia Hemendik en Bayona (Francia). En 2022 el proyecto Pomo d\u2019oro forma parte del grupo de trabajo Elkarrekin Sortzen llevado a cabo desde Etxe Betea.\u00a0<\/p>\n<\/div>\n<\/div>\n\n\n\n<div style=\"height:10vh\" aria-hidden=\"true\" class=\"wp-block-spacer\"><\/div>\n\n\n\n<div id=\"block-marquee-block_3d6c3c05f348e3aef78977b86b6ceb76\" class=\"cc-block-marquee alignfull\" >\n\n    <div class=\"cc-block-marquee-wrapper\">\n\n        <a href=\"https:\/\/etxebetea.com\/es\/\" >Vuelve al inicio de ETXE BETEA<\/a>\n\n    <\/div><!-- .cc-block-marquee-wrapper -->\n<\/div>","protected":false},"excerpt":{"rendered":"<p>Nerea Sciarra Elkarrekin Sortzen Nerea Sciarra (Italia, 1995) se gradu\u00f3 en Comunicaci\u00f3n Audiovisual y realiz\u00f3 un m\u00e1ster en Arte Contempor\u00e1neo Tecnol\u00f3gico y Performativo en la Universidad del Pa\u00eds Vasco. Desarrolla su trabajo en el cine, la comunicaci\u00f3n y el dise\u00f1o. Empieza trabajando como directora art\u00edstica en varios cortometrajes y spots publicitarios. Tras estos primeros trabajos, [&hellip;]<\/p>\n","protected":false},"author":1,"featured_media":0,"parent":0,"menu_order":0,"comment_status":"closed","ping_status":"closed","template":"","meta":{"_acf_changed":false,"inline_featured_image":false,"_genesis_hide_title":true,"_genesis_hide_breadcrumbs":false,"_genesis_hide_singular_image":false,"_genesis_hide_footer_widgets":false,"_genesis_custom_body_class":"","_genesis_custom_post_class":"","_genesis_layout":"","footnotes":""},"class_list":{"0":"post-783","1":"page","2":"type-page","3":"status-publish","5":"entry"},"acf":[],"_links":{"self":[{"href":"https:\/\/etxebetea.com\/es\/wp-json\/wp\/v2\/pages\/783","targetHints":{"allow":["GET"]}}],"collection":[{"href":"https:\/\/etxebetea.com\/es\/wp-json\/wp\/v2\/pages"}],"about":[{"href":"https:\/\/etxebetea.com\/es\/wp-json\/wp\/v2\/types\/page"}],"author":[{"embeddable":true,"href":"https:\/\/etxebetea.com\/es\/wp-json\/wp\/v2\/users\/1"}],"replies":[{"embeddable":true,"href":"https:\/\/etxebetea.com\/es\/wp-json\/wp\/v2\/comments?post=783"}],"version-history":[{"count":8,"href":"https:\/\/etxebetea.com\/es\/wp-json\/wp\/v2\/pages\/783\/revisions"}],"predecessor-version":[{"id":1215,"href":"https:\/\/etxebetea.com\/es\/wp-json\/wp\/v2\/pages\/783\/revisions\/1215"}],"wp:attachment":[{"href":"https:\/\/etxebetea.com\/es\/wp-json\/wp\/v2\/media?parent=783"}],"curies":[{"name":"wp","href":"https:\/\/api.w.org\/{rel}","templated":true}]}}