{"id":908,"date":"2024-12-24T10:09:05","date_gmt":"2024-12-24T09:09:05","guid":{"rendered":"https:\/\/etxebetea.com\/?page_id=908"},"modified":"2024-12-27T14:45:06","modified_gmt":"2024-12-27T13:45:06","slug":"mikele-landa-eiguren","status":"publish","type":"page","link":"https:\/\/etxebetea.com\/es\/mikele-landa-eiguren\/","title":{"rendered":"Mikele Landa Eiguren"},"content":{"rendered":"\n<div class=\"wp-block-columns are-vertically-aligned-center cabecera--small is-layout-flex wp-container-core-columns-is-layout-9d6595d7 wp-block-columns-is-layout-flex\" id=\"cabecera\">\n<div class=\"wp-block-column is-vertically-aligned-center is-layout-flow wp-block-column-is-layout-flow\" style=\"flex-basis:45%\">\n<figure class=\"wp-block-image alignfull size-full\"><img loading=\"lazy\" decoding=\"async\" width=\"513\" height=\"513\" src=\"https:\/\/etxebetea.com\/wp-content\/uploads\/2024\/05\/mikele-landa-2.jpg\" alt=\"Mikele Landa\" class=\"wp-image-521\" srcset=\"https:\/\/etxebetea.com\/wp-content\/uploads\/2024\/05\/mikele-landa-2.jpg 513w, https:\/\/etxebetea.com\/wp-content\/uploads\/2024\/05\/mikele-landa-2-300x300.jpg 300w, https:\/\/etxebetea.com\/wp-content\/uploads\/2024\/05\/mikele-landa-2-150x150.jpg 150w, https:\/\/etxebetea.com\/wp-content\/uploads\/2024\/05\/mikele-landa-2-75x75.jpg 75w\" sizes=\"auto, (max-width: 513px) 100vw, 513px\" \/><\/figure>\n<\/div>\n\n\n\n<div class=\"wp-block-column is-vertically-aligned-center is-layout-flow wp-block-column-is-layout-flow\" style=\"flex-basis:55%\">\n<h1 class=\"wp-block-heading\">Mikele Landa Eiguren<\/h1>\n\n\n\n<p class=\"link-arrow\"><a href=\"https:\/\/etxebetea.com\/es\/una-habitacion-propia\/\" data-type=\"page\" data-id=\"623\">Una habitaci\u00f3n propia<\/a><\/p>\n\n\n\n<p class=\"link-arrow\"><a href=\"https:\/\/etxebetea.com\/elkarrekin-sortzen\/\" data-type=\"page\" data-id=\"625\">Elkarrekin Sortzen<\/a><\/p>\n<\/div>\n<\/div>\n\n\n\n<div style=\"height:5vh\" aria-hidden=\"true\" class=\"wp-block-spacer\"><\/div>\n\n\n\n<div class=\"wp-block-columns is-layout-flex wp-container-core-columns-is-layout-9d6595d7 wp-block-columns-is-layout-flex\">\n<div class=\"wp-block-column is-layout-flow wp-block-column-is-layout-flow\" style=\"flex-basis:10%\"><\/div>\n\n\n\n<div class=\"wp-block-column is-layout-flow wp-block-column-is-layout-flow\" style=\"flex-basis:90%\">\n<p>Mikele Landa Eiguren (Bilbao, 1995) estudio el grado de Comunicaci\u00f3n Audiovisual en la UPV-EHU y la facultad de cine de la Universidad de Karlstad. Despu\u00e9s se especializ\u00f3 en Cine Documental y Experimental en la Escuela TAI de Madrid.<\/p>\n\n\n\n<p>Durante el curso 2021-2022 ha sido estudiante del postrado de Creaci\u00f3n en la El\u00edas Querejeta Zine Eskola.<\/p>\n\n\n\n<p>Su primer cortometraje Heldu fue presentado en Zinebi (2018) y gan\u00f3 el premio a mejor direcci\u00f3n en la Euskal Zine Bilera (2019). Ha colaborado con varias asociaciones en la creaci\u00f3n de piezas audio-visuales, como es el caso de Mali, 10 urtetan; pieza que film\u00f3 y dirigi\u00f3 en Mali (2019).<\/p>\n\n\n\n<p>Su \u00faltimo trabajo, Noizko basoa, ha sido recientemente estrenado en el Festival de Cine de San Sebastian y ha pasado por Zinebi y Punto de Vista. Adem\u00e1s de su trayectoria como cineasta, ha trabajado como periodista en EiTB y en el peri\u00f3dico Berria. Ahora trabaja en su primer largometraje, Senda, que ha sido part\u00edcipe de programas como Noka Mentoring, Elkarrekin Sortzen y Una Habitaci\u00f3n Propia.<\/p>\n<\/div>\n<\/div>\n\n\n\n<div style=\"height:10vh\" aria-hidden=\"true\" class=\"wp-block-spacer\"><\/div>\n\n\n\n<div id=\"block-marquee-block_e1907082c90169b3943dd133ddd7d5c5\" class=\"cc-block-marquee alignfull\" >\n\n    <div class=\"cc-block-marquee-wrapper\">\n\n        <a href=\"https:\/\/etxebetea.com\/es\/\" >Vuelve al inicio de ETXE BETEA<\/a>\n\n    <\/div><!-- .cc-block-marquee-wrapper -->\n<\/div>","protected":false},"excerpt":{"rendered":"<p>Mikele Landa Eiguren Una habitaci\u00f3n propia Elkarrekin Sortzen Mikele Landa Eiguren (Bilbao, 1995) estudio el grado de Comunicaci\u00f3n Audiovisual en la UPV-EHU y la facultad de cine de la Universidad de Karlstad. Despu\u00e9s se especializ\u00f3 en Cine Documental y Experimental en la Escuela TAI de Madrid. Durante el curso 2021-2022 ha sido estudiante del postrado [&hellip;]<\/p>\n","protected":false},"author":1,"featured_media":0,"parent":0,"menu_order":0,"comment_status":"closed","ping_status":"closed","template":"","meta":{"_acf_changed":false,"inline_featured_image":false,"_genesis_hide_title":true,"_genesis_hide_breadcrumbs":false,"_genesis_hide_singular_image":false,"_genesis_hide_footer_widgets":false,"_genesis_custom_body_class":"","_genesis_custom_post_class":"","_genesis_layout":"","footnotes":""},"class_list":{"0":"post-908","1":"page","2":"type-page","3":"status-publish","5":"entry"},"acf":[],"_links":{"self":[{"href":"https:\/\/etxebetea.com\/es\/wp-json\/wp\/v2\/pages\/908","targetHints":{"allow":["GET"]}}],"collection":[{"href":"https:\/\/etxebetea.com\/es\/wp-json\/wp\/v2\/pages"}],"about":[{"href":"https:\/\/etxebetea.com\/es\/wp-json\/wp\/v2\/types\/page"}],"author":[{"embeddable":true,"href":"https:\/\/etxebetea.com\/es\/wp-json\/wp\/v2\/users\/1"}],"replies":[{"embeddable":true,"href":"https:\/\/etxebetea.com\/es\/wp-json\/wp\/v2\/comments?post=908"}],"version-history":[{"count":9,"href":"https:\/\/etxebetea.com\/es\/wp-json\/wp\/v2\/pages\/908\/revisions"}],"predecessor-version":[{"id":1564,"href":"https:\/\/etxebetea.com\/es\/wp-json\/wp\/v2\/pages\/908\/revisions\/1564"}],"wp:attachment":[{"href":"https:\/\/etxebetea.com\/es\/wp-json\/wp\/v2\/media?parent=908"}],"curies":[{"name":"wp","href":"https:\/\/api.w.org\/{rel}","templated":true}]}}